{"id":922,"date":"2019-03-14T11:21:53","date_gmt":"2019-03-14T10:21:53","guid":{"rendered":"https:\/\/www.magnihill.se\/dk\/?page_id=922"},"modified":"2023-01-30T12:26:22","modified_gmt":"2023-01-30T11:26:22","slug":"okologisk-smoothie","status":"publish","type":"page","link":"https:\/\/www.magnihill.se\/dk\/opskrifter\/juice-smoothie\/okologisk-smoothie\/","title":{"rendered":"B\u00e6rmix med mango smoothie"},"content":{"rendered":"\n<h4 class=\"wp-block-heading\">Boost dine g\u00e6ster med optimal energi! \u201dDagens mest geniale start \u2013 eller opfriskning midt p\u00e5 dagen\u201d<\/h4>\n\n\n\n<h5 class=\"wp-block-heading\">Indhold til ca 1-1,5 lit<\/h5>\n\n\n\n<p>500 g Magnihill b\u00e6rmix med mango (jordb\u00e6r, havtorn, mango)<br>1 \u00f8kologisk banan (kan udelukkes)<br>2 dl \u00e6blejuice<br>2 dl vand<\/p>\n\n\n\n<h5 class=\"wp-block-heading\">G\u00f8r s\u00e5den her<\/h5>\n\n\n\n<p>Tag posen med den \u00f8kologiske b\u00e6rmix ud af fryseren ca. 15 min f\u00f8r brug og h\u00e6ld det i en blender. Tils\u00e6t inden brug ovenn\u00e6vnte ingredienser og blend til passende konsistens.<br>Nemmere og bedre bliver det ikke!<\/p>\n","protected":false},"excerpt":{"rendered":"<p>Boost dine g\u00e6ster med optimal energi! \u201dDagens mest geniale start \u2013 eller opfriskning midt p\u00e5 dagen\u201d Indhold til ca 1-1,5 lit 500 g Magnihill b\u00e6rmix med mango (jordb\u00e6r, havtorn, mango)1 \u00f8kologisk banan (kan udelukkes)2 dl \u00e6blejuice2 dl vand G\u00f8r s\u00e5den her Tag posen med den \u00f8kologiske b\u00e6rmix ud af fryseren ca. 15 min f\u00f8r brug og h\u00e6ld det i en blender. Tils\u00e6t inden brug ovenn\u00e6vnte ingredienser og blend til passende konsistens.Nemmere og bedre bliver det ikke!<\/p>\n","protected":false},"author":1,"featured_media":1704,"parent":815,"menu_order":0,"comment_status":"closed","ping_status":"closed","template":"","meta":{"footnotes":""},"class_list":["post-922","page","type-page","status-publish","has-post-thumbnail","hentry"],"aioseo_notices":[],"_links":{"self":[{"href":"https:\/\/www.magnihill.se\/dk\/wp-json\/wp\/v2\/pages\/922","targetHints":{"allow":["GET"]}}],"collection":[{"href":"https:\/\/www.magnihill.se\/dk\/wp-json\/wp\/v2\/pages"}],"about":[{"href":"https:\/\/www.magnihill.se\/dk\/wp-json\/wp\/v2\/types\/page"}],"author":[{"embeddable":true,"href":"https:\/\/www.magnihill.se\/dk\/wp-json\/wp\/v2\/users\/1"}],"replies":[{"embeddable":true,"href":"https:\/\/www.magnihill.se\/dk\/wp-json\/wp\/v2\/comments?post=922"}],"version-history":[{"count":0,"href":"https:\/\/www.magnihill.se\/dk\/wp-json\/wp\/v2\/pages\/922\/revisions"}],"up":[{"embeddable":true,"href":"https:\/\/www.magnihill.se\/dk\/wp-json\/wp\/v2\/pages\/815"}],"wp:featuredmedia":[{"embeddable":true,"href":"https:\/\/www.magnihill.se\/dk\/wp-json\/wp\/v2\/media\/1704"}],"wp:attachment":[{"href":"https:\/\/www.magnihill.se\/dk\/wp-json\/wp\/v2\/media?parent=922"}],"curies":[{"name":"wp","href":"https:\/\/api.w.org\/{rel}","templated":true}]}}