{"id":9,"date":"2009-11-27T08:52:09","date_gmt":"2009-11-27T07:52:09","guid":{"rendered":"http:\/\/www.magnihill.se\/dk\/?page_id=9"},"modified":"2024-11-07T14:19:29","modified_gmt":"2024-11-07T13:19:29","slug":"produktion","status":"publish","type":"page","link":"https:\/\/www.magnihill.se\/dk\/produktion\/","title":{"rendered":"Produktion"},"content":{"rendered":"<div class=\"wp-block-image\">\n<figure class=\"alignleft\"><img decoding=\"async\" src=\"http:\/\/magnihill.se\/wp-content\/uploads\/2017\/05\/18013260_821606014657069_8940992011750604800_n-290x290.jpg\" alt=\"\"\/><\/figure>\n<\/div>\n\n\n<p><strong>Det hele starter med et lille fr\u00f8&#8230;<\/strong><br>Hvert \u00e5r dyrkes, h\u00f8stes og leveres flere tusinde tons \u00e6rter og rodfrugter fra Magnihills G\u00e5rd. Disse r\u00e5varer har alle f\u00e5et de bedste betingelser for at opfylde kundens behov og \u00f8nsker. For at g\u00f8re dette muligt v\u00e6lger vi at v\u00e6re involveret i processen lige fra starten. Det hele starter med et lille fr\u00f8.<\/p>\n\n\n\n<p>Magnihill har kontraktlandbrug i Sk\u00e5ne, Blekinge, Halland, og Gotland for at d\u00e6kke markedets behov og hurtigt tilpasse h\u00f8sten til eftersp\u00f8rgslen. <\/p>\n\n\n<div class=\"wp-block-image\">\n<figure class=\"alignright\"><img decoding=\"async\" src=\"http:\/\/magnihill.se\/wp-content\/uploads\/2017\/05\/17662542_1313223625430765_8784827331580526592_n-290x290.jpg\" alt=\"\"\/><\/figure>\n<\/div>\n\n\n<h4 class=\"wp-block-heading\">Jordpr\u00f8ver og analyser<\/h4>\n\n\n\n<p>Inden vi underskriver en kontrakt med en avler, tager vi jordpr\u00f8ver og analyser for at styre h\u00f8sten i retning af optimale forhold og den h\u00f8jeste kvalitet. Efter analyserne f\u00e5r avleren papirarbejde, der viser, at jorden ikke indeholder for h\u00f8je niveauer af f.eks. nitrat. Vi v\u00e6lger ogs\u00e5 at v\u00e6re med i udv\u00e6lgelsesprocessen med hensyn til, hvilket fr\u00f8 der er bedst egnet til jorden. Disse fr\u00f8 k\u00f8bes via Magnihill. Gennem dette kvalitetsarbejde kan vores produkter spores hele vejen tilbage til fr\u00f8ets oprindelse.<\/p>\n\n\n\n<h4 class=\"wp-block-heading\">Produktion<\/h4>\n\n\n\n<p>Magnihill s\u00f8rger for transporten mellem avleren og Magnihill. N\u00e5r r\u00e5varen leveres til Magnihill, gennemg\u00e5r den en r\u00e6kke trin og kvalitetskontroller: vejning og st\u00f8rrelseskontrol, stenseparation, vask og eventuel skr\u00e6lning.<br>Derefter passerer r\u00e5varen gennem fabrikken og blancheres, hvorefter den deles, sk\u00e6res i tern eller sk\u00e6res i skiver. Produktet gennemg\u00e5r derefter metaldetektion og fryses derefter ned. Hele tiden overv\u00e5ges for\u00e6dlingsprocessen af tr\u00e6nede \u00f8jne og l\u00f8bende manuel kontrol.<\/p>\n\n\n\n<p>Herefter pakkes og m\u00e6rkes produktet til opbevaring i vores k\u00f8lerum eller til levering direkte til vores kunder.<\/p>\n\n\n\n<h4 class=\"wp-block-heading\">B\u00e6redygtig produktion baseret p\u00e5 samarbejde<\/h4>\n\n\n\n<p>Ud over kontraktlandbrug i Sverige har Magnihill t\u00e6tte og langsigtede partnerskaber med udenlandske producenter og leverand\u00f8rer. Magnihill importerer b\u00e6r, frugt og gr\u00f8ntsager der, hvor r\u00e5varen vokser bedst og fra omr\u00e5der med h\u00f8j kvalitet.<\/p>\n\n\n\n<h4 class=\"wp-block-heading\">Frosset er friskt. L\u00e6nge. <\/h4>\n\n\n\n<p>Alle vores r\u00e5varer, importerede eller svenske, fryses ned n\u00e5r de er bedst, s\u00e5 smag, duft, konsistens og n\u00e6ringsv\u00e6rdier bevares.<\/p>\n\n\n\n<p>Ved nedfrysning bliver kvaliteten, n\u00e6ringsstoffer og vitaminer l\u00e5st inde og bevarer derefter den samme h\u00f8je kvalitet flere m\u00e5neder senere, n\u00e5r du tager et produkt ud af fryseren.<\/p>\n\n\n\n<p>Friske produkter er sarte og kan let blive beskadiget under lange transporter.<br>Vores r\u00e5varer h\u00f8stes, n\u00e5r de er bedst, og f\u00e5r lov til at modne fuldt ud i jorden, p\u00e5 busken eller p\u00e5 planten. R\u00e5varerne transporteres til fabrikken og fryses ned. P\u00e5 den m\u00e5de bevares alt det gode hele vejen.<\/p>\n","protected":false},"excerpt":{"rendered":"<p>Det hele starter med et lille fr\u00f8&#8230;Hvert \u00e5r dyrkes, h\u00f8stes og leveres flere tusinde tons \u00e6rter og rodfrugter fra Magnihills G\u00e5rd. Disse r\u00e5varer har alle f\u00e5et de bedste betingelser for at opfylde kundens behov og \u00f8nsker. For at g\u00f8re dette muligt v\u00e6lger vi at v\u00e6re involveret i processen lige fra starten. Det hele starter med et lille fr\u00f8. Magnihill har kontraktlandbrug i Sk\u00e5ne, Blekinge, Halland, og Gotland for at d\u00e6kke markedets behov og hurtigt tilpasse h\u00f8sten til eftersp\u00f8rgslen. Jordpr\u00f8ver og analyser Inden vi underskriver en kontrakt med en avler, tager vi jordpr\u00f8ver og analyser for at styre h\u00f8sten i retning af optimale forhold og den h\u00f8jeste kvalitet. Efter analyserne f\u00e5r avleren papirarbejde, der viser, at jorden ikke indeholder for h\u00f8je niveauer af f.eks. nitrat. Vi v\u00e6lger ogs\u00e5 at v\u00e6re med i udv\u00e6lgelsesprocessen med hensyn til, [&hellip;]<\/p>\n","protected":false},"author":1,"featured_media":0,"parent":0,"menu_order":4,"comment_status":"closed","ping_status":"open","template":"","meta":{"_monsterinsights_skip_tracking":false,"_monsterinsights_sitenote_active":false,"_monsterinsights_sitenote_note":"","_monsterinsights_sitenote_category":0,"ngg_post_thumbnail":0,"footnotes":""},"class_list":["post-9","page","type-page","status-publish","hentry"],"aioseo_notices":[],"_links":{"self":[{"href":"https:\/\/www.magnihill.se\/dk\/wp-json\/wp\/v2\/pages\/9","targetHints":{"allow":["GET"]}}],"collection":[{"href":"https:\/\/www.magnihill.se\/dk\/wp-json\/wp\/v2\/pages"}],"about":[{"href":"https:\/\/www.magnihill.se\/dk\/wp-json\/wp\/v2\/types\/page"}],"author":[{"embeddable":true,"href":"https:\/\/www.magnihill.se\/dk\/wp-json\/wp\/v2\/users\/1"}],"replies":[{"embeddable":true,"href":"https:\/\/www.magnihill.se\/dk\/wp-json\/wp\/v2\/comments?post=9"}],"version-history":[{"count":1,"href":"https:\/\/www.magnihill.se\/dk\/wp-json\/wp\/v2\/pages\/9\/revisions"}],"predecessor-version":[{"id":2446,"href":"https:\/\/www.magnihill.se\/dk\/wp-json\/wp\/v2\/pages\/9\/revisions\/2446"}],"wp:attachment":[{"href":"https:\/\/www.magnihill.se\/dk\/wp-json\/wp\/v2\/media?parent=9"}],"curies":[{"name":"wp","href":"https:\/\/api.w.org\/{rel}","templated":true}]}}