{"id":7,"date":"2009-11-27T08:47:25","date_gmt":"2009-11-27T07:47:25","guid":{"rendered":"http:\/\/www.magnihill.se\/dk\/?page_id=7"},"modified":"2026-04-08T08:30:10","modified_gmt":"2026-04-08T07:30:10","slug":"miljo","status":"publish","type":"page","link":"https:\/\/www.magnihill.se\/dk\/miljo\/","title":{"rendered":"Kvalitet &#038; Milj\u00f8"},"content":{"rendered":"\n<figure class=\"wp-block-image\"><img loading=\"lazy\" decoding=\"async\" width=\"1476\" height=\"481\" src=\"https:\/\/www.magnihill.se\/dk\/wp-content\/uploads\/2020\/01\/miljo2.jpg\" alt=\"\" class=\"wp-image-1045\" srcset=\"https:\/\/www.magnihill.se\/dk\/wp-content\/uploads\/2020\/01\/miljo2.jpg 1476w, https:\/\/www.magnihill.se\/dk\/wp-content\/uploads\/2020\/01\/miljo2-800x261.jpg 800w, https:\/\/www.magnihill.se\/dk\/wp-content\/uploads\/2020\/01\/miljo2-1200x391.jpg 1200w, https:\/\/www.magnihill.se\/dk\/wp-content\/uploads\/2020\/01\/miljo2-250x81.jpg 250w, https:\/\/www.magnihill.se\/dk\/wp-content\/uploads\/2020\/01\/miljo2-1140x372.jpg 1140w\" sizes=\"auto, (max-width: 1476px) 100vw, 1476px\" \/><\/figure>\n\n\n\n<h2 class=\"wp-block-heading\">Kvalitet og\u00a0<span class=\"Y2IQFc\" lang=\"da\">b\u00e6redygtighed\u00a0<\/span><span style=\"font-size: revert; font-weight: revert;\">er i fokus p\u00e5 Magnihill<\/span><\/h2>\n\n\n\n<p>En stor del af vores produktion eksisterer af \u00f8kologisk dyrkede gr\u00f8ntsager, frugt og b\u00e6r, som blandt andet anvendes som ingredienser i babymad, f\u00e6rdigretter, drinks, pur\u00e9er og saucer. Det stiller store krav til kvaliteten og til milj\u00f8et i alle led \u2013 helt fra fr\u00f8 og dyrkning af r\u00e5varerne til produktion, indfrysning, oppakning og lager.<\/p>\n\n\n\n<p>Blandt andet kan du i vore produkter spore ingredienserne tilbage til den jord de er opdyrket i. For yderligere at kunne sikre sporbarheden i produkterne, er det ligeledes Magnihill, som bestiller og leverer fr\u00f8ene til landm\u00e6ndene.<\/p>\n\n\n\n<p>Vi har v\u00e6ret KRAV-certificeret <strong>siden 1994<\/strong>, og certificeringen d\u00e6kker hele vores anl\u00e6g. Det betyder, at vi i mange \u00e5r har arbejdet konsekvent med \u00f8kologisk produktion i overensstemmelse med h\u00f8je standarder for milj\u00f8, r\u00e5varer og ansvarlighed i hele forsyningsk\u00e6den.<\/p>\n\n\n\n<p>Omtanken med milj\u00f8et pr\u00e6ger hele vores produktion. En vigtig id\u00e9 hos Magnihill er, at intet skal g\u00e5 til spilde, f.eks. g\u00e5r vores organiske affald til at forbedre jorden p\u00e5 vores nabob\u00f8nders marker.<\/p>\n\n\n\n<h3 class=\"wp-block-heading\">Magnihill er Food Safety System Certification (FSSC) 22000 certificeret go EU-organic certificeret<\/h3>\n\n\n\n<p>Disse certificeringer stiller klare krav til b\u00e5de f\u00f8devaresikkerhed og kvalitet. Dette omfatter blandt andet:<\/p>\n\n\n\n<ul class=\"wp-block-list\">\n<li>Sporbarhed og overv\u00e5gning gennem hele produktionsk\u00e6den<\/li>\n\n\n\n<li>Kvalitetskontrol fire gange pr. vagt<\/li>\n\n\n\n<li>L\u00f8bende interne og eksterne revisioner \u00e5ret rundt<\/li>\n<\/ul>\n\n\n\n<p><strong><a href=\"https:\/\/www.magnihill.se\/dk\/wp-content\/uploads\/2025\/12\/Certifikat-FSSC-Magnihill-EN-exp-2028-11-26.pdf\" target=\"_blank\" rel=\"noopener\" title=\"\">Download FSSC certifikat \u00bb<\/a><\/strong><\/p>\n\n\n\n<figure class=\"wp-block-image is-resized size-thumbnail\"><img decoding=\"async\" src=\"https:\/\/magnihill.se\/wp-content\/uploads\/2024\/01\/EU_Organic_Logo_Colour_rgb-290x193.jpg\" alt=\"\" class=\"wp-image-12181\" style=\"width:130px\"\/><\/figure>\n\n\n\n<p><strong><a href=\"https:\/\/www.magnihill.se\/dk\/wp-content\/uploads\/2026\/04\/Certifikat-EU-EKO-Magnihill-EN-exp-2027-01-31.pdf\" target=\"_blank\" rel=\"noopener\" title=\"Ladda ned EU-ekologiskt certifikat \u00bb\">Download EU-organic certifikat \u00bb<\/a><\/strong><\/p>\n\n\n\n<figure class=\"wp-block-image size-large\"><img decoding=\"async\" src=\"https:\/\/magnihill.se\/wp-content\/bilder\/Logotyper\/KRAVny.jpg\" alt=\"\"\/><\/figure>\n\n\n\n<p><strong><a href=\"https:\/\/www.magnihill.se\/dk\/wp-content\/uploads\/2025\/10\/Certifikat-KRAV-Magnihill-EN-exp-2027-01-31.pdf\" target=\"_blank\" rel=\"noopener\" title=\"Download KRAV certifikat \u00bb\">Download KRAV certifikat \u00bb<\/a><\/strong><\/p>\n\n\n\n<h3 class=\"wp-block-heading\">Solcellepark p\u00e5 Magnihill g\u00e5rd<\/h3>\n\n\n\n<p>I 2022 blev der <a href=\"https:\/\/www.magnihill.se\/dk\/2022\/12\/solcellepark-pa-magnihill-gard\/\">installeret en solcellepark med ca. 2000 solceller p\u00e5 Magnihill g\u00e5rd<\/a>. Solcellerne vil producere ca. 1 GWh (1 million kWh) under normale vejrforhold. Det svarer til ca. 25 % af Magnihills \u00e5rlige forbrug p\u00e5 det nuv\u00e6rende niveau og svarer til ca. 50 villaer med elvarme (dvs. ikke fjernvarme, olie eller tr\u00e6). <a href=\"https:\/\/www.magnihill.se\/dk\/2022\/12\/solcellepark-pa-magnihill-gard\/\">L\u00e6s mere, klik her<\/a>.<\/p>\n\n\n\n<p>I august 2017 installerede vi en pelletkedel, og med det fjernede vi fossile br\u00e6ndstoffer som en del af vores store milj\u00f8indsats.<\/p>\n\n\n\n<p>Det faktum, at vi er certificeret i henhold til FSSC og KRAV, betyder blandt andet l\u00f8bende kvalitetskontroller og revisioner i l\u00f8bet af \u00e5ret.<\/p>\n\n\n\n<p>\u00a0<\/p>\n","protected":false},"excerpt":{"rendered":"<p>Kvalitet og\u00a0b\u00e6redygtighed\u00a0er i fokus p\u00e5 Magnihill En stor del af vores produktion eksisterer af \u00f8kologisk dyrkede gr\u00f8ntsager, frugt og b\u00e6r, som blandt andet anvendes som ingredienser i babymad, f\u00e6rdigretter, drinks, pur\u00e9er og saucer. Det stiller store krav til kvaliteten og til milj\u00f8et i alle led \u2013 helt fra fr\u00f8 og dyrkning af r\u00e5varerne til produktion, indfrysning, oppakning og lager. Blandt andet kan du i vore produkter spore ingredienserne tilbage til den jord de er opdyrket i. For yderligere at kunne sikre sporbarheden i produkterne, er det ligeledes Magnihill, som bestiller og leverer fr\u00f8ene til landm\u00e6ndene. Vi har v\u00e6ret KRAV-certificeret siden 1994, og certificeringen d\u00e6kker hele vores anl\u00e6g. Det betyder, at vi i mange \u00e5r har arbejdet konsekvent med \u00f8kologisk produktion i overensstemmelse med h\u00f8je standarder for milj\u00f8, r\u00e5varer og ansvarlighed i hele forsyningsk\u00e6den. Omtanken med [&hellip;]<\/p>\n","protected":false},"author":1,"featured_media":0,"parent":0,"menu_order":3,"comment_status":"closed","ping_status":"open","template":"","meta":{"footnotes":""},"class_list":["post-7","page","type-page","status-publish","hentry"],"aioseo_notices":[],"_links":{"self":[{"href":"https:\/\/www.magnihill.se\/dk\/wp-json\/wp\/v2\/pages\/7","targetHints":{"allow":["GET"]}}],"collection":[{"href":"https:\/\/www.magnihill.se\/dk\/wp-json\/wp\/v2\/pages"}],"about":[{"href":"https:\/\/www.magnihill.se\/dk\/wp-json\/wp\/v2\/types\/page"}],"author":[{"embeddable":true,"href":"https:\/\/www.magnihill.se\/dk\/wp-json\/wp\/v2\/users\/1"}],"replies":[{"embeddable":true,"href":"https:\/\/www.magnihill.se\/dk\/wp-json\/wp\/v2\/comments?post=7"}],"version-history":[{"count":11,"href":"https:\/\/www.magnihill.se\/dk\/wp-json\/wp\/v2\/pages\/7\/revisions"}],"predecessor-version":[{"id":2800,"href":"https:\/\/www.magnihill.se\/dk\/wp-json\/wp\/v2\/pages\/7\/revisions\/2800"}],"wp:attachment":[{"href":"https:\/\/www.magnihill.se\/dk\/wp-json\/wp\/v2\/media?parent=7"}],"curies":[{"name":"wp","href":"https:\/\/api.w.org\/{rel}","templated":true}]}}