{"id":6,"date":"2009-11-27T08:52:00","date_gmt":"2009-11-27T07:52:00","guid":{"rendered":"http:\/\/www.magnihill.se\/dk\/?page_id=6"},"modified":"2024-06-24T13:14:36","modified_gmt":"2024-06-24T12:14:36","slug":"produkter","status":"publish","type":"page","link":"https:\/\/www.magnihill.se\/dk\/produkter\/","title":{"rendered":"Vores sortiment"},"content":{"rendered":"<p>Vi kan levere vore gr\u00f8ntsager i hele stykker, tern, skiver, kl\u00f8vede eller i strimler og vore forpakninger kan variere fra containere, s\u00e6kke og kartoner til poser fra 0,3-2,5 kg.<\/p>\n<p><img loading=\"lazy\" decoding=\"async\" class=\"alignnone size-medium wp-image-1266\" src=\"https:\/\/www.magnihill.se\/dk\/wp-content\/uploads\/2021\/02\/ekosortiment_kommun-800x143.jpg\" alt=\"\" width=\"800\" height=\"143\" srcset=\"https:\/\/www.magnihill.se\/dk\/wp-content\/uploads\/2021\/02\/ekosortiment_kommun-800x143.jpg 800w, https:\/\/www.magnihill.se\/dk\/wp-content\/uploads\/2021\/02\/ekosortiment_kommun-250x45.jpg 250w, https:\/\/www.magnihill.se\/dk\/wp-content\/uploads\/2021\/02\/ekosortiment_kommun.jpg 920w\" sizes=\"auto, (max-width: 800px) 100vw, 800px\" \/><\/p>\n<ul class=\"child-pages\"><li class=\"page_item page-item-506\"><a href=\"https:\/\/www.magnihill.se\/dk\/produkter\/oko-konsumentposer\/\">Detail<\/a><\/li>\n<li class=\"page_item page-item-2258 page_item_has_children\"><a href=\"https:\/\/www.magnihill.se\/dk\/produkter\/foodservice\/\">Foodservice<\/a>\n<ul class='children'>\n\t<li class=\"page_item page-item-105\"><a href=\"https:\/\/www.magnihill.se\/dk\/produkter\/foodservice\/%c3%b8kologiske-produkter\/\">\u00d8kologiske produkter<\/a><\/li>\n\t<li class=\"page_item page-item-122\"><a href=\"https:\/\/www.magnihill.se\/dk\/produkter\/foodservice\/konventionel\/\">Konventionel produkter<\/a><\/li>\n<\/ul>\n<\/li>\n<li class=\"page_item page-item-2256\"><a href=\"https:\/\/www.magnihill.se\/dk\/produkter\/industri\/\">Industri<\/a><\/li>\n<\/ul>\n","protected":false},"excerpt":{"rendered":"<p>Vi kan levere vore gr\u00f8ntsager i hele stykker, tern, skiver, kl\u00f8vede eller i strimler og vore forpakninger kan variere fra containere, s\u00e6kke og kartoner til poser fra 0,3-2,5 kg.<\/p>\n","protected":false},"author":1,"featured_media":0,"parent":0,"menu_order":2,"comment_status":"closed","ping_status":"open","template":"","meta":{"footnotes":""},"class_list":["post-6","page","type-page","status-publish","hentry"],"aioseo_notices":[],"_links":{"self":[{"href":"https:\/\/www.magnihill.se\/dk\/wp-json\/wp\/v2\/pages\/6","targetHints":{"allow":["GET"]}}],"collection":[{"href":"https:\/\/www.magnihill.se\/dk\/wp-json\/wp\/v2\/pages"}],"about":[{"href":"https:\/\/www.magnihill.se\/dk\/wp-json\/wp\/v2\/types\/page"}],"author":[{"embeddable":true,"href":"https:\/\/www.magnihill.se\/dk\/wp-json\/wp\/v2\/users\/1"}],"replies":[{"embeddable":true,"href":"https:\/\/www.magnihill.se\/dk\/wp-json\/wp\/v2\/comments?post=6"}],"version-history":[{"count":1,"href":"https:\/\/www.magnihill.se\/dk\/wp-json\/wp\/v2\/pages\/6\/revisions"}],"predecessor-version":[{"id":2267,"href":"https:\/\/www.magnihill.se\/dk\/wp-json\/wp\/v2\/pages\/6\/revisions\/2267"}],"wp:attachment":[{"href":"https:\/\/www.magnihill.se\/dk\/wp-json\/wp\/v2\/media?parent=6"}],"curies":[{"name":"wp","href":"https:\/\/api.w.org\/{rel}","templated":true}]}}