{"id":53,"date":"2010-08-10T10:36:43","date_gmt":"2010-08-10T09:36:43","guid":{"rendered":"http:\/\/www.magnihill.se\/dk\/?page_id=53"},"modified":"2023-05-23T11:11:39","modified_gmt":"2023-05-23T10:11:39","slug":"vores-historie","status":"publish","type":"page","link":"https:\/\/www.magnihill.se\/dk\/firma\/vores-historie\/","title":{"rendered":"Vores historie"},"content":{"rendered":"\n<h5 class=\"wp-block-heading\">Magnihills g\u00e5rd i M\u00f6rarp i Sydsverige er blevet forvandlet fra et traditionelt landbrug (est 1957) til en specialist i forarbejdede gr\u00f8ntsager, b\u00e6r og frugt til industrien, catering og forbrugere. I dag er vi den eneste privatejede producent i Norden og har markedets bredeste sortiment af \u00f8kologiske og KRAV-godkendte frosne produkter fra planteriget.<\/h5>\n\n\n\n<h5 class=\"wp-block-heading\">Magnihill er privatejet og historien er som f\u00f8lger:<strong><br><\/strong><br>\u2013 1957 \u2013<\/h5>\n\n\n<div class=\"wp-block-image\">\n<figure class=\"aligncenter\"><img decoding=\"async\" src=\"http:\/\/magnihill.se\/wp-content\/bilder\/personal\/lennart8%25_web.gif\" alt=\"Lennart\" title=\"Lennart\"\/><\/figure>\n<\/div>\n\n\n<p class=\"has-text-align-center\"><em>Lennart Pehrsson<\/em><\/p>\n\n\n\n<p>Magnihill overtages i 1957 af den 18-\u00e5rige Lennart Pehrsson, som k\u00f8ber g\u00e5rden for en pris p\u00e5 SEK 142 500, hvilket p\u00e5 de tider var en anseelig sum og dermed ogs\u00e5 en konstant kilde til uro og d\u00e5rlig s\u00f8vn. Men Lennart ser potentialet i virksomheden og g\u00e5r ind til opgaven med fuldt engagement. Og da han i august 1959 succesrigt f\u00e5r sin f\u00f8rste kartoffelh\u00f8st i hus er grundlaget for nutidens Magnihill skabt.<\/p>\n\n\n\n<h3 class=\"wp-block-heading\">\u2013 1962 \u2013<\/h3>\n\n\n\n<p>I 1962 br\u00e6nder g\u00e5rdens kartoffellager ned til grunden og i stedet for at opbygge et nyt lager begynder Lennart at se sig om efter nye muligheder i nabolaget. I stedet for at bygge et nyt kartoffellager k\u00f8ber han i stedet en ny virksomhed ved at overtage ICA\u00b4s lokale kartoffelskr\u00e6lleri og begynder derefter at skr\u00e6lle egne kartofler p\u00e5 Magnihill.<\/p>\n\n\n<div class=\"wp-block-image\">\n<figure class=\"aligncenter\"><img loading=\"lazy\" decoding=\"async\" width=\"1200\" height=\"704\" src=\"https:\/\/www.magnihill.se\/dk\/wp-content\/uploads\/2020\/04\/Magnihill-personalen-v\u00e5ren-1969-nr-2-mer-av-lastbilen-syns-1200x704.jpg\" alt=\"\" class=\"wp-image-1104\" srcset=\"https:\/\/www.magnihill.se\/dk\/wp-content\/uploads\/2020\/04\/Magnihill-personalen-v\u00e5ren-1969-nr-2-mer-av-lastbilen-syns-1200x704.jpg 1200w, https:\/\/www.magnihill.se\/dk\/wp-content\/uploads\/2020\/04\/Magnihill-personalen-v\u00e5ren-1969-nr-2-mer-av-lastbilen-syns-800x470.jpg 800w, https:\/\/www.magnihill.se\/dk\/wp-content\/uploads\/2020\/04\/Magnihill-personalen-v\u00e5ren-1969-nr-2-mer-av-lastbilen-syns-250x147.jpg 250w, https:\/\/www.magnihill.se\/dk\/wp-content\/uploads\/2020\/04\/Magnihill-personalen-v\u00e5ren-1969-nr-2-mer-av-lastbilen-syns-1536x902.jpg 1536w, https:\/\/www.magnihill.se\/dk\/wp-content\/uploads\/2020\/04\/Magnihill-personalen-v\u00e5ren-1969-nr-2-mer-av-lastbilen-syns-1140x669.jpg 1140w, https:\/\/www.magnihill.se\/dk\/wp-content\/uploads\/2020\/04\/Magnihill-personalen-v\u00e5ren-1969-nr-2-mer-av-lastbilen-syns.jpg 2000w\" sizes=\"auto, (max-width: 1200px) 100vw, 1200px\" \/><\/figure>\n<\/div>\n\n\n<p class=\"has-text-align-center\"><em>Magnihill 1969<\/em><\/p>\n\n\n\n<h3 class=\"wp-block-heading\">\u2013 1974 \u2013<\/h3>\n\n\n\n<p>I 1974 kom det f\u00f8rste fryseanl\u00e6g p\u00e5 plads p\u00e5 Magnihill og hermed var Lennart for alvor i gang med udviklingen af nutidens Magnihill, som en producent af dybfrosne gr\u00f8ntsager.<\/p>\n\n\n\n<p class=\"has-text-align-center\"><img loading=\"lazy\" decoding=\"async\" class=\"alignnone wp-image-1108 size-large\" src=\"https:\/\/www.magnihill.se\/dk\/wp-content\/uploads\/2020\/04\/Magnihill-personalen-1976-1200x737.jpg\" alt=\"\" width=\"1140\" height=\"700\" srcset=\"https:\/\/www.magnihill.se\/dk\/wp-content\/uploads\/2020\/04\/Magnihill-personalen-1976-1200x737.jpg 1200w, https:\/\/www.magnihill.se\/dk\/wp-content\/uploads\/2020\/04\/Magnihill-personalen-1976-800x492.jpg 800w, https:\/\/www.magnihill.se\/dk\/wp-content\/uploads\/2020\/04\/Magnihill-personalen-1976-250x154.jpg 250w, https:\/\/www.magnihill.se\/dk\/wp-content\/uploads\/2020\/04\/Magnihill-personalen-1976-1536x944.jpg 1536w, https:\/\/www.magnihill.se\/dk\/wp-content\/uploads\/2020\/04\/Magnihill-personalen-1976-1140x701.jpg 1140w, https:\/\/www.magnihill.se\/dk\/wp-content\/uploads\/2020\/04\/Magnihill-personalen-1976.jpg 2000w\" sizes=\"auto, (max-width: 1140px) 100vw, 1140px\" \/><br><em>Magnihill 1974<\/em><\/p>\n\n\n\n<h3 class=\"wp-block-heading\">\u2013 1992 \u2013<\/h3>\n\n\n<div class=\"wp-block-image\">\n<figure class=\"aligncenter\"><img decoding=\"async\" src=\"http:\/\/magnihill.se\/wp-content\/bilder\/personal\/wivecany.jpg\" alt=\"Wiveca\" title=\"Wiveca\"\/><\/figure>\n<\/div>\n\n\n<p class=\"has-text-align-center\"><em>Wiveca P. Almgren, CEO<\/em><\/p>\n\n\n\n<p class=\"has-text-align-left\">Som 20-\u00e5rig kommer Lennarts datter Wiveca, i dag virksomhedens ejer og administrerende direkt\u00f8r, hjem til Magnihill for at begynde at arbejde i virksomheden. Herefter begynder en seri\u00f8s investering i \u00e6rter og andre gr\u00f8ntsager og sortimentsportef\u00f8ljen er efterf\u00f8lgende steget meget.<\/p>\n\n\n\n<h3 class=\"wp-block-heading\">\u2013 1997 \u2013<strong><br><\/strong><\/h3>\n\n\n\n<p>I 1997 oph\u00f8rte skr\u00e6lleriet og en vandfabrik til produktion af kildevand p\u00e5 flaske bliver bygget p\u00e5 stedet. Den gode vandkvalitet medf\u00f8rer herefter 2 guldmedaljer for verdens bedste kvalitet af kildevand. Det er ligeledes den kvalitet af vand, som Magnihill anvender til produktion af dybfrosne gr\u00f8ntsager, hvilket ogs\u00e5 er med til at h\u00e6ve kvaliteten af Magnihills produkter.<\/p>\n\n\n\n<h3 class=\"wp-block-heading\">\u2013 2000 \u2013<\/h3>\n\n\n\n<p>I \u00e5r 2000 f\u00e5r Magnihill tilbud om at overtage m\u00e6rket Scan*Agra. Dermed startede Magnihill sin filial i Danmark og virksomheden bliver i st\u00f8rre grad baseret p\u00e5 cateringmarkedet. Den danske filial bliver ligeledes ansvarlig for virksomhedens import og eksport.<\/p>\n\n\n\n<h3 class=\"wp-block-heading\">\u2013 2002 \u2013<\/h3>\n\n\n\n<p>Efter en periode med god v\u00e6kst besluttes det at investere i en udvidelse af frysehuset, udlastningsfaciliteterne og pakkehallen med en udvidelse til 2 pakkelinier.<\/p>\n\n\n\n<h3 class=\"wp-block-heading\">\u2013 2006 \u2013<\/h3>\n\n\n\n<p>Magnihills aktiviteter kommer i stigende grad til at baseres p\u00e5 ingredienser til industrien, herunder f\u00e6rdigretter, pizza, babymad, supper, pur\u00e9er og juice, til cateringssektoren og til detail- og eksportmarkedet.<\/p>\n\n\n\n<p><em>\u2013 I dag producerer vi prim\u00e6rt r\u00e5varer til f\u00e6rdige retter. Vi leverer til de store producenter og vores gr\u00f8ntsager er repr\u00e6senteret i mange store brands, siger Wiveca.<\/em><\/p>\n\n\n<div class=\"wp-block-image\">\n<figure class=\"aligncenter\"><img decoding=\"async\" src=\"http:\/\/magnihill.se\/wp-content\/bilder\/miljo\/magnihill_gard_gammal_liten.jpg\" alt=\"Magnihills g\u00e5rd f\u00f6rut\" title=\"Magnihills g\u00e5rd f\u00f6rut\"\/><\/figure>\n<\/div>\n\n\n<div style=\"text-align: center;\"><em>\u2013 Magnihills G\u00e5rd er meget forandret siden starten i 1957. G\u00e5rden er l\u00f8bende blevet udbygget fra en traditionel landbrugsejendom til en moderne produktionsvirksomhed, der kan leve op til nutidens krav for f\u00f8devareproduktion.<\/em><\/div>\n\n\n\n<figure class=\"wp-block-image\"><img decoding=\"async\" src=\"https:\/\/magnihill.se\/wp-content\/uploads\/2019\/05\/Flygfoto-7.jpg\" alt=\"\"\/><\/figure>\n\n\n\n<div style=\"text-align: center;\"><\/div>\n\n\n\n<div style=\"text-align: center;\"><em>Magnihills G\u00e5rd \u00e5r 2016<\/em><\/div>\n\n\n\n<div style=\"text-align: center;\">\u00a0<\/div>\n\n\n<div class=\"wp-block-image\">\n<figure class=\"aligncenter\"><img decoding=\"async\" src=\"http:\/\/magnihill.se\/wp-content\/bilder\/personal\/magnihillpersonalen2012.jpg\" alt=\"\"\/><\/figure>\n<\/div>\n\n\n<div style=\"text-align: center;\"><em>Magnihill 2012<\/em><\/div>\n\n\n\n<div>\u00a0<\/div>\n\n\n\n<div>\u00a0<\/div>\n","protected":false},"excerpt":{"rendered":"<p>Magnihills g\u00e5rd i M\u00f6rarp i Sydsverige er blevet forvandlet fra et traditionelt landbrug (est 1957) til en specialist i forarbejdede gr\u00f8ntsager, b\u00e6r og frugt til industrien, catering og forbrugere. I dag er vi den eneste privatejede producent i Norden og har markedets bredeste sortiment af \u00f8kologiske og KRAV-godkendte frosne produkter fra planteriget. Magnihill er privatejet og historien er som f\u00f8lger:\u2013 1957 \u2013 Lennart Pehrsson Magnihill overtages i 1957 af den 18-\u00e5rige Lennart Pehrsson, som k\u00f8ber g\u00e5rden for en pris p\u00e5 SEK 142 500, hvilket p\u00e5 de tider var en anseelig sum og dermed ogs\u00e5 en konstant kilde til uro og d\u00e5rlig s\u00f8vn. Men Lennart ser potentialet i virksomheden og g\u00e5r ind til opgaven med fuldt engagement. Og da han i august 1959 succesrigt f\u00e5r sin f\u00f8rste kartoffelh\u00f8st i hus er grundlaget for nutidens Magnihill skabt. [&hellip;]<\/p>\n","protected":false},"author":1,"featured_media":0,"parent":5,"menu_order":0,"comment_status":"closed","ping_status":"open","template":"","meta":{"footnotes":""},"class_list":["post-53","page","type-page","status-publish","hentry"],"aioseo_notices":[],"_links":{"self":[{"href":"https:\/\/www.magnihill.se\/dk\/wp-json\/wp\/v2\/pages\/53","targetHints":{"allow":["GET"]}}],"collection":[{"href":"https:\/\/www.magnihill.se\/dk\/wp-json\/wp\/v2\/pages"}],"about":[{"href":"https:\/\/www.magnihill.se\/dk\/wp-json\/wp\/v2\/types\/page"}],"author":[{"embeddable":true,"href":"https:\/\/www.magnihill.se\/dk\/wp-json\/wp\/v2\/users\/1"}],"replies":[{"embeddable":true,"href":"https:\/\/www.magnihill.se\/dk\/wp-json\/wp\/v2\/comments?post=53"}],"version-history":[{"count":0,"href":"https:\/\/www.magnihill.se\/dk\/wp-json\/wp\/v2\/pages\/53\/revisions"}],"up":[{"embeddable":true,"href":"https:\/\/www.magnihill.se\/dk\/wp-json\/wp\/v2\/pages\/5"}],"wp:attachment":[{"href":"https:\/\/www.magnihill.se\/dk\/wp-json\/wp\/v2\/media?parent=53"}],"curies":[{"name":"wp","href":"https:\/\/api.w.org\/{rel}","templated":true}]}}