{"id":506,"date":"2016-03-15T13:39:53","date_gmt":"2016-03-15T12:39:53","guid":{"rendered":"http:\/\/www.magnihill.se\/dk\/?page_id=506"},"modified":"2025-03-12T13:32:30","modified_gmt":"2025-03-12T12:32:30","slug":"oko-konsumentposer","status":"publish","type":"page","link":"https:\/\/www.magnihill.se\/dk\/produkter\/oko-konsumentposer\/","title":{"rendered":"Detail"},"content":{"rendered":"\n<p>Sp\u00f8rg efter produkterne hos Coop, <a href=\"https:\/\/www.nemlig.com\/gaard-specialbutikker\/brand-butikker\/magnihill?utm_source=magnihill&amp;utm_medium=referral&amp;utm_campaign=LB\" target=\"_blank\" rel=\"noopener noreferrer\">Nemlig.com<\/a>, <a href=\"https:\/\/gaardmester.dk\/?s=Magnihill&amp;post_type=product\" target=\"_blank\" rel=\"noopener noreferrer\">Gardmeester.dk<\/a> og cateringgrossisterne.<\/p>\n\n\n\n<h3 class=\"wp-block-heading\">Sortiment<\/h3>\n\n\n\n<figure class=\"wp-block-gallery has-nested-images columns-default is-cropped wp-block-gallery-1 is-layout-flex wp-block-gallery-is-layout-flex\">\n<figure class=\"wp-block-image size-full\"><img decoding=\"async\" data-id=\"11087\" src=\"https:\/\/magnihill.se\/wp-content\/uploads\/2022\/11\/wokgronsaker-pasbild-webb.jpg\" alt=\"\" class=\"wp-image-11087\"\/><\/figure>\n\n\n\n<figure class=\"wp-block-image size-full\"><img decoding=\"async\" data-id=\"11086\" src=\"https:\/\/magnihill.se\/wp-content\/uploads\/2022\/11\/Pyttrotfrukter-pasbild-webb.jpg\" alt=\"\" class=\"wp-image-11086\"\/><\/figure>\n<\/figure>\n\n\n\n<div class=\"wp-block-columns is-layout-flex wp-container-core-columns-is-layout-9d6595d7 wp-block-columns-is-layout-flex\">\n<div class=\"wp-block-column is-layout-flow wp-block-column-is-layout-flow\">\n<p class=\"has-text-align-center\" style=\"font-size:15px\">Wokgr\u00f8ntsager \u00d8KO 800 g<br>Sverige<br><a href=\"https:\/\/www.dabas.com\/productsheet\/07314060060557\" target=\"_blank\" rel=\"noopener\" title=\"\">Mere information<\/a><\/p>\n<\/div>\n\n\n\n<div class=\"wp-block-column is-layout-flow wp-block-column-is-layout-flow\">\n<p class=\"has-text-align-center\" style=\"font-size:15px\">Vegetarisk biksemad \u00d8KO 850 g <br>Sverige<br><a href=\"https:\/\/www.dabas.com\/productsheet\/07314060060533\" target=\"_blank\" rel=\"noopener\" title=\"\">Mere information<\/a><\/p>\n<\/div>\n<\/div>\n\n\n\n<div class=\"wp-block-columns is-layout-flex wp-container-core-columns-is-layout-9d6595d7 wp-block-columns-is-layout-flex\">\n<div class=\"wp-block-column is-layout-flow wp-block-column-is-layout-flow\">\n<figure class=\"wp-block-image size-full\"><img decoding=\"async\" src=\"https:\/\/magnihill.se\/wp-content\/uploads\/2022\/11\/jordgubbar-KRAV-pasbild-.jpg\" alt=\"\" class=\"wp-image-11096\"\/><\/figure>\n<\/div>\n\n\n\n<div class=\"wp-block-column is-layout-flow wp-block-column-is-layout-flow\">\n<figure class=\"wp-block-image size-full\"><img decoding=\"async\" src=\"https:\/\/magnihill.se\/wp-content\/uploads\/2022\/11\/mango-krav-pasbild-webb.jpg\" alt=\"\" class=\"wp-image-11088\"\/><\/figure>\n<\/div>\n<\/div>\n\n\n\n<div class=\"wp-block-columns is-layout-flex wp-container-core-columns-is-layout-9d6595d7 wp-block-columns-is-layout-flex\">\n<div class=\"wp-block-column is-layout-flow wp-block-column-is-layout-flow\">\n<p class=\"has-text-align-center\" style=\"font-size:15px\">Jordb\u00e6r \u00d8KO 850 g<br>Polen<br><a href=\"https:\/\/www.dabas.com\/productsheet\/07314060060496\" target=\"_blank\" rel=\"noopener\" title=\"\">Mere information<\/a><\/p>\n<\/div>\n\n\n\n<div class=\"wp-block-column is-layout-flow wp-block-column-is-layout-flow\">\n<p class=\"has-text-align-center\" style=\"font-size:15px\">Mango \u00d8KO 750 g<br>Peru<br><a href=\"https:\/\/www.dabas.com\/productsheet\/07314060060519\" target=\"_blank\" rel=\"noopener\" title=\"\">Mere information<\/a><\/p>\n<\/div>\n<\/div>\n\n\n\n<div class=\"wp-block-columns is-layout-flex wp-container-core-columns-is-layout-9d6595d7 wp-block-columns-is-layout-flex\">\n<div class=\"wp-block-column is-layout-flow wp-block-column-is-layout-flow\">\n<figure class=\"wp-block-image size-full\"><img loading=\"lazy\" decoding=\"async\" width=\"500\" height=\"515\" src=\"https:\/\/www.magnihill.se\/dk\/wp-content\/uploads\/2024\/09\/Wokmix-KRAv-liten-2.jpg\" alt=\"\" class=\"wp-image-2296\" srcset=\"https:\/\/www.magnihill.se\/dk\/wp-content\/uploads\/2024\/09\/Wokmix-KRAv-liten-2.jpg 500w, https:\/\/www.magnihill.se\/dk\/wp-content\/uploads\/2024\/09\/Wokmix-KRAv-liten-2-243x250.jpg 243w\" sizes=\"auto, (max-width: 500px) 100vw, 500px\" \/><\/figure>\n<\/div>\n\n\n\n<div class=\"wp-block-column is-layout-flow wp-block-column-is-layout-flow\"><\/div>\n<\/div>\n\n\n\n<div class=\"wp-block-columns is-layout-flex wp-container-core-columns-is-layout-9d6595d7 wp-block-columns-is-layout-flex\">\n<div class=\"wp-block-column is-layout-flow wp-block-column-is-layout-flow\">\n<p class=\"has-text-align-center\" style=\"font-size:15px\">Wokmix \u00d8KO 500 g<br>Sverige, Spanien, Belgien<br><a href=\"https:\/\/www.dabas.com\/productsheet\/07314060054891\" target=\"_blank\" rel=\"noopener\" title=\"\">Mere information<\/a><\/p>\n<\/div>\n\n\n\n<div class=\"wp-block-column is-layout-flow wp-block-column-is-layout-flow\">\n<p class=\"has-text-align-center\" style=\"font-size:15px\"><\/p>\n<\/div>\n<\/div>\n\n\n\n<div class=\"wp-block-columns is-layout-flex wp-container-core-columns-is-layout-9d6595d7 wp-block-columns-is-layout-flex\">\n<div class=\"wp-block-column is-layout-flow wp-block-column-is-layout-flow\">\n<figure class=\"wp-block-image size-full\"><img decoding=\"async\" src=\"https:\/\/magnihill.se\/wp-content\/uploads\/2022\/11\/granatapple-pasbild-webb.jpg\" alt=\"\" class=\"wp-image-11085\"\/><\/figure>\n<\/div>\n\n\n\n<div class=\"wp-block-column is-layout-flow wp-block-column-is-layout-flow\">\n<figure class=\"wp-block-image size-large\"><img decoding=\"async\" src=\"https:\/\/magnihill.se\/wp-content\/uploads\/2023\/05\/artpase_liten_webb-950x676.jpg\" alt=\"\"\/><\/figure>\n<\/div>\n<\/div>\n\n\n\n<div class=\"wp-block-columns is-layout-flex wp-container-core-columns-is-layout-9d6595d7 wp-block-columns-is-layout-flex\">\n<div class=\"wp-block-column is-layout-flow wp-block-column-is-layout-flow\">\n<p class=\"has-text-align-center\" style=\"font-size:15px\">Granat\u00e6blekerner \u00d8KO 250 g<br>Tyrkiet<br><a href=\"https:\/\/www.dabas.com\/productsheet\/07314060054662\" target=\"_blank\" rel=\"noopener\" title=\"\">Mere information<\/a><\/p>\n<\/div>\n\n\n\n<div class=\"wp-block-column is-layout-flow wp-block-column-is-layout-flow\">\n<p class=\"has-text-align-center\" style=\"font-size:15px\">\u00c6rter \u00d8KO 350 g<br>Sverige<br><a href=\"https:\/\/www.dabas.com\/productsheet\/07314060077456\" target=\"_blank\" rel=\"noopener\" title=\"\">Mere information<\/a><\/p>\n<\/div>\n<\/div>\n\n\n\n<div class=\"wp-block-columns is-layout-flex wp-container-core-columns-is-layout-9d6595d7 wp-block-columns-is-layout-flex\">\n<div class=\"wp-block-column is-layout-flow wp-block-column-is-layout-flow\">\n<figure class=\"wp-block-image size-full\"><img loading=\"lazy\" decoding=\"async\" width=\"950\" height=\"652\" src=\"https:\/\/www.magnihill.se\/dk\/wp-content\/uploads\/2024\/01\/07314060055362_C1N1-950x652-1.jpg\" alt=\"\" class=\"wp-image-2072\" srcset=\"https:\/\/www.magnihill.se\/dk\/wp-content\/uploads\/2024\/01\/07314060055362_C1N1-950x652-1.jpg 950w, https:\/\/www.magnihill.se\/dk\/wp-content\/uploads\/2024\/01\/07314060055362_C1N1-950x652-1-800x549.jpg 800w, https:\/\/www.magnihill.se\/dk\/wp-content\/uploads\/2024\/01\/07314060055362_C1N1-950x652-1-250x172.jpg 250w\" sizes=\"auto, (max-width: 950px) 100vw, 950px\" \/><\/figure>\n<\/div>\n\n\n\n<div class=\"wp-block-column is-layout-flow wp-block-column-is-layout-flow\">\n<figure class=\"wp-block-image size-full\"><img decoding=\"async\" src=\"https:\/\/magnihill.se\/wp-content\/uploads\/2022\/12\/blabar-pasbild-liten.jpg\" alt=\"\" class=\"wp-image-11181\"\/><\/figure>\n<\/div>\n<\/div>\n\n\n\n<div class=\"wp-block-columns is-layout-flex wp-container-core-columns-is-layout-9d6595d7 wp-block-columns-is-layout-flex\">\n<div class=\"wp-block-column is-layout-flow wp-block-column-is-layout-flow\">\n<p class=\"has-text-align-center\" style=\"font-size:15px\">Havtorn \u00d8KO 225 g<br>Baltikum<br><a href=\"https:\/\/www.dabas.com\/productsheet\/07314060055362\" target=\"_blank\" rel=\"noopener\" title=\"\">Mere information<\/a><\/p>\n<\/div>\n\n\n\n<div class=\"wp-block-column is-layout-flow wp-block-column-is-layout-flow\">\n<p class=\"has-text-align-center\" style=\"font-size:15px\">Bl\u00e5b\u00e6r \u00d8KO 250 g<br>Sverige<br><a href=\"https:\/\/www.dabas.com\/productsheet\/07314060054938\" target=\"_blank\" rel=\"noopener\" title=\"\">Mere information<\/a><\/p>\n<\/div>\n<\/div>\n\n\n\n<div class=\"wp-block-columns is-layout-flex wp-container-core-columns-is-layout-9d6595d7 wp-block-columns-is-layout-flex\">\n<div class=\"wp-block-column is-layout-flow wp-block-column-is-layout-flow\">\n<figure class=\"wp-block-image size-large\"><img loading=\"lazy\" decoding=\"async\" width=\"1200\" height=\"820\" src=\"https:\/\/www.magnihill.se\/dk\/wp-content\/uploads\/2025\/03\/blabarpase-konventionell-webb-1-1200x820.jpg\" alt=\"\" class=\"wp-image-2544\" srcset=\"https:\/\/www.magnihill.se\/dk\/wp-content\/uploads\/2025\/03\/blabarpase-konventionell-webb-1-1200x820.jpg 1200w, https:\/\/www.magnihill.se\/dk\/wp-content\/uploads\/2025\/03\/blabarpase-konventionell-webb-1-800x547.jpg 800w, https:\/\/www.magnihill.se\/dk\/wp-content\/uploads\/2025\/03\/blabarpase-konventionell-webb-1-250x171.jpg 250w, https:\/\/www.magnihill.se\/dk\/wp-content\/uploads\/2025\/03\/blabarpase-konventionell-webb-1-1536x1049.jpg 1536w, https:\/\/www.magnihill.se\/dk\/wp-content\/uploads\/2025\/03\/blabarpase-konventionell-webb-1-2048x1399.jpg 2048w, https:\/\/www.magnihill.se\/dk\/wp-content\/uploads\/2025\/03\/blabarpase-konventionell-webb-1-1140x779.jpg 1140w, https:\/\/www.magnihill.se\/dk\/wp-content\/uploads\/2025\/03\/blabarpase-konventionell-webb-1-1920x1312.jpg 1920w\" sizes=\"auto, (max-width: 1200px) 100vw, 1200px\" \/><\/figure>\n\n\n\n<p class=\"has-text-align-center\">Bl\u00e5b\u00e6r 270 g<br>Sverige<br><a href=\"https:\/\/www.dabas.com\/productsheet\/07314060084263\" target=\"_blank\" rel=\"noopener\" title=\"\">Mere information<\/a><\/p>\n<\/div>\n\n\n\n<div class=\"wp-block-column is-layout-flow wp-block-column-is-layout-flow\">\n<figure class=\"wp-block-image size-large\"><img loading=\"lazy\" decoding=\"async\" width=\"1200\" height=\"851\" src=\"https:\/\/www.magnihill.se\/dk\/wp-content\/uploads\/2025\/03\/Artpase-konventionell-webb-1-1200x851.jpg\" alt=\"\" class=\"wp-image-2543\" srcset=\"https:\/\/www.magnihill.se\/dk\/wp-content\/uploads\/2025\/03\/Artpase-konventionell-webb-1-1200x851.jpg 1200w, https:\/\/www.magnihill.se\/dk\/wp-content\/uploads\/2025\/03\/Artpase-konventionell-webb-1-800x567.jpg 800w, https:\/\/www.magnihill.se\/dk\/wp-content\/uploads\/2025\/03\/Artpase-konventionell-webb-1-250x177.jpg 250w, https:\/\/www.magnihill.se\/dk\/wp-content\/uploads\/2025\/03\/Artpase-konventionell-webb-1-1536x1089.jpg 1536w, https:\/\/www.magnihill.se\/dk\/wp-content\/uploads\/2025\/03\/Artpase-konventionell-webb-1-2048x1452.jpg 2048w, https:\/\/www.magnihill.se\/dk\/wp-content\/uploads\/2025\/03\/Artpase-konventionell-webb-1-1140x808.jpg 1140w, https:\/\/www.magnihill.se\/dk\/wp-content\/uploads\/2025\/03\/Artpase-konventionell-webb-1-1920x1361.jpg 1920w\" sizes=\"auto, (max-width: 1200px) 100vw, 1200px\" \/><\/figure>\n\n\n\n<p class=\"has-text-align-center\">\u00c6rter 270 g<br>Sverige<br><a href=\"https:\/\/www.dabas.com\/productsheet\/07314060084249\" target=\"_blank\" rel=\"noopener\" title=\"\">Mere information<\/a><\/p>\n<\/div>\n<\/div>\n\n\n\n<div class=\"wp-block-columns is-layout-flex wp-container-core-columns-is-layout-9d6595d7 wp-block-columns-is-layout-flex\">\n<div class=\"wp-block-column is-layout-flow wp-block-column-is-layout-flow\"><div class=\"wp-block-image\">\n<figure class=\"aligncenter size-large\"><img decoding=\"async\" src=\"https:\/\/magnihill.se\/wp-content\/uploads\/2023\/08\/07314060052026-Blabar-webb-281x290.jpg\" alt=\"\"\/><\/figure>\n<\/div><\/div>\n\n\n\n<div class=\"wp-block-column is-layout-flow wp-block-column-is-layout-flow\"><div class=\"wp-block-image\">\n<figure class=\"aligncenter size-large\"><img decoding=\"async\" src=\"https:\/\/magnihill.se\/wp-content\/uploads\/2021\/03\/jordgubbar-290x290.jpg\" alt=\"\"\/><\/figure>\n<\/div><\/div>\n<\/div>\n\n\n\n<div class=\"wp-block-columns is-layout-flex wp-container-core-columns-is-layout-9d6595d7 wp-block-columns-is-layout-flex\">\n<div class=\"wp-block-column is-layout-flow wp-block-column-is-layout-flow\">\n<p class=\"has-text-align-center\" style=\"font-size:15px\">Bl\u00e5b\u00e6r 500 g<br>Sverige<br><a href=\"https:\/\/www.dabas.com\/productsheet\/07314060052026\" target=\"_blank\" rel=\"noopener\" title=\"\">Mere information<\/a><\/p>\n<\/div>\n\n\n\n<div class=\"wp-block-column is-layout-flow wp-block-column-is-layout-flow\">\n<p class=\"has-text-align-center\" style=\"font-size:15px\">Jordb\u00e6r 750 g<br>Serbien<br><a href=\"https:\/\/www.dabas.com\/productsheet\/07314060081293\" target=\"_blank\" rel=\"noopener\" title=\"Mer information\">Mere information<\/a><\/p>\n<\/div>\n<\/div>\n\n\n\n<div class=\"wp-block-columns is-layout-flex wp-container-core-columns-is-layout-9d6595d7 wp-block-columns-is-layout-flex\">\n<div class=\"wp-block-column is-layout-flow wp-block-column-is-layout-flow\">\n<figure class=\"wp-block-image size-large\"><img decoding=\"async\" src=\"https:\/\/magnihill.se\/wp-content\/uploads\/2021\/03\/Hallon-1-290x290.jpg\" alt=\"\"\/><\/figure>\n<\/div>\n\n\n\n<div class=\"wp-block-column is-layout-flow wp-block-column-is-layout-flow\">\n<figure class=\"wp-block-image size-large\"><img decoding=\"async\" src=\"https:\/\/magnihill.se\/wp-content\/uploads\/2021\/03\/Skogsbar-290x290.jpg\" alt=\"\"\/><\/figure>\n<\/div>\n\n\n\n<div class=\"wp-block-column is-layout-flow wp-block-column-is-layout-flow\">\n<figure class=\"wp-block-image size-large\"><img decoding=\"async\" src=\"https:\/\/magnihill.se\/wp-content\/uploads\/2021\/03\/Bjornbar-290x290.jpg\" alt=\"\"\/><\/figure>\n<\/div>\n<\/div>\n\n\n\n<div class=\"wp-block-columns is-layout-flex wp-container-core-columns-is-layout-9d6595d7 wp-block-columns-is-layout-flex\">\n<div class=\"wp-block-column is-layout-flow wp-block-column-is-layout-flow\">\n<p class=\"has-text-align-center\" style=\"font-size:15px\">Hindb\u00e6r 750 g<br>Serbien<br><a href=\"https:\/\/www.dabas.com\/productsheet\/07314060081316\" target=\"_blank\" rel=\"noopener\" title=\"\">Mere information<\/a><\/p>\n<\/div>\n\n\n\n<div class=\"wp-block-column is-layout-flow wp-block-column-is-layout-flow\">\n<p class=\"has-text-align-center\" style=\"font-size:15px\">Skovb\u00e6r 750 g<br>Serbien<br><a href=\"https:\/\/www.dabas.com\/productsheet\/07314060081378\" target=\"_blank\" rel=\"noopener\" title=\"\">Mere information<\/a><\/p>\n<\/div>\n\n\n\n<div class=\"wp-block-column is-layout-flow wp-block-column-is-layout-flow\">\n<p class=\"has-text-align-center\" style=\"font-size:15px\">Bromb\u00e6r 750 g<br>Serbien<br><a href=\"https:\/\/www.dabas.com\/productsheet\/07314060081354\" target=\"_blank\" rel=\"noopener\" title=\"\">Mere information<\/a><\/p>\n<\/div>\n<\/div>\n\n\n\n<hr class=\"wp-block-separator has-text-color has-sitka-ultralight-gray-color has-alpha-channel-opacity has-sitka-ultralight-gray-background-color has-background is-style-default\"\/>\n","protected":false},"excerpt":{"rendered":"<p>Sp\u00f8rg efter produkterne hos Coop, Nemlig.com, Gardmeester.dk og cateringgrossisterne. Sortiment Wokgr\u00f8ntsager \u00d8KO 800 gSverigeMere information Vegetarisk biksemad \u00d8KO 850 g SverigeMere information Jordb\u00e6r \u00d8KO 850 gPolenMere information Mango \u00d8KO 750 gPeruMere information Wokmix \u00d8KO 500 gSverige, Spanien, BelgienMere information Granat\u00e6blekerner \u00d8KO 250 gTyrkietMere information \u00c6rter \u00d8KO 350 gSverigeMere information Havtorn \u00d8KO 225 gBaltikumMere information Bl\u00e5b\u00e6r \u00d8KO 250 gSverigeMere information Bl\u00e5b\u00e6r 270 gSverigeMere information \u00c6rter 270 gSverigeMere information Bl\u00e5b\u00e6r 500 gSverigeMere information Jordb\u00e6r 750 gSerbienMere information Hindb\u00e6r 750 gSerbienMere information Skovb\u00e6r 750 gSerbienMere information Bromb\u00e6r 750 gSerbienMere information<\/p>\n","protected":false},"author":1,"featured_media":0,"parent":6,"menu_order":0,"comment_status":"closed","ping_status":"closed","template":"","meta":{"footnotes":""},"class_list":["post-506","page","type-page","status-publish","hentry"],"aioseo_notices":[],"_links":{"self":[{"href":"https:\/\/www.magnihill.se\/dk\/wp-json\/wp\/v2\/pages\/506","targetHints":{"allow":["GET"]}}],"collection":[{"href":"https:\/\/www.magnihill.se\/dk\/wp-json\/wp\/v2\/pages"}],"about":[{"href":"https:\/\/www.magnihill.se\/dk\/wp-json\/wp\/v2\/types\/page"}],"author":[{"embeddable":true,"href":"https:\/\/www.magnihill.se\/dk\/wp-json\/wp\/v2\/users\/1"}],"replies":[{"embeddable":true,"href":"https:\/\/www.magnihill.se\/dk\/wp-json\/wp\/v2\/comments?post=506"}],"version-history":[{"count":2,"href":"https:\/\/www.magnihill.se\/dk\/wp-json\/wp\/v2\/pages\/506\/revisions"}],"predecessor-version":[{"id":2545,"href":"https:\/\/www.magnihill.se\/dk\/wp-json\/wp\/v2\/pages\/506\/revisions\/2545"}],"up":[{"embeddable":true,"href":"https:\/\/www.magnihill.se\/dk\/wp-json\/wp\/v2\/pages\/6"}],"wp:attachment":[{"href":"https:\/\/www.magnihill.se\/dk\/wp-json\/wp\/v2\/media?parent=506"}],"curies":[{"name":"wp","href":"https:\/\/api.w.org\/{rel}","templated":true}]}}