{"id":5,"date":"2009-11-27T08:46:29","date_gmt":"2009-11-27T07:46:29","guid":{"rendered":"http:\/\/www.magnihill.se\/dk\/?page_id=5"},"modified":"2025-10-08T09:00:40","modified_gmt":"2025-10-08T08:00:40","slug":"firma","status":"publish","type":"page","link":"https:\/\/www.magnihill.se\/dk\/firma\/","title":{"rendered":"Magnihill"},"content":{"rendered":"\n<h5 class=\"wp-block-heading\">Magnihill st\u00e5r for b\u00e6redygtig f\u00f8devareproduktion med fokus p\u00e5 \u00f8kologisk dyrkning og svenske r\u00e5varer, der styrker fremtidens og Sveriges f\u00f8devareberedskab.<\/h5>\n\n\n\n<p>Magnihill er en <strong>svensk familievirksomhed<\/strong>, der <strong>siden 1957<\/strong> har udviklet, produceret, importeret og solgt frosne produkter fra planteriget \u2013 <strong>med fokus p\u00e5 det \u00f8kologi<\/strong>.<br>I t\u00e6t samarbejde med vores dyrkere og producenter, i Sverige og i udlandet, udvikler og for\u00e6dler vi r\u00e5varer, s\u00e5 du kan nyde frosne produkter af h\u00f8j kvalitet \u2013 med smag af natur, omtanke og ansvar.<\/p>\n\n\n\n<p>Siden begyndelsen i 1957 har vores m\u00e5l v\u00e6ret det samme: at <strong>producere rene, sikre og b\u00e6redygtige f\u00f8devarer<\/strong> <strong>af h\u00f8j kvalitet<\/strong>\u2013 t\u00e6t p\u00e5 dyrkeren, t\u00e6t p\u00e5 naturen og t\u00e6t p\u00e5 kunden.<br><strong>I dag er vi en af Sveriges f\u00f8rende producenter af \u00f8kologiske og frosne produkter fra planteriget. <\/strong>Vi leverer til industri, offentlige k\u00f8kkener, stork\u00f8kkener og detailhandel.<\/p>\n\n\n\n<p>Vi arbejder i tr\u00e5d med <strong>FN\u2019s verdensm\u00e5l for b\u00e6redygtig udvikling<\/strong>, driver vores produktion med 100 % vedvarende energi og tilbagef\u00f8rer alt organisk affald som n\u00e6ring til jorden. Gennem kontraktdyrkning i Sydsverige samarbejder vi med svenske landm\u00e6nd for at styrke f\u00f8devareberedskabet og selvforsyningen i Sverige.<\/p>\n\n\n\n<p><strong>At fryse r\u00e5varerne, n\u00e5r de er p\u00e5 deres bedste, er vores m\u00e5de at bevare smag og n\u00e6ringsv\u00e6rdi uden tils\u00e6tningsstoffer \u2013 \u00e5ret rundt. Det er fremtidens m\u00e5de at tage vare p\u00e5 det, vi producerer \u2013 og et arbejde, vi er stolte af at f\u00f8re videre til n\u00e6ste generation<\/strong>.<\/p>\n\n\n\n<h2 class=\"wp-block-heading\">L\u00e6s mere om Magnihill<\/h2>\n\n\n<nav class=\"is-responsive  is-vertical no-wrap wp-block-navigation is-nowrap is-layout-flex wp-container-core-navigation-is-layout-947ac36b wp-block-navigation-is-layout-flex\" aria-label=\"F\u00f6retag\" \n\t\t data-wp-interactive=\"core\/navigation\" data-wp-context='{\"overlayOpenedBy\":{\"click\":false,\"hover\":false,\"focus\":false},\"type\":\"overlay\",\"roleAttribute\":\"\",\"ariaLabel\":\"Meny\"}'><button aria-haspopup=\"dialog\" aria-label=\"\u00d6ppna meny\" class=\"wp-block-navigation__responsive-container-open\" \n\t\t\t\tdata-wp-on--click=\"actions.openMenuOnClick\"\n\t\t\t\tdata-wp-on--keydown=\"actions.handleMenuKeydown\"\n\t\t\t><svg width=\"24\" height=\"24\" xmlns=\"http:\/\/www.w3.org\/2000\/svg\" viewBox=\"0 0 24 24\" aria-hidden=\"true\" focusable=\"false\"><path d=\"M4 7.5h16v1.5H4z\"><\/path><path d=\"M4 15h16v1.5H4z\"><\/path><\/svg><\/button>\n\t\t\t\t<div class=\"wp-block-navigation__responsive-container\"  id=\"modal-1\" \n\t\t\t\tdata-wp-class--has-modal-open=\"state.isMenuOpen\"\n\t\t\t\tdata-wp-class--is-menu-open=\"state.isMenuOpen\"\n\t\t\t\tdata-wp-watch=\"callbacks.initMenu\"\n\t\t\t\tdata-wp-on--keydown=\"actions.handleMenuKeydown\"\n\t\t\t\tdata-wp-on--focusout=\"actions.handleMenuFocusout\"\n\t\t\t\ttabindex=\"-1\"\n\t\t\t>\n\t\t\t\t\t<div class=\"wp-block-navigation__responsive-close\" tabindex=\"-1\">\n\t\t\t\t\t\t<div class=\"wp-block-navigation__responsive-dialog\" \n\t\t\t\tdata-wp-bind--aria-modal=\"state.ariaModal\"\n\t\t\t\tdata-wp-bind--aria-label=\"state.ariaLabel\"\n\t\t\t\tdata-wp-bind--role=\"state.roleAttribute\"\n\t\t\t>\n\t\t\t\t\t\t\t<button aria-label=\"St\u00e4ng meny\" class=\"wp-block-navigation__responsive-container-close\" \n\t\t\t\tdata-wp-on--click=\"actions.closeMenuOnClick\"\n\t\t\t><svg xmlns=\"http:\/\/www.w3.org\/2000\/svg\" viewBox=\"0 0 24 24\" width=\"24\" height=\"24\" aria-hidden=\"true\" focusable=\"false\"><path d=\"m13.06 12 6.47-6.47-1.06-1.06L12 10.94 5.53 4.47 4.47 5.53 10.94 12l-6.47 6.47 1.06 1.06L12 13.06l6.47 6.47 1.06-1.06L13.06 12Z\"><\/path><\/svg><\/button>\n\t\t\t\t\t\t\t<div class=\"wp-block-navigation__responsive-container-content\" \n\t\t\t\tdata-wp-watch=\"callbacks.focusFirstElement\"\n\t\t\t id=\"modal-1-content\">\n\t\t\t\t\t\t\t\t<ul class=\"wp-block-navigation__container is-responsive  is-vertical no-wrap wp-block-navigation\"><li class=\" wp-block-navigation-item wp-block-navigation-link\"><a class=\"wp-block-navigation-item__content\"  href=\"https:\/\/www.magnihill.se\/dk\/firma\/filosofi-vision\/\"><span class=\"wp-block-navigation-item__label\">Filosofi &#038; Vision<\/span><\/a><\/li><li class=\" wp-block-navigation-item wp-block-navigation-link\"><a class=\"wp-block-navigation-item__content\"  href=\"https:\/\/www.magnihill.se\/dk\/firma\/vores-historie\/\"><span class=\"wp-block-navigation-item__label\">Vores historie<\/span><\/a><\/li><li class=\" wp-block-navigation-item wp-block-navigation-link\"><a class=\"wp-block-navigation-item__content\"  href=\"https:\/\/www.magnihill.se\/dk\/firma\/virksomhedspolitik\/\"><span class=\"wp-block-navigation-item__label\">Virksomhedspolitik<\/span><\/a><\/li><li class=\" wp-block-navigation-item wp-block-navigation-link\"><a class=\"wp-block-navigation-item__content\"  href=\"https:\/\/www.magnihill.se\/dk\/firma\/politik-for-menneskerettigheder-og-virksomhedens-samfundsansvar-csr\/\"><span class=\"wp-block-navigation-item__label\">Politik for menneskerettigheder og virksomhedens samfundsansvar (CSR)<\/span><\/a><\/li><\/ul>\n\t\t\t\t\t\t\t<\/div>\n\t\t\t\t\t\t<\/div>\n\t\t\t\t\t<\/div>\n\t\t\t\t<\/div><\/nav>","protected":false},"excerpt":{"rendered":"<p>Magnihill st\u00e5r for b\u00e6redygtig f\u00f8devareproduktion med fokus p\u00e5 \u00f8kologisk dyrkning og svenske r\u00e5varer, der styrker fremtidens og Sveriges f\u00f8devareberedskab. Magnihill er en svensk familievirksomhed, der siden 1957 har udviklet, produceret, importeret og solgt frosne produkter fra planteriget \u2013 med fokus p\u00e5 det \u00f8kologi.I t\u00e6t samarbejde med vores dyrkere og producenter, i Sverige og i udlandet, udvikler og for\u00e6dler vi r\u00e5varer, s\u00e5 du kan nyde frosne produkter af h\u00f8j kvalitet \u2013 med smag af natur, omtanke og ansvar. Siden begyndelsen i 1957 har vores m\u00e5l v\u00e6ret det samme: at producere rene, sikre og b\u00e6redygtige f\u00f8devarer af h\u00f8j kvalitet\u2013 t\u00e6t p\u00e5 dyrkeren, t\u00e6t p\u00e5 naturen og t\u00e6t p\u00e5 kunden.I dag er vi en af Sveriges f\u00f8rende producenter af \u00f8kologiske og frosne produkter fra planteriget. Vi leverer til industri, offentlige k\u00f8kkener, stork\u00f8kkener og detailhandel. Vi arbejder i tr\u00e5d [&hellip;]<\/p>\n","protected":false},"author":1,"featured_media":0,"parent":0,"menu_order":1,"comment_status":"closed","ping_status":"open","template":"","meta":{"_monsterinsights_skip_tracking":false,"_monsterinsights_sitenote_active":false,"_monsterinsights_sitenote_note":"","_monsterinsights_sitenote_category":0,"ngg_post_thumbnail":0,"footnotes":""},"class_list":["post-5","page","type-page","status-publish","hentry"],"aioseo_notices":[],"_links":{"self":[{"href":"https:\/\/www.magnihill.se\/dk\/wp-json\/wp\/v2\/pages\/5","targetHints":{"allow":["GET"]}}],"collection":[{"href":"https:\/\/www.magnihill.se\/dk\/wp-json\/wp\/v2\/pages"}],"about":[{"href":"https:\/\/www.magnihill.se\/dk\/wp-json\/wp\/v2\/types\/page"}],"author":[{"embeddable":true,"href":"https:\/\/www.magnihill.se\/dk\/wp-json\/wp\/v2\/users\/1"}],"replies":[{"embeddable":true,"href":"https:\/\/www.magnihill.se\/dk\/wp-json\/wp\/v2\/comments?post=5"}],"version-history":[{"count":5,"href":"https:\/\/www.magnihill.se\/dk\/wp-json\/wp\/v2\/pages\/5\/revisions"}],"predecessor-version":[{"id":2678,"href":"https:\/\/www.magnihill.se\/dk\/wp-json\/wp\/v2\/pages\/5\/revisions\/2678"}],"wp:attachment":[{"href":"https:\/\/www.magnihill.se\/dk\/wp-json\/wp\/v2\/media?parent=5"}],"curies":[{"name":"wp","href":"https:\/\/api.w.org\/{rel}","templated":true}]}}