{"id":43,"date":"2009-11-30T16:06:26","date_gmt":"2009-11-30T15:06:26","guid":{"rendered":"http:\/\/www.magnihill.se\/dk\/?page_id=43"},"modified":"2025-09-16T12:24:01","modified_gmt":"2025-09-16T11:24:01","slug":"filosofi-vision","status":"publish","type":"page","link":"https:\/\/www.magnihill.se\/dk\/firma\/filosofi-vision\/","title":{"rendered":"Filosofi &#038; Vision"},"content":{"rendered":"\n<p data-start=\"52\" data-end=\"278\"><strong data-start=\"52\" data-end=\"70\">Vores filosofi<\/strong><br data-start=\"70\" data-end=\"73\">Vi sammenfatter vores filosofi s\u00e5ledes:<br data-start=\"112\" data-end=\"115\">Magnihill udvikler, producerer og s\u00e6lger dybfrosne produkter fra planteriget \u2013 med fokus p\u00e5 \u00f8kologisk og bekvemt \u2013 i samarbejde med vores kunder og leverand\u00f8rer.<\/p>\n<p data-start=\"280\" data-end=\"602\"><strong data-start=\"280\" data-end=\"296\">Vores vision<\/strong><br data-start=\"296\" data-end=\"299\">Magnihill skal v\u00e6re kundens f\u00f8rstevalg som samarbejdspartner inden for dybfrosne produkter fra planteriget. Vi skal ogs\u00e5 fremme udviklingen af bekvemme \u00f8kologiske produkter og arbejde for en b\u00e6redygtig forretning, hvor vi indg\u00e5r i en st\u00f8rre helhed samt str\u00e6ber efter at v\u00e6re selvforsynende med energi.<\/p>\n","protected":false},"excerpt":{"rendered":"<p>Vores filosofiVi sammenfatter vores filosofi s\u00e5ledes:Magnihill udvikler, producerer og s\u00e6lger dybfrosne produkter fra planteriget \u2013 med fokus p\u00e5 \u00f8kologisk og bekvemt \u2013 i samarbejde med vores kunder og leverand\u00f8rer. Vores visionMagnihill skal v\u00e6re kundens f\u00f8rstevalg som samarbejdspartner inden for dybfrosne produkter fra planteriget. Vi skal ogs\u00e5 fremme udviklingen af bekvemme \u00f8kologiske produkter og arbejde for en b\u00e6redygtig forretning, hvor vi indg\u00e5r i en st\u00f8rre helhed samt str\u00e6ber efter at v\u00e6re selvforsynende med energi.<\/p>\n","protected":false},"author":1,"featured_media":0,"parent":5,"menu_order":0,"comment_status":"closed","ping_status":"open","template":"","meta":{"_monsterinsights_skip_tracking":false,"_monsterinsights_sitenote_active":false,"_monsterinsights_sitenote_note":"","_monsterinsights_sitenote_category":0,"ngg_post_thumbnail":0,"footnotes":""},"class_list":["post-43","page","type-page","status-publish","hentry"],"aioseo_notices":[],"_links":{"self":[{"href":"https:\/\/www.magnihill.se\/dk\/wp-json\/wp\/v2\/pages\/43","targetHints":{"allow":["GET"]}}],"collection":[{"href":"https:\/\/www.magnihill.se\/dk\/wp-json\/wp\/v2\/pages"}],"about":[{"href":"https:\/\/www.magnihill.se\/dk\/wp-json\/wp\/v2\/types\/page"}],"author":[{"embeddable":true,"href":"https:\/\/www.magnihill.se\/dk\/wp-json\/wp\/v2\/users\/1"}],"replies":[{"embeddable":true,"href":"https:\/\/www.magnihill.se\/dk\/wp-json\/wp\/v2\/comments?post=43"}],"version-history":[{"count":3,"href":"https:\/\/www.magnihill.se\/dk\/wp-json\/wp\/v2\/pages\/43\/revisions"}],"predecessor-version":[{"id":2654,"href":"https:\/\/www.magnihill.se\/dk\/wp-json\/wp\/v2\/pages\/43\/revisions\/2654"}],"up":[{"embeddable":true,"href":"https:\/\/www.magnihill.se\/dk\/wp-json\/wp\/v2\/pages\/5"}],"wp:attachment":[{"href":"https:\/\/www.magnihill.se\/dk\/wp-json\/wp\/v2\/media?parent=43"}],"curies":[{"name":"wp","href":"https:\/\/api.w.org\/{rel}","templated":true}]}}