{"id":413,"date":"2014-03-13T10:57:21","date_gmt":"2014-03-13T09:57:21","guid":{"rendered":"http:\/\/www.magnihill.se\/dk\/?page_id=413"},"modified":"2023-05-03T10:13:19","modified_gmt":"2023-05-03T09:13:19","slug":"rodbedesuppe","status":"publish","type":"page","link":"https:\/\/www.magnihill.se\/dk\/opskrifter\/suppebuffeten\/rodbedesuppe\/","title":{"rendered":"R\u00f8dbedesuppe"},"content":{"rendered":"\n<h4 class=\"wp-block-heading\">ca. 6 portioner<\/h4>\n\n\n\n<p>1000 g <strong>Magnihill R\u00f8dbeder kl\u00f8vede \u00d8KO (varenr 33790)<\/strong><br>200 g <strong>Magnihill L\u00f8g tern \u00d8KO (varenr 33723)<\/strong><br>250 g <strong>Magnihill Kartofler tern \u00d8KO (varenr 33780)<\/strong><br>4 tsk. <strong>Magnihill Hvidl\u00f8g hakket \u00d8KO (varenr 33904)<\/strong><br>1 liter bouillon og lidt \u00e6blemost efter smag<br>Saft og skal af 2 \u00f8kologiske citroner<br>Salt og peber<br>1 tsk. Spidskommen<br>1 spsk. revet peberrod<br>cr\u00e9me fraiche<br>madolie<br>salt &amp; peber<\/p>\n\n\n\n<h4 class=\"wp-block-heading\">G\u00f8r s\u00e5den her<\/h4>\n\n\n\n<p>Steg frosne r\u00f8dbeder, l\u00f8g, hvidl\u00f8g og kartofler i lidt olie. Tils\u00e6t bouillon og evt. lidt most og kog det i ca. 20 min.<span class=\"Apple-converted-space\">\u00a0<\/span><\/p>\n\n\n\n<p>Suppen stavblendes, n\u00e5r r\u00f8dbederne er helt m\u00f8re, hvorefter citron og de andre ingredienser tils\u00e6ttes.<\/p>\n\n\n\n<p>Server evt. r\u00f8dbedesuppen med creme fraiche og frisk \u00f8kologisk persillie p\u00e5 toppen.<\/p>\n","protected":false},"excerpt":{"rendered":"<p>ca. 6 portioner 1000 g Magnihill R\u00f8dbeder kl\u00f8vede \u00d8KO (varenr 33790)200 g Magnihill L\u00f8g tern \u00d8KO (varenr 33723)250 g Magnihill Kartofler tern \u00d8KO (varenr 33780)4 tsk. Magnihill Hvidl\u00f8g hakket \u00d8KO (varenr 33904)1 liter bouillon og lidt \u00e6blemost efter smagSaft og skal af 2 \u00f8kologiske citronerSalt og peber1 tsk. Spidskommen1 spsk. revet peberrodcr\u00e9me fraichemadoliesalt &amp; peber G\u00f8r s\u00e5den her Steg frosne r\u00f8dbeder, l\u00f8g, hvidl\u00f8g og kartofler i lidt olie. Tils\u00e6t bouillon og evt. lidt most og kog det i ca. 20 min.\u00a0 Suppen stavblendes, n\u00e5r r\u00f8dbederne er helt m\u00f8re, hvorefter citron og de andre ingredienser tils\u00e6ttes. Server evt. r\u00f8dbedesuppen med creme fraiche og frisk \u00f8kologisk persillie p\u00e5 toppen.<\/p>\n","protected":false},"author":1,"featured_media":1862,"parent":251,"menu_order":0,"comment_status":"closed","ping_status":"open","template":"","meta":{"_monsterinsights_skip_tracking":false,"_monsterinsights_sitenote_active":false,"_monsterinsights_sitenote_note":"","_monsterinsights_sitenote_category":0,"ngg_post_thumbnail":0,"footnotes":""},"class_list":["post-413","page","type-page","status-publish","has-post-thumbnail","hentry"],"aioseo_notices":[],"_links":{"self":[{"href":"https:\/\/www.magnihill.se\/dk\/wp-json\/wp\/v2\/pages\/413","targetHints":{"allow":["GET"]}}],"collection":[{"href":"https:\/\/www.magnihill.se\/dk\/wp-json\/wp\/v2\/pages"}],"about":[{"href":"https:\/\/www.magnihill.se\/dk\/wp-json\/wp\/v2\/types\/page"}],"author":[{"embeddable":true,"href":"https:\/\/www.magnihill.se\/dk\/wp-json\/wp\/v2\/users\/1"}],"replies":[{"embeddable":true,"href":"https:\/\/www.magnihill.se\/dk\/wp-json\/wp\/v2\/comments?post=413"}],"version-history":[{"count":0,"href":"https:\/\/www.magnihill.se\/dk\/wp-json\/wp\/v2\/pages\/413\/revisions"}],"up":[{"embeddable":true,"href":"https:\/\/www.magnihill.se\/dk\/wp-json\/wp\/v2\/pages\/251"}],"wp:featuredmedia":[{"embeddable":true,"href":"https:\/\/www.magnihill.se\/dk\/wp-json\/wp\/v2\/media\/1862"}],"wp:attachment":[{"href":"https:\/\/www.magnihill.se\/dk\/wp-json\/wp\/v2\/media?parent=413"}],"curies":[{"name":"wp","href":"https:\/\/api.w.org\/{rel}","templated":true}]}}