{"id":4,"date":"2009-11-27T08:51:51","date_gmt":"2009-11-27T07:51:51","guid":{"rendered":"http:\/\/www.magnihill.se\/dk\/?page_id=4"},"modified":"2024-10-22T10:24:15","modified_gmt":"2024-10-22T09:24:15","slug":"opskrifter","status":"publish","type":"page","link":"https:\/\/www.magnihill.se\/dk\/opskrifter\/","title":{"rendered":"Opskrifter"},"content":{"rendered":"\n<h6 class=\"wp-block-heading\">Med denne samling af opskrifter \u00f8nsker vi at inspirere til en nem, billig og smagfuld m\u00e5de at bruge frosne planteprodukter i madlavningen. <br>Uden at g\u00e5 p\u00e5 kompromis med kvaliteten.<\/h6>\n\n\n\n<ul class=\"wp-block-list\">\n<li><a href=\"https:\/\/www.magnihill.se\/dk\/juleopskrifter\/\" title=\"\">Juleopskrifter<\/a><\/li>\n<\/ul>\n\n\n<ul class=\"child-pages\"><li class=\"page_item page-item-247 page_item_has_children\"><a href=\"https:\/\/www.magnihill.se\/dk\/opskrifter\/aftensmad\/\">Aftensmad<\/a>\n<ul class='children'>\n\t<li class=\"page_item page-item-1893\"><a href=\"https:\/\/www.magnihill.se\/dk\/opskrifter\/aftensmad\/biksemad-med-salsiccia\/\">Biksemad med Salsiccia<\/a><\/li>\n\t<li class=\"page_item page-item-2310\"><a href=\"https:\/\/www.magnihill.se\/dk\/opskrifter\/aftensmad\/cremet-gratin-med-ansjosfileter\/\">Cremet gratin med ansjosfileter<\/a><\/li>\n\t<li class=\"page_item page-item-1776\"><a href=\"https:\/\/www.magnihill.se\/dk\/opskrifter\/aftensmad\/falafel-med-pitabrod-og-hummus\/\">Falafel med pitabr\u00f8d og hummus<\/a><\/li>\n\t<li class=\"page_item page-item-2413\"><a href=\"https:\/\/www.magnihill.se\/dk\/opskrifter\/aftensmad\/jordskokkegratin-med-ovnbagt-laks-og-sauterede-rodfrugter\/\">Jordskokkegratin med ovnbagt laks og sauterede rodfrugter<\/a><\/li>\n\t<li class=\"page_item page-item-2397\"><a href=\"https:\/\/www.magnihill.se\/dk\/opskrifter\/aftensmad\/kalroegratin-toppet-med-sauteret-jordskokker-og-urteolie\/\">K\u00e5lroegratin toppet med sauteret jordskokker og urteolie<\/a><\/li>\n\t<li class=\"page_item page-item-2084\"><a href=\"https:\/\/www.magnihill.se\/dk\/opskrifter\/aftensmad\/kartoffelgratin-med-hvidlog-og-timian\/\">Kartoffelgratin med hvidl\u00f8g og timian<\/a><\/li>\n\t<li class=\"page_item page-item-202\"><a href=\"https:\/\/www.magnihill.se\/dk\/opskrifter\/aftensmad\/kartoffelmos\/\">Kartoffelmos<\/a><\/li>\n\t<li class=\"page_item page-item-2321\"><a href=\"https:\/\/www.magnihill.se\/dk\/opskrifter\/aftensmad\/laekker-gronkalstaerte\/\">L\u00e6kker gr\u00f8nk\u00e5lst\u00e6rte\u00a0<\/a><\/li>\n\t<li class=\"page_item page-item-2401\"><a href=\"https:\/\/www.magnihill.se\/dk\/opskrifter\/aftensmad\/oksegryde-med-kartoffelbade-og-rasyltede-tyttebaer\/\">Oksegryde med kartoffelb\u00e5de og r\u00e5syltede tytteb\u00e6r<\/a><\/li>\n\t<li class=\"page_item page-item-2100\"><a href=\"https:\/\/www.magnihill.se\/dk\/opskrifter\/aftensmad\/ristede-kartoffelskiver-med-sauteretrosenkal-urteolie-og-revet-parmesanost\/\">Ristede kartoffelskiver med sauteret rosenk\u00e5l, urteolie og revet parmesanost<\/a><\/li>\n\t<li class=\"page_item page-item-2408\"><a href=\"https:\/\/www.magnihill.se\/dk\/opskrifter\/aftensmad\/rodfrugtgratin-med-hvidlog-og-gedeost\/\">Rodfrugtgratin med hvidl\u00f8g og gedeost<\/a><\/li>\n\t<li class=\"page_item page-item-2523\"><a href=\"https:\/\/www.magnihill.se\/dk\/opskrifter\/aftensmad\/spring-tacos\/\">Spring tacos<\/a><\/li>\n\t<li class=\"page_item page-item-1770\"><a href=\"https:\/\/www.magnihill.se\/dk\/opskrifter\/aftensmad\/vegetarisk-biksemad\/\">Vegetarisk biksemad<\/a><\/li>\n\t<li class=\"page_item page-item-2096\"><a href=\"https:\/\/www.magnihill.se\/dk\/opskrifter\/aftensmad\/vegetarisk-biksemad-toppet-med-rodbeder-i-tern-og-persillemayonnaise\/\">Vegetarisk biksemad toppet med r\u00f8dbeder i tern og persillemayonnaise<\/a><\/li>\n\t<li class=\"page_item page-item-1468\"><a href=\"https:\/\/www.magnihill.se\/dk\/opskrifter\/aftensmad\/vegetariske-grontsagsboffer\/\">Vegetariske gr\u00f8ntsagsb\u00f8ffer<\/a><\/li>\n\t<li class=\"page_item page-item-2404\"><a href=\"https:\/\/www.magnihill.se\/dk\/opskrifter\/aftensmad\/wokgrontsager-med-aegnudler\/\">Wokgr\u00f8ntsager med \u00e6gnudler<\/a><\/li>\n\t<li class=\"page_item page-item-1712\"><a href=\"https:\/\/www.magnihill.se\/dk\/opskrifter\/aftensmad\/ristede-rodfrugter-med-marineret-kylling-og-gron-aertepesto\/\">Ristede rodfrugter med marineret kylling og gr\u00f8n \u00e6rtepesto<\/a><\/li>\n<\/ul>\n<\/li>\n<li class=\"page_item page-item-255 page_item_has_children\"><a href=\"https:\/\/www.magnihill.se\/dk\/opskrifter\/desserter\/\">Desserter<\/a>\n<ul class='children'>\n\t<li class=\"page_item page-item-1668\"><a href=\"https:\/\/www.magnihill.se\/dk\/opskrifter\/desserter\/baertaerte-med-jordbaer-hindbaer-og-kirsebaer\/\">B\u00e6rt\u00e6rte med jordb\u00e6r, hindb\u00e6r og kirseb\u00e6r<\/a><\/li>\n\t<li class=\"page_item page-item-1558\"><a href=\"https:\/\/www.magnihill.se\/dk\/opskrifter\/desserter\/cremet-jordbaeris\/\">Cremet jordb\u00e6ris med kun 3 ingredienser<\/a><\/li>\n\t<li class=\"page_item page-item-2428\"><a href=\"https:\/\/www.magnihill.se\/dk\/opskrifter\/desserter\/risalamande-med-hindbaer-og-granataeblekompot\/\">Risalamande med hindb\u00e6r- og granat\u00e6blekompot<\/a><\/li>\n<\/ul>\n<\/li>\n<li class=\"page_item page-item-245 page_item_has_children\"><a href=\"https:\/\/www.magnihill.se\/dk\/opskrifter\/sallatbuffeten\/\">Salater og gr\u00f8ntsager<\/a>\n<ul class='children'>\n\t<li class=\"page_item page-item-2365\"><a href=\"https:\/\/www.magnihill.se\/dk\/opskrifter\/sallatbuffeten\/klassisk-rodbedesalat\/\">Cremet r\u00f8dbedesalat med \u00e6ble<\/a><\/li>\n\t<li class=\"page_item page-item-178\"><a href=\"https:\/\/www.magnihill.se\/dk\/opskrifter\/sallatbuffeten\/gulerodder-i-honning-dijon-marinade\/\">Guler\u00f8dder i marinade<\/a><\/li>\n\t<li class=\"page_item page-item-2495\"><a href=\"https:\/\/www.magnihill.se\/dk\/opskrifter\/sallatbuffeten\/inspiration-til-forars-gronne-vegetariske-poke-bowls\/\">Inspiration til for\u00e5rs gr\u00f8nne vegetariske poke bowls<\/a><\/li>\n\t<li class=\"page_item page-item-2342\"><a href=\"https:\/\/www.magnihill.se\/dk\/opskrifter\/sallatbuffeten\/julens-rosenkalssalat-med-granataeblekerner-og-appelsindressing\/\">Julens rosenk\u00e5lssalat med granat\u00e6blekerner og appelsindressing<\/a><\/li>\n\t<li class=\"page_item page-item-321\"><a href=\"https:\/\/www.magnihill.se\/dk\/opskrifter\/sallatbuffeten\/kartoffelsalat\/\">Kartoffelsalat med oliven og capers<\/a><\/li>\n\t<li class=\"page_item page-item-2515\"><a href=\"https:\/\/www.magnihill.se\/dk\/opskrifter\/sallatbuffeten\/poke-bowl-med-aerter-mango-gulerodder-og-haricots-verts\/\">Poke bowl med \u00e6rter, mango, guler\u00f8dder og haricots verts<\/a><\/li>\n\t<li class=\"page_item page-item-2508\"><a href=\"https:\/\/www.magnihill.se\/dk\/opskrifter\/sallatbuffeten\/poke-bowl-med-broccoli\/\">Poke bowl med broccoli, blomk\u00e5l, r\u00f8dbeder, majs og Edamame sojab\u00f8nner kerner<\/a><\/li>\n\t<li class=\"page_item page-item-2121\"><a href=\"https:\/\/www.magnihill.se\/dk\/opskrifter\/sallatbuffeten\/ristede-rodbeder-med-gron-dildolie-og-graeskarkerner\/\">Ristede r\u00f8dbeder med gr\u00f8n dildolie og gr\u00e6skarkerner<\/a><\/li>\n\t<li class=\"page_item page-item-2416\"><a href=\"https:\/\/www.magnihill.se\/dk\/opskrifter\/sallatbuffeten\/salat-med-gule-beder-og-aerter\/\">Salat med gule beder og \u00e6rter<\/a><\/li>\n\t<li class=\"page_item page-item-2079\"><a href=\"https:\/\/www.magnihill.se\/dk\/opskrifter\/sallatbuffeten\/syltede-rodbeder\/\">Syltede r\u00f8dbeder<\/a><\/li>\n\t<li class=\"page_item page-item-2360\"><a href=\"https:\/\/www.magnihill.se\/dk\/opskrifter\/sallatbuffeten\/syltede-rodbeder-med-stjerneanis\/\">Syltede r\u00f8dbeder med stjerneanis<\/a><\/li>\n\t<li class=\"page_item page-item-1647\"><a href=\"https:\/\/www.magnihill.se\/dk\/opskrifter\/sallatbuffeten\/syltede-sukkerroer-med-stjerneanis\/\">Syltede sukkerroer med stjerneanis<\/a><\/li>\n\t<li class=\"page_item page-item-2351\"><a href=\"https:\/\/www.magnihill.se\/dk\/opskrifter\/sallatbuffeten\/urteagtig-majssalat\/\">Urteagtig majssalat<\/a><\/li>\n<\/ul>\n<\/li>\n<li class=\"page_item page-item-257 page_item_has_children\"><a href=\"https:\/\/www.magnihill.se\/dk\/opskrifter\/sauce-og-tillbehor\/\">Sauce og tilbeh\u00f8r<\/a>\n<ul class='children'>\n\t<li class=\"page_item page-item-2503\"><a href=\"https:\/\/www.magnihill.se\/dk\/opskrifter\/sauce-og-tillbehor\/aertecreme-2\/\">\u00c6rtecreme<\/a><\/li>\n\t<li class=\"page_item page-item-1971\"><a href=\"https:\/\/www.magnihill.se\/dk\/opskrifter\/sauce-og-tillbehor\/aerteguacamole\/\">\u00c6rteguacamole<\/a><\/li>\n\t<li class=\"page_item page-item-1888\"><a href=\"https:\/\/www.magnihill.se\/dk\/opskrifter\/sauce-og-tillbehor\/aertepesto\/\">\u00c6rtepesto<\/a><\/li>\n\t<li class=\"page_item page-item-2771\"><a href=\"https:\/\/www.magnihill.se\/dk\/opskrifter\/sauce-og-tillbehor\/gulerods-og-appelsinmarmelade\/\">Gulerods- og appelsinmarmelade<\/a><\/li>\n\t<li class=\"page_item page-item-2767\"><a href=\"https:\/\/www.magnihill.se\/dk\/opskrifter\/sauce-og-tillbehor\/gulerodsboller\/\">Gulerodsboller<\/a><\/li>\n\t<li class=\"page_item page-item-1257\"><a href=\"https:\/\/www.magnihill.se\/dk\/opskrifter\/sauce-og-tillbehor\/hummus-din-yndlingsgrontsag\/\">HUMMUS &#8211; DIN YNDLINGSGR\u00d8NTSAG<\/a><\/li>\n\t<li class=\"page_item page-item-330\"><a href=\"https:\/\/www.magnihill.se\/dk\/opskrifter\/sauce-og-tillbehor\/parmasansauce\/\">Parmasansauce<\/a><\/li>\n<\/ul>\n<\/li>\n<li class=\"page_item page-item-815 page_item_has_children\"><a href=\"https:\/\/www.magnihill.se\/dk\/opskrifter\/juice-smoothie\/\">Smoothie &#038; juice<\/a>\n<ul class='children'>\n\t<li class=\"page_item page-item-1684\"><a href=\"https:\/\/www.magnihill.se\/dk\/opskrifter\/juice-smoothie\/ananas-smoothie\/\">Ananas smoothie<\/a><\/li>\n\t<li class=\"page_item page-item-922\"><a href=\"https:\/\/www.magnihill.se\/dk\/opskrifter\/juice-smoothie\/okologisk-smoothie\/\">B\u00e6rmix med mango smoothie<\/a><\/li>\n\t<li class=\"page_item page-item-1910\"><a href=\"https:\/\/www.magnihill.se\/dk\/opskrifter\/juice-smoothie\/laekker-limonade-med-rabarber\/\">L\u00e6kker limonade med rabarber<\/a><\/li>\n<\/ul>\n<\/li>\n<li class=\"page_item page-item-251 page_item_has_children\"><a href=\"https:\/\/www.magnihill.se\/dk\/opskrifter\/suppebuffeten\/\">Suppe<\/a>\n<ul class='children'>\n\t<li class=\"page_item page-item-2719\"><a href=\"https:\/\/www.magnihill.se\/dk\/opskrifter\/suppebuffeten\/cremet-grontsagsuppe\/\">Cremet gr\u00f8ntsagsuppe<\/a><\/li>\n\t<li class=\"page_item page-item-1750\"><a href=\"https:\/\/www.magnihill.se\/dk\/opskrifter\/suppebuffeten\/gron-aertesuppe-nem-og-laekker-opskrift\/\">Gr\u00f8n \u00c6rtesuppe &#8211; nem og l\u00e6kker opskrift<\/a><\/li>\n\t<li class=\"page_item page-item-1601\"><a href=\"https:\/\/www.magnihill.se\/dk\/opskrifter\/suppebuffeten\/jordskokkesuppe\/\">Jordskokkesuppe med parmesancreme og hakket n\u00f8dder og persille<\/a><\/li>\n\t<li class=\"page_item page-item-2384\"><a href=\"https:\/\/www.magnihill.se\/dk\/opskrifter\/suppebuffeten\/jordskokkesuppe-med-ristede-paerer-og-champignon\/\">Jordskokkesuppe med ristede p\u00e6rer og champignon<\/a><\/li>\n\t<li class=\"page_item page-item-2419\"><a href=\"https:\/\/www.magnihill.se\/dk\/opskrifter\/suppebuffeten\/kartoffel-porresuppe-med-citron-og-hvidlogscremefraiche\/\">Kartoffel- &amp; porresuppe med citron- og hvidl\u00f8gscremefraiche<\/a><\/li>\n\t<li class=\"page_item page-item-1920\"><a href=\"https:\/\/www.magnihill.se\/dk\/opskrifter\/suppebuffeten\/nem-og-hurtig-broccolisuppe\/\">Nem og hurtig broccolisuppe<\/a><\/li>\n\t<li class=\"page_item page-item-475\"><a href=\"https:\/\/www.magnihill.se\/dk\/opskrifter\/suppebuffeten\/graeskar-gulerodssuppe\/\">Orientalsk gr\u00e6skar &#038; gulerodssuppe<\/a><\/li>\n\t<li class=\"page_item page-item-413\"><a href=\"https:\/\/www.magnihill.se\/dk\/opskrifter\/suppebuffeten\/rodbedesuppe\/\">R\u00f8dbedesuppe<\/a><\/li>\n<\/ul>\n<\/li>\n<\/ul>\n","protected":false},"excerpt":{"rendered":"<p>Med denne samling af opskrifter \u00f8nsker vi at inspirere til en nem, billig og smagfuld m\u00e5de at bruge frosne planteprodukter i madlavningen. Uden at g\u00e5 p\u00e5 kompromis med kvaliteten.<\/p>\n","protected":false},"author":1,"featured_media":0,"parent":0,"menu_order":5,"comment_status":"closed","ping_status":"closed","template":"","meta":{"_monsterinsights_skip_tracking":false,"_monsterinsights_sitenote_active":false,"_monsterinsights_sitenote_note":"","_monsterinsights_sitenote_category":0,"ngg_post_thumbnail":0,"footnotes":""},"class_list":["post-4","page","type-page","status-publish","hentry"],"aioseo_notices":[],"_links":{"self":[{"href":"https:\/\/www.magnihill.se\/dk\/wp-json\/wp\/v2\/pages\/4","targetHints":{"allow":["GET"]}}],"collection":[{"href":"https:\/\/www.magnihill.se\/dk\/wp-json\/wp\/v2\/pages"}],"about":[{"href":"https:\/\/www.magnihill.se\/dk\/wp-json\/wp\/v2\/types\/page"}],"author":[{"embeddable":true,"href":"https:\/\/www.magnihill.se\/dk\/wp-json\/wp\/v2\/users\/1"}],"replies":[{"embeddable":true,"href":"https:\/\/www.magnihill.se\/dk\/wp-json\/wp\/v2\/comments?post=4"}],"version-history":[{"count":2,"href":"https:\/\/www.magnihill.se\/dk\/wp-json\/wp\/v2\/pages\/4\/revisions"}],"predecessor-version":[{"id":2437,"href":"https:\/\/www.magnihill.se\/dk\/wp-json\/wp\/v2\/pages\/4\/revisions\/2437"}],"wp:attachment":[{"href":"https:\/\/www.magnihill.se\/dk\/wp-json\/wp\/v2\/media?parent=4"}],"curies":[{"name":"wp","href":"https:\/\/api.w.org\/{rel}","templated":true}]}}