{"id":330,"date":"2011-12-02T15:34:51","date_gmt":"2011-12-02T14:34:51","guid":{"rendered":"http:\/\/www.magnihill.se\/dk\/?page_id=330"},"modified":"2023-05-03T10:32:08","modified_gmt":"2023-05-03T09:32:08","slug":"parmasansauce","status":"publish","type":"page","link":"https:\/\/www.magnihill.se\/dk\/opskrifter\/sauce-og-tillbehor\/parmasansauce\/","title":{"rendered":"Parmasansauce"},"content":{"rendered":"\n<p>Enkel og l\u00e6kker til grillet mad eller som dip til gr\u00f8ntsager.<\/p>\n\n\n\n<h4 class=\"wp-block-heading\">Dip til ca 10 personer<\/h4>\n\n\n\n<p>2 dl creme fraiche<br>2 dl groft reven parmasanost<br>3-4 stk. hvidl\u00f8gsfed, presset<\/p>\n\n\n\n<p>Bland og lad st\u00e5 i k\u00f8leskab inden servering. Det er ogs\u00e5 muligt at tilberede saucen dagen f\u00f8r servering.<\/p>\n","protected":false},"excerpt":{"rendered":"<p>Enkel og l\u00e6kker til grillet mad eller som dip til gr\u00f8ntsager. Dip til ca 10 personer 2 dl creme fraiche2 dl groft reven parmasanost3-4 stk. hvidl\u00f8gsfed, presset Bland og lad st\u00e5 i k\u00f8leskab inden servering. Det er ogs\u00e5 muligt at tilberede saucen dagen f\u00f8r servering.<\/p>\n","protected":false},"author":1,"featured_media":0,"parent":257,"menu_order":0,"comment_status":"closed","ping_status":"open","template":"","meta":{"_monsterinsights_skip_tracking":false,"_monsterinsights_sitenote_active":false,"_monsterinsights_sitenote_note":"","_monsterinsights_sitenote_category":0,"ngg_post_thumbnail":0,"footnotes":""},"class_list":["post-330","page","type-page","status-publish","hentry"],"aioseo_notices":[],"_links":{"self":[{"href":"https:\/\/www.magnihill.se\/dk\/wp-json\/wp\/v2\/pages\/330","targetHints":{"allow":["GET"]}}],"collection":[{"href":"https:\/\/www.magnihill.se\/dk\/wp-json\/wp\/v2\/pages"}],"about":[{"href":"https:\/\/www.magnihill.se\/dk\/wp-json\/wp\/v2\/types\/page"}],"author":[{"embeddable":true,"href":"https:\/\/www.magnihill.se\/dk\/wp-json\/wp\/v2\/users\/1"}],"replies":[{"embeddable":true,"href":"https:\/\/www.magnihill.se\/dk\/wp-json\/wp\/v2\/comments?post=330"}],"version-history":[{"count":0,"href":"https:\/\/www.magnihill.se\/dk\/wp-json\/wp\/v2\/pages\/330\/revisions"}],"up":[{"embeddable":true,"href":"https:\/\/www.magnihill.se\/dk\/wp-json\/wp\/v2\/pages\/257"}],"wp:attachment":[{"href":"https:\/\/www.magnihill.se\/dk\/wp-json\/wp\/v2\/media?parent=330"}],"curies":[{"name":"wp","href":"https:\/\/api.w.org\/{rel}","templated":true}]}}