{"id":2771,"date":"2026-03-04T11:01:13","date_gmt":"2026-03-04T10:01:13","guid":{"rendered":"https:\/\/www.magnihill.se\/dk\/?page_id=2771"},"modified":"2026-03-04T11:06:55","modified_gmt":"2026-03-04T10:06:55","slug":"gulerods-og-appelsinmarmelade","status":"publish","type":"page","link":"https:\/\/www.magnihill.se\/dk\/opskrifter\/sauce-og-tillbehor\/gulerods-og-appelsinmarmelade\/","title":{"rendered":"Gulerods- og appelsinmarmelade"},"content":{"rendered":"\n<h5 class=\"wp-block-heading\">Giver ca. 2 glas<\/h5>\n\n\n\n<p class=\"wp-block-heading\">200 gram Magnihill guler\u00f8dder strimlede<br>3 appelsiner<br>4 dl vand<br>500 gram sukker (ca. 5 dl)<\/p>\n\n\n\n<h5 class=\"wp-block-heading\">Fremgangsm\u00e5de<\/h5>\n\n\n\n<p>Tag de strimlede guler\u00f8dder ud af fryseren. Vask appelsinerne grundigt, skr\u00e6l dem og riv dem fint.<br>Kom guler\u00f8dder og appelsinskal i en gryde og tils\u00e6t vandet. Bring det i kog og lad det simre i 15 minutter.<\/p>\n\n\n\n<p>Pres appelsinerne og tils\u00e6t saften til gryden sammen med syltesukkeret.<br>Kog i 5-10 minutter under konstant omr\u00f8ring. <br>Lad det k\u00f8le lidt af og h\u00e6ld det derefter p\u00e5 grundigt rengjorte glas.<br><br><em>Opskrift i samarbejde med Louise Bondebjer.<\/em><\/p>\n","protected":false},"excerpt":{"rendered":"<p>Giver ca. 2 glas 200 gram Magnihill guler\u00f8dder strimlede3 appelsiner4 dl vand500 gram sukker (ca. 5 dl) Fremgangsm\u00e5de Tag de strimlede guler\u00f8dder ud af fryseren. Vask appelsinerne grundigt, skr\u00e6l dem og riv dem fint.Kom guler\u00f8dder og appelsinskal i en gryde og tils\u00e6t vandet. Bring det i kog og lad det simre i 15 minutter. Pres appelsinerne og tils\u00e6t saften til gryden sammen med syltesukkeret.Kog i 5-10 minutter under konstant omr\u00f8ring. Lad det k\u00f8le lidt af og h\u00e6ld det derefter p\u00e5 grundigt rengjorte glas. Opskrift i samarbejde med Louise Bondebjer.<\/p>\n","protected":false},"author":1,"featured_media":0,"parent":257,"menu_order":0,"comment_status":"closed","ping_status":"closed","template":"","meta":{"_monsterinsights_skip_tracking":false,"_monsterinsights_sitenote_active":false,"_monsterinsights_sitenote_note":"","_monsterinsights_sitenote_category":0,"ngg_post_thumbnail":0,"footnotes":""},"class_list":["post-2771","page","type-page","status-publish","hentry"],"aioseo_notices":[],"_links":{"self":[{"href":"https:\/\/www.magnihill.se\/dk\/wp-json\/wp\/v2\/pages\/2771","targetHints":{"allow":["GET"]}}],"collection":[{"href":"https:\/\/www.magnihill.se\/dk\/wp-json\/wp\/v2\/pages"}],"about":[{"href":"https:\/\/www.magnihill.se\/dk\/wp-json\/wp\/v2\/types\/page"}],"author":[{"embeddable":true,"href":"https:\/\/www.magnihill.se\/dk\/wp-json\/wp\/v2\/users\/1"}],"replies":[{"embeddable":true,"href":"https:\/\/www.magnihill.se\/dk\/wp-json\/wp\/v2\/comments?post=2771"}],"version-history":[{"count":1,"href":"https:\/\/www.magnihill.se\/dk\/wp-json\/wp\/v2\/pages\/2771\/revisions"}],"predecessor-version":[{"id":2772,"href":"https:\/\/www.magnihill.se\/dk\/wp-json\/wp\/v2\/pages\/2771\/revisions\/2772"}],"up":[{"embeddable":true,"href":"https:\/\/www.magnihill.se\/dk\/wp-json\/wp\/v2\/pages\/257"}],"wp:attachment":[{"href":"https:\/\/www.magnihill.se\/dk\/wp-json\/wp\/v2\/media?parent=2771"}],"curies":[{"name":"wp","href":"https:\/\/api.w.org\/{rel}","templated":true}]}}