{"id":2767,"date":"2026-03-04T10:45:04","date_gmt":"2026-03-04T09:45:04","guid":{"rendered":"https:\/\/www.magnihill.se\/dk\/?page_id=2767"},"modified":"2026-03-04T10:46:42","modified_gmt":"2026-03-04T09:46:42","slug":"gulerodsboller","status":"publish","type":"page","link":"https:\/\/www.magnihill.se\/dk\/opskrifter\/sauce-og-tillbehor\/gulerodsboller\/","title":{"rendered":"Gulerodsboller"},"content":{"rendered":"\n<h6>Hurtige og nemme gulerodsboller, som du kan bage dagen f\u00f8r. Om morgenen tager du den kolde dej ud, deler den i lige store stykker og s\u00e6tter dem i ovnen. Efter 30-40 minutter kan du nyde l\u00e6kre, friskbagte gulerodsboller.<br>Gulerodsboller er bl\u00f8de og holder sig fint friske til dagen efter de er bagt. Gulerodsboller er bare altid et sikkert hit, de er l\u00e6kre og hurtige at lave og s\u00e5 kan de fint fryses ned. Det er alts\u00e5 l\u00e6kkert altid at have gode hjemmebagte boller i fryseren.<\/h6>\n<h5>Ca. 16 gulerodsboller<\/h5>\n<p>Ca. 200 gram Magnihill strimlede guler\u00f8dder<\/p>\n<p>50 gram g\u00e6r<\/p>\n<p>1 liter m\u00e6lk<\/p>\n<p>3 spsk olie<\/p>\n<p>2 spsk honning<\/p>\n<p>3 tsk salt<\/p>\n<p>4 dl rugmel<\/p>\n<p>20 dl hvedemel<\/p>\n<p>Topping: gr\u00e6skarkerner, solsikkekerner og flagesalt<\/p>\n<h5>Fremgangsm\u00e5de<\/h5>\n<p>Smuldr g\u00e6ren i en sk\u00e5l og opl\u00f8s den i m\u00e6lken. Tils\u00e6t de opt\u00f8ede strimlede guler\u00f8dder, mel x 2 (lidt ad gangen), olie, honning og salt og \u00e6lt det til en dej.<\/p>\n<p>D\u00e6k dejen til og s\u00e6t den i k\u00f8leskabet natten over.<\/p>\n<p>Om morgenen h\u00e6ldes dejen ud p\u00e5 et melet bord og deles i lige store stykker.<\/p>\n<p>L\u00e6g bollerne p\u00e5 en bageplade med bagepapir, pensl dem med vand og drys med kerner og flagesalt. Lad dem h\u00e6ve p\u00e5 pladen i ca. 20 minutter.<\/p>\n<p>Bag bollerne midt i ovnen ved 250 grader, top- og bundvarme, i ca. 15-20 minutter.<\/p>\n<p>Lad dem k\u00f8le af p\u00e5 en bagerist med eller uden bagepapir.<\/p>\n<p><em>Opskrift skabt af Louise Bondebjer.<\/em><\/p>\n","protected":false},"excerpt":{"rendered":"<p>Hurtige og nemme gulerodsboller, som du kan bage dagen f\u00f8r. Om morgenen tager du den kolde dej ud, deler den i lige store stykker og s\u00e6tter dem i ovnen. Efter 30-40 minutter kan du nyde l\u00e6kre, friskbagte gulerodsboller.Gulerodsboller er bl\u00f8de og holder sig fint friske til dagen efter de er bagt. Gulerodsboller er bare altid et sikkert hit, de er l\u00e6kre og hurtige at lave og s\u00e5 kan de fint fryses ned. Det er alts\u00e5 l\u00e6kkert altid at have gode hjemmebagte boller i fryseren. Ca. 16 gulerodsboller Ca. 200 gram Magnihill strimlede guler\u00f8dder 50 gram g\u00e6r 1 liter m\u00e6lk 3 spsk olie 2 spsk honning 3 tsk salt 4 dl rugmel 20 dl hvedemel Topping: gr\u00e6skarkerner, solsikkekerner og flagesalt Fremgangsm\u00e5de Smuldr g\u00e6ren i en sk\u00e5l og opl\u00f8s den i m\u00e6lken. Tils\u00e6t de opt\u00f8ede strimlede guler\u00f8dder, [&hellip;]<\/p>\n","protected":false},"author":1,"featured_media":2758,"parent":257,"menu_order":0,"comment_status":"closed","ping_status":"closed","template":"","meta":{"_monsterinsights_skip_tracking":false,"_monsterinsights_sitenote_active":false,"_monsterinsights_sitenote_note":"","_monsterinsights_sitenote_category":0,"ngg_post_thumbnail":0,"footnotes":""},"class_list":["post-2767","page","type-page","status-publish","has-post-thumbnail","hentry"],"aioseo_notices":[],"_links":{"self":[{"href":"https:\/\/www.magnihill.se\/dk\/wp-json\/wp\/v2\/pages\/2767","targetHints":{"allow":["GET"]}}],"collection":[{"href":"https:\/\/www.magnihill.se\/dk\/wp-json\/wp\/v2\/pages"}],"about":[{"href":"https:\/\/www.magnihill.se\/dk\/wp-json\/wp\/v2\/types\/page"}],"author":[{"embeddable":true,"href":"https:\/\/www.magnihill.se\/dk\/wp-json\/wp\/v2\/users\/1"}],"replies":[{"embeddable":true,"href":"https:\/\/www.magnihill.se\/dk\/wp-json\/wp\/v2\/comments?post=2767"}],"version-history":[{"count":3,"href":"https:\/\/www.magnihill.se\/dk\/wp-json\/wp\/v2\/pages\/2767\/revisions"}],"predecessor-version":[{"id":2770,"href":"https:\/\/www.magnihill.se\/dk\/wp-json\/wp\/v2\/pages\/2767\/revisions\/2770"}],"up":[{"embeddable":true,"href":"https:\/\/www.magnihill.se\/dk\/wp-json\/wp\/v2\/pages\/257"}],"wp:featuredmedia":[{"embeddable":true,"href":"https:\/\/www.magnihill.se\/dk\/wp-json\/wp\/v2\/media\/2758"}],"wp:attachment":[{"href":"https:\/\/www.magnihill.se\/dk\/wp-json\/wp\/v2\/media?parent=2767"}],"curies":[{"name":"wp","href":"https:\/\/api.w.org\/{rel}","templated":true}]}}