{"id":2719,"date":"2025-11-24T12:15:23","date_gmt":"2025-11-24T11:15:23","guid":{"rendered":"https:\/\/www.magnihill.se\/dk\/?page_id=2719"},"modified":"2025-11-24T12:15:55","modified_gmt":"2025-11-24T11:15:55","slug":"cremet-grontsagsuppe","status":"publish","type":"page","link":"https:\/\/www.magnihill.se\/dk\/opskrifter\/suppebuffeten\/cremet-grontsagsuppe\/","title":{"rendered":"Cremet gr\u00f8ntsagsuppe"},"content":{"rendered":"\n<h5>Inspireret af den svenske klassiker \u2018\u00c4ngasoppa\u2019 \u2013 en mild og cremet gr\u00f8ntsagssuppe med blomk\u00e5l, \u00e6rter og rodfrugter.<\/h5>\n<h3>10 portioner<\/h3>\n<p>700 g <b>Magnihill rodfrugtmix tern, \u00d8KO <\/b>eller <b>Magnihill Biksemad vegetarisk \u00d8KO <\/b><b><\/b><\/p>\n<p>350 g <b>Magnihill gr\u00f8nne \u00e6rter&nbsp;<\/b><b><\/b><\/p>\n<p>500 g <b>Magnihill blomk\u00e5l&nbsp;<\/b><b><\/b><\/p>\n<p>2 liter vand<\/p>\n<p>3\u20134 bouillonterninger efter smag<\/p>\n<p>1 spsk salt<\/p>\n<p>5 dl fl\u00f8de<\/p>\n<p>ca. 8 spsk lys j\u00e6vning eller majsstivelse<\/p>\n<p>salt &amp; hvid peber<\/p>\n<h3>FREMGANGSM\u00c5DE<\/h3>\n<p>Bring vandet i kog i en stor gryde. Tils\u00e6t bouillonterningerne og r\u00f8r, indtil de er opl\u00f8st. Kom de frosne rodfrugter i gryden og lad dem simre i ca. 10 minutter. Tils\u00e6t blomk\u00e5len og lad det simre et par minutter mere.<\/p>\n<p>Tils\u00e6t fl\u00f8den og r\u00f8r rundt. Tils\u00e6t derefter j\u00e6vningen under omr\u00f8ring.<\/p>\n<p>Smag til med salt og hvid peber.<\/p>\n<p>Tils\u00e6t de gr\u00f8nne \u00e6rter kort inden servering \u2013 det er fint, hvis de bevarer deres friske gr\u00f8nne farve.<\/p>\n<p><b>Ved servering: <\/b>Varm suppen op og server med nybagt gulerodsbr\u00f8d, en klat sm\u00f8r og gerne et drys persille p\u00e5 toppen.<\/p>\n","protected":false},"excerpt":{"rendered":"<p>Inspireret af den svenske klassiker \u2018\u00c4ngasoppa\u2019 \u2013 en mild og cremet gr\u00f8ntsagssuppe med blomk\u00e5l, \u00e6rter og rodfrugter. 10 portioner 700 g Magnihill rodfrugtmix tern, \u00d8KO eller Magnihill Biksemad vegetarisk \u00d8KO 350 g Magnihill gr\u00f8nne \u00e6rter&nbsp; 500 g Magnihill blomk\u00e5l&nbsp; 2 liter vand 3\u20134 bouillonterninger efter smag 1 spsk salt 5 dl fl\u00f8de ca. 8 spsk lys j\u00e6vning eller majsstivelse salt &amp; hvid peber FREMGANGSM\u00c5DE Bring vandet i kog i en stor gryde. Tils\u00e6t bouillonterningerne og r\u00f8r, indtil de er opl\u00f8st. Kom de frosne rodfrugter i gryden og lad dem simre i ca. 10 minutter. Tils\u00e6t blomk\u00e5len og lad det simre et par minutter mere. Tils\u00e6t fl\u00f8den og r\u00f8r rundt. Tils\u00e6t derefter j\u00e6vningen under omr\u00f8ring. Smag til med salt og hvid peber. Tils\u00e6t de gr\u00f8nne \u00e6rter kort inden servering \u2013 det er fint, hvis de bevarer [&hellip;]<\/p>\n","protected":false},"author":1,"featured_media":2720,"parent":251,"menu_order":0,"comment_status":"closed","ping_status":"closed","template":"","meta":{"_monsterinsights_skip_tracking":false,"_monsterinsights_sitenote_active":false,"_monsterinsights_sitenote_note":"","_monsterinsights_sitenote_category":0,"ngg_post_thumbnail":0,"footnotes":""},"class_list":["post-2719","page","type-page","status-publish","has-post-thumbnail","hentry"],"aioseo_notices":[],"_links":{"self":[{"href":"https:\/\/www.magnihill.se\/dk\/wp-json\/wp\/v2\/pages\/2719","targetHints":{"allow":["GET"]}}],"collection":[{"href":"https:\/\/www.magnihill.se\/dk\/wp-json\/wp\/v2\/pages"}],"about":[{"href":"https:\/\/www.magnihill.se\/dk\/wp-json\/wp\/v2\/types\/page"}],"author":[{"embeddable":true,"href":"https:\/\/www.magnihill.se\/dk\/wp-json\/wp\/v2\/users\/1"}],"replies":[{"embeddable":true,"href":"https:\/\/www.magnihill.se\/dk\/wp-json\/wp\/v2\/comments?post=2719"}],"version-history":[{"count":1,"href":"https:\/\/www.magnihill.se\/dk\/wp-json\/wp\/v2\/pages\/2719\/revisions"}],"predecessor-version":[{"id":2722,"href":"https:\/\/www.magnihill.se\/dk\/wp-json\/wp\/v2\/pages\/2719\/revisions\/2722"}],"up":[{"embeddable":true,"href":"https:\/\/www.magnihill.se\/dk\/wp-json\/wp\/v2\/pages\/251"}],"wp:featuredmedia":[{"embeddable":true,"href":"https:\/\/www.magnihill.se\/dk\/wp-json\/wp\/v2\/media\/2720"}],"wp:attachment":[{"href":"https:\/\/www.magnihill.se\/dk\/wp-json\/wp\/v2\/media?parent=2719"}],"curies":[{"name":"wp","href":"https:\/\/api.w.org\/{rel}","templated":true}]}}