{"id":2610,"date":"2025-08-21T09:38:28","date_gmt":"2025-08-21T08:38:28","guid":{"rendered":"https:\/\/www.magnihill.se\/dk\/?page_id=2610"},"modified":"2025-08-21T09:50:17","modified_gmt":"2025-08-21T08:50:17","slug":"fakta-om-guleroden","status":"publish","type":"page","link":"https:\/\/www.magnihill.se\/dk\/produktion\/fakta-om-guleroden\/","title":{"rendered":"Fakta om gulerod"},"content":{"rendered":"\n<h5>Frisk, spr\u00f8d og fuld af smag \u2013 guleroden er en af vores mest elskede r\u00e5varer.<br data-start=\"185\" data-end=\"188\">Hos Magnihill dyrker og for\u00e6dler vi svensk gulerod, s\u00e5 du kan nyde den klassiske rodfrugt i mange former \u00e5ret rundt \u2013 altid h\u00f8stet med omtanke og frosset for at bevare n\u00e6ring og smag.<\/h5>\n<p data-start=\"99\" data-end=\"425\">Guleroden er en popul\u00e6r rodfrugt, som findes svenskdyrket hele \u00e5ret. Det er en gammel kulturplante, der har v\u00e6ret dyrket i Europa i mere end 2000 \u00e5r. Guler\u00f8dder indeholder et stof, der hedder betakaroten (karotin), som i kroppen omdannes til A-vitamin. A-vitamin er godt for synet, men er ogs\u00e5 vigtigt for h\u00e5r, negle og hud.<\/p>\n<p data-start=\"427\" data-end=\"686\">Guler\u00f8dder findes i flere farver, men er oftest orange. I Sverige dyrkes der mange guler\u00f8dder, og vi er n\u00e6sten selvforsynende. I vores sortiment findes b\u00e5de gule og orange guler\u00f8dder. Guleroden indg\u00e5r ogs\u00e5 i de fleste af vores farverige gr\u00f8ntsagsblandinger.<br><br>Vores guler\u00f8dder f\u00e5s i flere snit \u2013 strimler, skiver, tern og b\u00e5de.<\/p>\n<h3 data-start=\"688\" data-end=\"718\">Tilberedning &amp; gode tips<\/h3>\n<p data-start=\"719\" data-end=\"1175\"><strong data-start=\"719\" data-end=\"732\">Stegning:<\/strong> Tilberedes med fordel direkte fra fryseren. Svits \/ wok de frosne guler\u00f8dder i sm\u00f8r ved middelh\u00f8j varme i ca. 10 min., krydr gerne med lidt gourmetsalt og urter. S\u00e5 snart de er gennemvarme, er de klar til at spise.<br data-start=\"947\" data-end=\"950\"><strong data-start=\"950\" data-end=\"962\">Kogning:<\/strong> H\u00e6ld de frosne guler\u00f8dder i kogende, saltet vand. Lad dem simre, indtil de er gennemvarme, og server som tilbeh\u00f8r.<br data-start=\"1077\" data-end=\"1080\"><strong data-start=\"1080\" data-end=\"1095\">Ovnbagning:<\/strong> S\u00e6t ovnen p\u00e5 175\u00b0C og bag guler\u00f8dderne sammen med sm\u00f8r, salt og krydderurter.<\/p>\n<h3 data-start=\"1177\" data-end=\"1209\">Ekstra l\u00e6kkert sammen med\u2026<\/h3>\n<p data-start=\"1210\" data-end=\"1333\">Sm\u00f8r, citron, appelsin, chili, basilikum, persille, koriander, timian, ingef\u00e6r, alleh\u00e5nde, r\u00f8gede smage, and og boghvede.<\/p>\n\n\n","protected":false},"excerpt":{"rendered":"<p>Frisk, spr\u00f8d og fuld af smag \u2013 guleroden er en af vores mest elskede r\u00e5varer.Hos Magnihill dyrker og for\u00e6dler vi svensk gulerod, s\u00e5 du kan nyde den klassiske rodfrugt i mange former \u00e5ret rundt \u2013 altid h\u00f8stet med omtanke og frosset for at bevare n\u00e6ring og smag. Guleroden er en popul\u00e6r rodfrugt, som findes svenskdyrket hele \u00e5ret. Det er en gammel kulturplante, der har v\u00e6ret dyrket i Europa i mere end 2000 \u00e5r. Guler\u00f8dder indeholder et stof, der hedder betakaroten (karotin), som i kroppen omdannes til A-vitamin. A-vitamin er godt for synet, men er ogs\u00e5 vigtigt for h\u00e5r, negle og hud. Guler\u00f8dder findes i flere farver, men er oftest orange. I Sverige dyrkes der mange guler\u00f8dder, og vi er n\u00e6sten selvforsynende. I vores sortiment findes b\u00e5de gule og orange guler\u00f8dder. Guleroden indg\u00e5r ogs\u00e5 i de [&hellip;]<\/p>\n","protected":false},"author":1,"featured_media":2611,"parent":9,"menu_order":0,"comment_status":"closed","ping_status":"closed","template":"","meta":{"_monsterinsights_skip_tracking":false,"_monsterinsights_sitenote_active":false,"_monsterinsights_sitenote_note":"","_monsterinsights_sitenote_category":0,"ngg_post_thumbnail":0,"footnotes":""},"class_list":["post-2610","page","type-page","status-publish","has-post-thumbnail","hentry"],"aioseo_notices":[],"_links":{"self":[{"href":"https:\/\/www.magnihill.se\/dk\/wp-json\/wp\/v2\/pages\/2610","targetHints":{"allow":["GET"]}}],"collection":[{"href":"https:\/\/www.magnihill.se\/dk\/wp-json\/wp\/v2\/pages"}],"about":[{"href":"https:\/\/www.magnihill.se\/dk\/wp-json\/wp\/v2\/types\/page"}],"author":[{"embeddable":true,"href":"https:\/\/www.magnihill.se\/dk\/wp-json\/wp\/v2\/users\/1"}],"replies":[{"embeddable":true,"href":"https:\/\/www.magnihill.se\/dk\/wp-json\/wp\/v2\/comments?post=2610"}],"version-history":[{"count":3,"href":"https:\/\/www.magnihill.se\/dk\/wp-json\/wp\/v2\/pages\/2610\/revisions"}],"predecessor-version":[{"id":2620,"href":"https:\/\/www.magnihill.se\/dk\/wp-json\/wp\/v2\/pages\/2610\/revisions\/2620"}],"up":[{"embeddable":true,"href":"https:\/\/www.magnihill.se\/dk\/wp-json\/wp\/v2\/pages\/9"}],"wp:featuredmedia":[{"embeddable":true,"href":"https:\/\/www.magnihill.se\/dk\/wp-json\/wp\/v2\/media\/2611"}],"wp:attachment":[{"href":"https:\/\/www.magnihill.se\/dk\/wp-json\/wp\/v2\/media?parent=2610"}],"curies":[{"name":"wp","href":"https:\/\/api.w.org\/{rel}","templated":true}]}}