{"id":255,"date":"2011-12-02T09:43:48","date_gmt":"2011-12-02T08:43:48","guid":{"rendered":"http:\/\/www.magnihill.se\/dk\/?page_id=255"},"modified":"2023-03-02T19:02:28","modified_gmt":"2023-03-02T18:02:28","slug":"desserter","status":"publish","type":"page","link":"https:\/\/www.magnihill.se\/dk\/opskrifter\/desserter\/","title":{"rendered":"Desserter"},"content":{"rendered":"<ul class=\"child-pages\"><li class=\"page_item page-item-1668\"><a href=\"https:\/\/www.magnihill.se\/dk\/opskrifter\/desserter\/baertaerte-med-jordbaer-hindbaer-og-kirsebaer\/\">B\u00e6rt\u00e6rte med jordb\u00e6r, hindb\u00e6r og kirseb\u00e6r<\/a><\/li>\n<li class=\"page_item page-item-1558\"><a href=\"https:\/\/www.magnihill.se\/dk\/opskrifter\/desserter\/cremet-jordbaeris\/\">Cremet jordb\u00e6ris med kun 3 ingredienser<\/a><\/li>\n<li class=\"page_item page-item-2428\"><a href=\"https:\/\/www.magnihill.se\/dk\/opskrifter\/desserter\/risalamande-med-hindbaer-og-granataeblekompot\/\">Risalamande med hindb\u00e6r- og granat\u00e6blekompot<\/a><\/li>\n<\/ul>\n","protected":false},"excerpt":{"rendered":"","protected":false},"author":1,"featured_media":0,"parent":4,"menu_order":0,"comment_status":"closed","ping_status":"open","template":"","meta":{"_monsterinsights_skip_tracking":false,"_monsterinsights_sitenote_active":false,"_monsterinsights_sitenote_note":"","_monsterinsights_sitenote_category":0,"ngg_post_thumbnail":0,"footnotes":""},"class_list":["post-255","page","type-page","status-publish","hentry"],"aioseo_notices":[],"_links":{"self":[{"href":"https:\/\/www.magnihill.se\/dk\/wp-json\/wp\/v2\/pages\/255","targetHints":{"allow":["GET"]}}],"collection":[{"href":"https:\/\/www.magnihill.se\/dk\/wp-json\/wp\/v2\/pages"}],"about":[{"href":"https:\/\/www.magnihill.se\/dk\/wp-json\/wp\/v2\/types\/page"}],"author":[{"embeddable":true,"href":"https:\/\/www.magnihill.se\/dk\/wp-json\/wp\/v2\/users\/1"}],"replies":[{"embeddable":true,"href":"https:\/\/www.magnihill.se\/dk\/wp-json\/wp\/v2\/comments?post=255"}],"version-history":[{"count":0,"href":"https:\/\/www.magnihill.se\/dk\/wp-json\/wp\/v2\/pages\/255\/revisions"}],"up":[{"embeddable":true,"href":"https:\/\/www.magnihill.se\/dk\/wp-json\/wp\/v2\/pages\/4"}],"wp:attachment":[{"href":"https:\/\/www.magnihill.se\/dk\/wp-json\/wp\/v2\/media?parent=255"}],"curies":[{"name":"wp","href":"https:\/\/api.w.org\/{rel}","templated":true}]}}