{"id":2523,"date":"2025-03-05T14:12:38","date_gmt":"2025-03-05T13:12:38","guid":{"rendered":"https:\/\/www.magnihill.se\/dk\/?page_id=2523"},"modified":"2025-03-06T12:16:33","modified_gmt":"2025-03-06T11:16:33","slug":"spring-tacos","status":"publish","type":"page","link":"https:\/\/www.magnihill.se\/dk\/opskrifter\/aftensmad\/spring-tacos\/","title":{"rendered":"Spring tacos"},"content":{"rendered":"\n<h5>At servere tacos er en indlysende succes! Lav en klimasmart version med plantefars, og erstat avocadoen i guacamolen med gr\u00f8nne<br>\u00e6rter.<span class=\"Apple-converted-space\">&nbsp;<\/span><\/h5>\n<h5>Lad alle fylde deres taco med deres favoritter. &nbsp;Gr\u00f8ntsagerne kan serveres enkeltvis i en buffet sammen med flere af vores andre gr\u00f8ntsager.<span class=\"Apple-converted-space\">&nbsp;<\/span><\/h5>\n<h3>10 portioner<\/h3>\n<p>500 gram <b>Magnihill gr\u00f8nne \u00e6rter (varenr 33749 \u00d8KO, 577329 \u00d8KO, 31101 fine, 31102 mellemfine, 31103 mellemfine \u00f8konomi)<\/b><b><\/b><\/p>\n<p>10-20 sm\u00e5 tortillas<\/p>\n<p>200-300 gram sm\u00e5 salatblade<\/p>\n<p>800 gram <b>Magnihill blomk\u00e5l (varenr. 33715 \u00d8KO, 32001 konventionel)<\/b><b><\/b><\/p>\n<p>Syltet blomk\u00e5l<\/p>\n<p>3 dl eddike (5%)<\/p>\n<p>2 dl sukker<\/p>\n<p>1 dl vand<\/p>\n<p><b>Hvidl\u00f8gscremefraiche<\/b><b><\/b><\/p>\n<p>6 dl cremefraiche<\/p>\n<p>20 gram <b>Magnihill hvidl\u00f8g, hakket (varenr. 33904 \u00d8KO)<\/b><b><\/b><\/p>\n<p>salt &amp; peber<\/p>\n<p><b>\u00c6rte-guacamole<\/b><b><\/b><\/p>\n<p>360 g <b>Magnihill gr\u00f8nne \u00e6rter (varenr 33749 \u00d8KO, 577329 \u00d8KO, <br><span class=\"Apple-converted-space\">&nbsp; &nbsp; &nbsp; &nbsp; &nbsp; &nbsp; &nbsp; &nbsp; &nbsp; &nbsp; &nbsp; &nbsp; &nbsp; &nbsp; &nbsp; &nbsp; &nbsp; &nbsp; &nbsp; &nbsp; &nbsp; &nbsp; &nbsp; &nbsp; &nbsp; <\/span>31101 fine, 31102 mellemfine, <br><span class=\"Apple-converted-space\">&nbsp; &nbsp; &nbsp; &nbsp; &nbsp; &nbsp; &nbsp; &nbsp; &nbsp; &nbsp; &nbsp; &nbsp; &nbsp; &nbsp; &nbsp; &nbsp; &nbsp; &nbsp; &nbsp; &nbsp; &nbsp; &nbsp; &nbsp; &nbsp; &nbsp; <\/span>31103 mellemfine \u00f8konomi)<\/b><b><\/b><\/p>\n<p><b>Magnihill hvidl\u00f8g hakket (varenr. 33904 \u00d8KO)<\/b> efter smag<\/p>\n<p>4 \u00f8kologiske limefrugter, saft af<\/p>\n<p>2 spsk vand<\/p>\n<p>3 spsk olivenolie<\/p>\n<p>1 knivspids chiliflager<\/p>\n<p>2 krm cayennepeber<\/p>\n<p>1 tsk spidskommen<\/p>\n<p>salt efter smag<\/p>\n<p>1000 gram hakket plantebaseret fars<span class=\"Apple-converted-space\">&nbsp;<\/span><\/p>\n<p>4 spsk olie<\/p>\n<p>Tacokrydderi<\/p>\n<p>1 spsk l\u00f8gpulver<\/p>\n<p>1 spsk hvidl\u00f8gspulver<\/p>\n<p>1 spsk chilipulver<\/p>\n<p>1,5 spsk st\u00f8dt spidskommen<\/p>\n<p>1 spsk paprikapulver<\/p>\n<p>1 tsk t\u00f8rret oregano<\/p>\n<p>500 gram <b>Magnihill gulerod i tern (varenr. 33704 \u00d8KO, <br><span class=\"Apple-converted-space\">&nbsp; &nbsp; &nbsp; &nbsp; &nbsp; &nbsp; &nbsp; &nbsp; &nbsp; &nbsp; &nbsp; &nbsp; &nbsp; &nbsp; &nbsp; &nbsp; &nbsp; &nbsp; &nbsp; &nbsp; &nbsp; &nbsp; &nbsp; &nbsp; &nbsp; &nbsp; &nbsp; &nbsp; &nbsp; <\/span>31001 konventionel)<span class=\"Apple-converted-space\">&nbsp;<\/span><\/b><\/p>\n<p>4 spsk olie<\/p>\n<p>ca. 350 g revet lagret ost<\/p>\n<p>frisk koriander<\/p>\n<p>sort peber<\/p>\n<h3>Fremgangsm\u00e5de<b><br><\/b><\/h3>\n<p>Kom 500 g \u00e6rter i en sk\u00e5l. Bring vand i kog i en kedel, og h\u00e6ld det over \u00e6rterne. Lad \u00e6rterne st\u00e5 i sk\u00e5len et stykke tid. <br>H\u00e6ld vandet fra, og lad \u00e6rterne k\u00f8le af.<\/p>\n<p><b>Syltet blomk\u00e5l:<\/b> Bring eddike, sukker og vand i kog i en gryde. R\u00f8r til sukkeret er opl\u00f8st. Stil gryden til side, og tils\u00e6t den frosne blomk\u00e5l. Lad det tr\u00e6kke et par minutter.<span class=\"Apple-converted-space\">&nbsp;<\/span><\/p>\n<p><b>Hvidl\u00f8gscremefraiche: <\/b>Bland cremefraiche med hvidl\u00f8g, salt og peber.<\/p>\n<p><b>\u00c6rteguacamole:<\/b> Kom \u00e6rterne i en sk\u00e5l. Kog vand i en kedel, og h\u00e6ld det over \u00e6rterne. Lad \u00e6rterne st\u00e5 i sk\u00e5len et stykke tid.<\/p>\n<p>H\u00e6ld vandet fra, og blend \u00e6rterne til en glat pur\u00e9 med en stavblender. Tils\u00e6t hakket hvidl\u00f8g, limesaft, vand, olivenolie og alle krydderierne.<\/p>\n<p>Bland tacokrydderierne i en sk\u00e5l. Steg hakket k\u00f8d i olie, tils\u00e6t krydderiblandingen, steg i ca. 15 minutter.<span class=\"Apple-converted-space\">&nbsp;<\/span><\/p>\n<p>Steg de frosne gulerodsterninger med lidt olie p\u00e5 en pande i et par minutter, til de er gennemvarme. Smag til med salt og peber.<span class=\"Apple-converted-space\">&nbsp;<\/span><\/p>\n<p><b>Servering: <\/b>Server tortillabr\u00f8d med salatblade, krydret hakket k\u00f8d, <br>hvidl\u00f8gscremefraiche, \u00e6rteguacamole, gulerodsterninger, \u00e6rter og <br>revet ost.<\/p>\n<h5><em>Tip! Pr\u00f8v nogle af vores andre gr\u00f8ntsager som <\/em><br><em>tilbeh\u00f8r til tacobuffeten.<\/em><\/h5>\n<p><b>Majs (varenr 33714 \u00d8KO, 314011 konventionel)<\/b><b><\/b><\/p>\n<p>Steg de frosne majskerner p\u00e5 en pande. Steg dem i et par minutter, til de er gennemstegte, smag til med salt.<\/p>\n<p><b>Sojab\u00f8nner kerner Edamame (33799 \u00d8KO, 31805 konventionel)<\/b><b><\/b><\/p>\n<p>Kom de frosne sojab\u00f8nner i kogende, letsaltet vand, og lad simre i ca. 5-6 minutter. .<span class=\"Apple-converted-space\">&nbsp;<\/span><\/p>\n<p><b>Peber tern r\u00f8d (33707 \u00d8KO)<\/b><b><\/b><\/p>\n<p><b>L\u00f8g gul tern (33723 \u00d8KO, 32303 konventionel)<\/b><\/p>\n","protected":false},"excerpt":{"rendered":"<p>At servere tacos er en indlysende succes! Lav en klimasmart version med plantefars, og erstat avocadoen i guacamolen med gr\u00f8nne\u00e6rter.&nbsp; Lad alle fylde deres taco med deres favoritter. &nbsp;Gr\u00f8ntsagerne kan serveres enkeltvis i en buffet sammen med flere af vores andre gr\u00f8ntsager.&nbsp; 10 portioner 500 gram Magnihill gr\u00f8nne \u00e6rter (varenr 33749 \u00d8KO, 577329 \u00d8KO, 31101 fine, 31102 mellemfine, 31103 mellemfine \u00f8konomi) 10-20 sm\u00e5 tortillas 200-300 gram sm\u00e5 salatblade 800 gram Magnihill blomk\u00e5l (varenr. 33715 \u00d8KO, 32001 konventionel) Syltet blomk\u00e5l 3 dl eddike (5%) 2 dl sukker 1 dl vand Hvidl\u00f8gscremefraiche 6 dl cremefraiche 20 gram Magnihill hvidl\u00f8g, hakket (varenr. 33904 \u00d8KO) salt &amp; peber \u00c6rte-guacamole 360 g Magnihill gr\u00f8nne \u00e6rter (varenr 33749 \u00d8KO, 577329 \u00d8KO, &nbsp; &nbsp; &nbsp; &nbsp; &nbsp; &nbsp; &nbsp; &nbsp; &nbsp; &nbsp; &nbsp; &nbsp; &nbsp; &nbsp; &nbsp; &nbsp; &nbsp; &nbsp; &nbsp; &nbsp; [&hellip;]<\/p>\n","protected":false},"author":1,"featured_media":2524,"parent":247,"menu_order":0,"comment_status":"closed","ping_status":"closed","template":"","meta":{"_monsterinsights_skip_tracking":false,"_monsterinsights_sitenote_active":false,"_monsterinsights_sitenote_note":"","_monsterinsights_sitenote_category":0,"ngg_post_thumbnail":0,"footnotes":""},"class_list":["post-2523","page","type-page","status-publish","has-post-thumbnail","hentry"],"aioseo_notices":[],"_links":{"self":[{"href":"https:\/\/www.magnihill.se\/dk\/wp-json\/wp\/v2\/pages\/2523","targetHints":{"allow":["GET"]}}],"collection":[{"href":"https:\/\/www.magnihill.se\/dk\/wp-json\/wp\/v2\/pages"}],"about":[{"href":"https:\/\/www.magnihill.se\/dk\/wp-json\/wp\/v2\/types\/page"}],"author":[{"embeddable":true,"href":"https:\/\/www.magnihill.se\/dk\/wp-json\/wp\/v2\/users\/1"}],"replies":[{"embeddable":true,"href":"https:\/\/www.magnihill.se\/dk\/wp-json\/wp\/v2\/comments?post=2523"}],"version-history":[{"count":4,"href":"https:\/\/www.magnihill.se\/dk\/wp-json\/wp\/v2\/pages\/2523\/revisions"}],"predecessor-version":[{"id":2530,"href":"https:\/\/www.magnihill.se\/dk\/wp-json\/wp\/v2\/pages\/2523\/revisions\/2530"}],"up":[{"embeddable":true,"href":"https:\/\/www.magnihill.se\/dk\/wp-json\/wp\/v2\/pages\/247"}],"wp:featuredmedia":[{"embeddable":true,"href":"https:\/\/www.magnihill.se\/dk\/wp-json\/wp\/v2\/media\/2524"}],"wp:attachment":[{"href":"https:\/\/www.magnihill.se\/dk\/wp-json\/wp\/v2\/media?parent=2523"}],"curies":[{"name":"wp","href":"https:\/\/api.w.org\/{rel}","templated":true}]}}