{"id":251,"date":"2011-12-02T09:43:16","date_gmt":"2011-12-02T08:43:16","guid":{"rendered":"http:\/\/www.magnihill.se\/dk\/?page_id=251"},"modified":"2023-05-16T11:19:55","modified_gmt":"2023-05-16T10:19:55","slug":"suppebuffeten","status":"publish","type":"page","link":"https:\/\/www.magnihill.se\/dk\/opskrifter\/suppebuffeten\/","title":{"rendered":"Suppe"},"content":{"rendered":"<ul class=\"child-pages\"><li class=\"page_item page-item-2719\"><a href=\"https:\/\/www.magnihill.se\/dk\/opskrifter\/suppebuffeten\/cremet-grontsagsuppe\/\">Cremet gr\u00f8ntsagsuppe<\/a><\/li>\n<li class=\"page_item page-item-1750\"><a href=\"https:\/\/www.magnihill.se\/dk\/opskrifter\/suppebuffeten\/gron-aertesuppe-nem-og-laekker-opskrift\/\">Gr\u00f8n \u00c6rtesuppe &#8211; nem og l\u00e6kker opskrift<\/a><\/li>\n<li class=\"page_item page-item-1601\"><a href=\"https:\/\/www.magnihill.se\/dk\/opskrifter\/suppebuffeten\/jordskokkesuppe\/\">Jordskokkesuppe med parmesancreme og hakket n\u00f8dder og persille<\/a><\/li>\n<li class=\"page_item page-item-2384\"><a href=\"https:\/\/www.magnihill.se\/dk\/opskrifter\/suppebuffeten\/jordskokkesuppe-med-ristede-paerer-og-champignon\/\">Jordskokkesuppe med ristede p\u00e6rer og champignon<\/a><\/li>\n<li class=\"page_item page-item-2419\"><a href=\"https:\/\/www.magnihill.se\/dk\/opskrifter\/suppebuffeten\/kartoffel-porresuppe-med-citron-og-hvidlogscremefraiche\/\">Kartoffel- &amp; porresuppe med citron- og hvidl\u00f8gscremefraiche<\/a><\/li>\n<li class=\"page_item page-item-1920\"><a href=\"https:\/\/www.magnihill.se\/dk\/opskrifter\/suppebuffeten\/nem-og-hurtig-broccolisuppe\/\">Nem og hurtig broccolisuppe<\/a><\/li>\n<li class=\"page_item page-item-475\"><a href=\"https:\/\/www.magnihill.se\/dk\/opskrifter\/suppebuffeten\/graeskar-gulerodssuppe\/\">Orientalsk gr\u00e6skar &#038; gulerodssuppe<\/a><\/li>\n<li class=\"page_item page-item-413\"><a href=\"https:\/\/www.magnihill.se\/dk\/opskrifter\/suppebuffeten\/rodbedesuppe\/\">R\u00f8dbedesuppe<\/a><\/li>\n<\/ul>\n","protected":false},"excerpt":{"rendered":"","protected":false},"author":1,"featured_media":0,"parent":4,"menu_order":0,"comment_status":"closed","ping_status":"open","template":"","meta":{"footnotes":""},"class_list":["post-251","page","type-page","status-publish","hentry"],"aioseo_notices":[],"_links":{"self":[{"href":"https:\/\/www.magnihill.se\/dk\/wp-json\/wp\/v2\/pages\/251","targetHints":{"allow":["GET"]}}],"collection":[{"href":"https:\/\/www.magnihill.se\/dk\/wp-json\/wp\/v2\/pages"}],"about":[{"href":"https:\/\/www.magnihill.se\/dk\/wp-json\/wp\/v2\/types\/page"}],"author":[{"embeddable":true,"href":"https:\/\/www.magnihill.se\/dk\/wp-json\/wp\/v2\/users\/1"}],"replies":[{"embeddable":true,"href":"https:\/\/www.magnihill.se\/dk\/wp-json\/wp\/v2\/comments?post=251"}],"version-history":[{"count":0,"href":"https:\/\/www.magnihill.se\/dk\/wp-json\/wp\/v2\/pages\/251\/revisions"}],"up":[{"embeddable":true,"href":"https:\/\/www.magnihill.se\/dk\/wp-json\/wp\/v2\/pages\/4"}],"wp:attachment":[{"href":"https:\/\/www.magnihill.se\/dk\/wp-json\/wp\/v2\/media?parent=251"}],"curies":[{"name":"wp","href":"https:\/\/api.w.org\/{rel}","templated":true}]}}