{"id":247,"date":"2011-12-02T09:42:37","date_gmt":"2011-12-02T08:42:37","guid":{"rendered":"http:\/\/www.magnihill.se\/dk\/?page_id=247"},"modified":"2023-05-05T13:34:35","modified_gmt":"2023-05-05T12:34:35","slug":"aftensmad","status":"publish","type":"page","link":"https:\/\/www.magnihill.se\/dk\/opskrifter\/aftensmad\/","title":{"rendered":"Aftensmad"},"content":{"rendered":"\n<ul class=\"child-pages\"><li class=\"page_item page-item-1893\"><a href=\"https:\/\/www.magnihill.se\/dk\/opskrifter\/aftensmad\/biksemad-med-salsiccia\/\">Biksemad med Salsiccia<\/a><\/li>\n<li class=\"page_item page-item-2310\"><a href=\"https:\/\/www.magnihill.se\/dk\/opskrifter\/aftensmad\/cremet-gratin-med-ansjosfileter\/\">Cremet gratin med ansjosfileter<\/a><\/li>\n<li class=\"page_item page-item-1776\"><a href=\"https:\/\/www.magnihill.se\/dk\/opskrifter\/aftensmad\/falafel-med-pitabrod-og-hummus\/\">Falafel med pitabr\u00f8d og hummus<\/a><\/li>\n<li class=\"page_item page-item-2413\"><a href=\"https:\/\/www.magnihill.se\/dk\/opskrifter\/aftensmad\/jordskokkegratin-med-ovnbagt-laks-og-sauterede-rodfrugter\/\">Jordskokkegratin med ovnbagt laks og sauterede rodfrugter<\/a><\/li>\n<li class=\"page_item page-item-2397\"><a href=\"https:\/\/www.magnihill.se\/dk\/opskrifter\/aftensmad\/kalroegratin-toppet-med-sauteret-jordskokker-og-urteolie\/\">K\u00e5lroegratin toppet med sauteret jordskokker og urteolie<\/a><\/li>\n<li class=\"page_item page-item-2084\"><a href=\"https:\/\/www.magnihill.se\/dk\/opskrifter\/aftensmad\/kartoffelgratin-med-hvidlog-og-timian\/\">Kartoffelgratin med hvidl\u00f8g og timian<\/a><\/li>\n<li class=\"page_item page-item-202\"><a href=\"https:\/\/www.magnihill.se\/dk\/opskrifter\/aftensmad\/kartoffelmos\/\">Kartoffelmos<\/a><\/li>\n<li class=\"page_item page-item-2321\"><a href=\"https:\/\/www.magnihill.se\/dk\/opskrifter\/aftensmad\/laekker-gronkalstaerte\/\">L\u00e6kker gr\u00f8nk\u00e5lst\u00e6rte\u00a0<\/a><\/li>\n<li class=\"page_item page-item-2401\"><a href=\"https:\/\/www.magnihill.se\/dk\/opskrifter\/aftensmad\/oksegryde-med-kartoffelbade-og-rasyltede-tyttebaer\/\">Oksegryde med kartoffelb\u00e5de og r\u00e5syltede tytteb\u00e6r<\/a><\/li>\n<li class=\"page_item page-item-2100\"><a href=\"https:\/\/www.magnihill.se\/dk\/opskrifter\/aftensmad\/ristede-kartoffelskiver-med-sauteretrosenkal-urteolie-og-revet-parmesanost\/\">Ristede kartoffelskiver med sauteret rosenk\u00e5l, urteolie og revet parmesanost<\/a><\/li>\n<li class=\"page_item page-item-2408\"><a href=\"https:\/\/www.magnihill.se\/dk\/opskrifter\/aftensmad\/rodfrugtgratin-med-hvidlog-og-gedeost\/\">Rodfrugtgratin med hvidl\u00f8g og gedeost<\/a><\/li>\n<li class=\"page_item page-item-2523\"><a href=\"https:\/\/www.magnihill.se\/dk\/opskrifter\/aftensmad\/spring-tacos\/\">Spring tacos<\/a><\/li>\n<li class=\"page_item page-item-1770\"><a href=\"https:\/\/www.magnihill.se\/dk\/opskrifter\/aftensmad\/vegetarisk-biksemad\/\">Vegetarisk biksemad<\/a><\/li>\n<li class=\"page_item page-item-2096\"><a href=\"https:\/\/www.magnihill.se\/dk\/opskrifter\/aftensmad\/vegetarisk-biksemad-toppet-med-rodbeder-i-tern-og-persillemayonnaise\/\">Vegetarisk biksemad toppet med r\u00f8dbeder i tern og persillemayonnaise<\/a><\/li>\n<li class=\"page_item page-item-1468\"><a href=\"https:\/\/www.magnihill.se\/dk\/opskrifter\/aftensmad\/vegetariske-grontsagsboffer\/\">Vegetariske gr\u00f8ntsagsb\u00f8ffer<\/a><\/li>\n<li class=\"page_item page-item-2404\"><a href=\"https:\/\/www.magnihill.se\/dk\/opskrifter\/aftensmad\/wokgrontsager-med-aegnudler\/\">Wokgr\u00f8ntsager med \u00e6gnudler<\/a><\/li>\n<li class=\"page_item page-item-1712\"><a href=\"https:\/\/www.magnihill.se\/dk\/opskrifter\/aftensmad\/ristede-rodfrugter-med-marineret-kylling-og-gron-aertepesto\/\">Ristede rodfrugter med marineret kylling og gr\u00f8n \u00e6rtepesto<\/a><\/li>\n<\/ul>\n","protected":false},"excerpt":{"rendered":"","protected":false},"author":1,"featured_media":0,"parent":4,"menu_order":0,"comment_status":"closed","ping_status":"open","template":"","meta":{"footnotes":""},"class_list":["post-247","page","type-page","status-publish","hentry"],"aioseo_notices":[],"_links":{"self":[{"href":"https:\/\/www.magnihill.se\/dk\/wp-json\/wp\/v2\/pages\/247","targetHints":{"allow":["GET"]}}],"collection":[{"href":"https:\/\/www.magnihill.se\/dk\/wp-json\/wp\/v2\/pages"}],"about":[{"href":"https:\/\/www.magnihill.se\/dk\/wp-json\/wp\/v2\/types\/page"}],"author":[{"embeddable":true,"href":"https:\/\/www.magnihill.se\/dk\/wp-json\/wp\/v2\/users\/1"}],"replies":[{"embeddable":true,"href":"https:\/\/www.magnihill.se\/dk\/wp-json\/wp\/v2\/comments?post=247"}],"version-history":[{"count":0,"href":"https:\/\/www.magnihill.se\/dk\/wp-json\/wp\/v2\/pages\/247\/revisions"}],"up":[{"embeddable":true,"href":"https:\/\/www.magnihill.se\/dk\/wp-json\/wp\/v2\/pages\/4"}],"wp:attachment":[{"href":"https:\/\/www.magnihill.se\/dk\/wp-json\/wp\/v2\/media?parent=247"}],"curies":[{"name":"wp","href":"https:\/\/api.w.org\/{rel}","templated":true}]}}