{"id":245,"date":"2011-12-02T09:42:23","date_gmt":"2011-12-02T08:42:23","guid":{"rendered":"http:\/\/www.magnihill.se\/dk\/?page_id=245"},"modified":"2024-01-22T13:09:08","modified_gmt":"2024-01-22T12:09:08","slug":"sallatbuffeten","status":"publish","type":"page","link":"https:\/\/www.magnihill.se\/dk\/opskrifter\/sallatbuffeten\/","title":{"rendered":"Salater og gr\u00f8ntsager"},"content":{"rendered":"<p>Anret en overd\u00e5dig salatbuff\u00e9, hvor g\u00e6sterne kan lade sig friste af sunde, smagfulde retter. Buffet-retter egner sig godt som fingermad til cocktailpartys eller som l\u00e6kkert tilbeh\u00f8r til festmaden.<\/p>\n<ul class=\"child-pages\"><li class=\"page_item page-item-2365\"><a href=\"https:\/\/www.magnihill.se\/dk\/opskrifter\/sallatbuffeten\/klassisk-rodbedesalat\/\">Cremet r\u00f8dbedesalat med \u00e6ble<\/a><\/li>\n<li class=\"page_item page-item-178\"><a href=\"https:\/\/www.magnihill.se\/dk\/opskrifter\/sallatbuffeten\/gulerodder-i-honning-dijon-marinade\/\">Guler\u00f8dder i marinade<\/a><\/li>\n<li class=\"page_item page-item-2495\"><a href=\"https:\/\/www.magnihill.se\/dk\/opskrifter\/sallatbuffeten\/inspiration-til-forars-gronne-vegetariske-poke-bowls\/\">Inspiration til for\u00e5rs gr\u00f8nne vegetariske poke bowls<\/a><\/li>\n<li class=\"page_item page-item-2342\"><a href=\"https:\/\/www.magnihill.se\/dk\/opskrifter\/sallatbuffeten\/julens-rosenkalssalat-med-granataeblekerner-og-appelsindressing\/\">Julens rosenk\u00e5lssalat med granat\u00e6blekerner og appelsindressing<\/a><\/li>\n<li class=\"page_item page-item-321\"><a href=\"https:\/\/www.magnihill.se\/dk\/opskrifter\/sallatbuffeten\/kartoffelsalat\/\">Kartoffelsalat med oliven og capers<\/a><\/li>\n<li class=\"page_item page-item-2515\"><a href=\"https:\/\/www.magnihill.se\/dk\/opskrifter\/sallatbuffeten\/poke-bowl-med-aerter-mango-gulerodder-og-haricots-verts\/\">Poke bowl med \u00e6rter, mango, guler\u00f8dder og haricots verts<\/a><\/li>\n<li class=\"page_item page-item-2508\"><a href=\"https:\/\/www.magnihill.se\/dk\/opskrifter\/sallatbuffeten\/poke-bowl-med-broccoli\/\">Poke bowl med broccoli, blomk\u00e5l, r\u00f8dbeder, majs og Edamame sojab\u00f8nner kerner<\/a><\/li>\n<li class=\"page_item page-item-2121\"><a href=\"https:\/\/www.magnihill.se\/dk\/opskrifter\/sallatbuffeten\/ristede-rodbeder-med-gron-dildolie-og-graeskarkerner\/\">Ristede r\u00f8dbeder med gr\u00f8n dildolie og gr\u00e6skarkerner<\/a><\/li>\n<li class=\"page_item page-item-2416\"><a href=\"https:\/\/www.magnihill.se\/dk\/opskrifter\/sallatbuffeten\/salat-med-gule-beder-og-aerter\/\">Salat med gule beder og \u00e6rter<\/a><\/li>\n<li class=\"page_item page-item-2079\"><a href=\"https:\/\/www.magnihill.se\/dk\/opskrifter\/sallatbuffeten\/syltede-rodbeder\/\">Syltede r\u00f8dbeder<\/a><\/li>\n<li class=\"page_item page-item-2360\"><a href=\"https:\/\/www.magnihill.se\/dk\/opskrifter\/sallatbuffeten\/syltede-rodbeder-med-stjerneanis\/\">Syltede r\u00f8dbeder med stjerneanis<\/a><\/li>\n<li class=\"page_item page-item-1647\"><a href=\"https:\/\/www.magnihill.se\/dk\/opskrifter\/sallatbuffeten\/syltede-sukkerroer-med-stjerneanis\/\">Syltede sukkerroer med stjerneanis<\/a><\/li>\n<li class=\"page_item page-item-2351\"><a href=\"https:\/\/www.magnihill.se\/dk\/opskrifter\/sallatbuffeten\/urteagtig-majssalat\/\">Urteagtig majssalat<\/a><\/li>\n<\/ul>\n","protected":false},"excerpt":{"rendered":"<p>Anret en overd\u00e5dig salatbuff\u00e9, hvor g\u00e6sterne kan lade sig friste af sunde, smagfulde retter. Buffet-retter egner sig godt som fingermad til cocktailpartys eller som l\u00e6kkert tilbeh\u00f8r til festmaden.<\/p>\n","protected":false},"author":1,"featured_media":0,"parent":4,"menu_order":0,"comment_status":"closed","ping_status":"open","template":"","meta":{"footnotes":""},"class_list":["post-245","page","type-page","status-publish","hentry"],"aioseo_notices":[],"_links":{"self":[{"href":"https:\/\/www.magnihill.se\/dk\/wp-json\/wp\/v2\/pages\/245","targetHints":{"allow":["GET"]}}],"collection":[{"href":"https:\/\/www.magnihill.se\/dk\/wp-json\/wp\/v2\/pages"}],"about":[{"href":"https:\/\/www.magnihill.se\/dk\/wp-json\/wp\/v2\/types\/page"}],"author":[{"embeddable":true,"href":"https:\/\/www.magnihill.se\/dk\/wp-json\/wp\/v2\/users\/1"}],"replies":[{"embeddable":true,"href":"https:\/\/www.magnihill.se\/dk\/wp-json\/wp\/v2\/comments?post=245"}],"version-history":[{"count":0,"href":"https:\/\/www.magnihill.se\/dk\/wp-json\/wp\/v2\/pages\/245\/revisions"}],"up":[{"embeddable":true,"href":"https:\/\/www.magnihill.se\/dk\/wp-json\/wp\/v2\/pages\/4"}],"wp:attachment":[{"href":"https:\/\/www.magnihill.se\/dk\/wp-json\/wp\/v2\/media?parent=245"}],"curies":[{"name":"wp","href":"https:\/\/api.w.org\/{rel}","templated":true}]}}