{"id":2428,"date":"2024-10-22T10:16:01","date_gmt":"2024-10-22T09:16:01","guid":{"rendered":"https:\/\/www.magnihill.se\/dk\/?page_id=2428"},"modified":"2024-10-22T10:17:17","modified_gmt":"2024-10-22T09:17:17","slug":"risalamande-med-hindbaer-og-granataeblekompot","status":"publish","type":"page","link":"https:\/\/www.magnihill.se\/dk\/opskrifter\/desserter\/risalamande-med-hindbaer-og-granataeblekompot\/","title":{"rendered":"Risalamande med hindb\u00e6r- og granat\u00e6blekompot"},"content":{"rendered":"\n<p><b>10 portioner<br><\/b>3 dl gr\u00f8dris<span class=\"Apple-converted-space\">&nbsp;<br><\/span>6 dl vand<br>3\/4 tsk salt<br>ca. 10 dl m\u00e6lk<br>3 dl piskefl\u00f8de<br>2 spsk vaniljesukker<\/p>\n<p><b>Hindb\u00e6r- og granat\u00e6blekompot<br><\/b>ca. 500 gram <b>Magnihill hindb\u00e6r (33613 \u00d8KO, 33101 konventionel)<br><\/b>250 gram <b>Magnihill granat\u00e6blekerner (790425 \u00d8KO, 33207 konventionel)<br><\/b>2 &#8211; 2,5 dl sukker<br>1 vaniljestang<\/p>\n<p><b>Topping<br><\/b>Ristede, grofthakkede mandler<\/p>\n<h4>Fremgangsm\u00e5de<\/h4>\n<p>Skyl gr\u00f8dris i koldt vand og kom dem i en gryde med vand.<\/p>\n<p>Kog gr\u00f8drisene med vand og salt i en stor gryde i ca. 10 minutter med l\u00e5g. Tils\u00e6t m\u00e6lken, og lad det simre ved svag varme i ca. 45 minutter med l\u00e5g. <br>R\u00f8r rundt fra tid til anden. Lad det k\u00f8le af.<\/p>\n<p>Pisk fl\u00f8den sammen med vaniljesukkeret. Vend fl\u00f8den i den kolde gr\u00f8d, og lad de k\u00f8le af.<\/p>\n<p>Bring de frosne hindb\u00e6r, frosne granat\u00e6blekerner, sukker og en fl\u00e6kket vaniljestang i kog i en stor gryde. Lad det simre i ca. 15 minutter, og opbevar det p\u00e5 k\u00f8l i et<span class=\"Apple-converted-space\">&nbsp;<\/span><\/p>\n<p>glas beholder med l\u00e5g.<\/p>\n<p>Ved servering &#8211; fordel risengr\u00f8den i sk\u00e5le, og top med den l\u00e6kre b\u00e6rkompot og hakkede mandler.<\/p>\n","protected":false},"excerpt":{"rendered":"<p>10 portioner3 dl gr\u00f8dris&nbsp;6 dl vand3\/4 tsk saltca. 10 dl m\u00e6lk3 dl piskefl\u00f8de2 spsk vaniljesukker Hindb\u00e6r- og granat\u00e6blekompotca. 500 gram Magnihill hindb\u00e6r (33613 \u00d8KO, 33101 konventionel)250 gram Magnihill granat\u00e6blekerner (790425 \u00d8KO, 33207 konventionel)2 &#8211; 2,5 dl sukker1 vaniljestang ToppingRistede, grofthakkede mandler Fremgangsm\u00e5de Skyl gr\u00f8dris i koldt vand og kom dem i en gryde med vand. Kog gr\u00f8drisene med vand og salt i en stor gryde i ca. 10 minutter med l\u00e5g. Tils\u00e6t m\u00e6lken, og lad det simre ved svag varme i ca. 45 minutter med l\u00e5g. R\u00f8r rundt fra tid til anden. Lad det k\u00f8le af. Pisk fl\u00f8den sammen med vaniljesukkeret. Vend fl\u00f8den i den kolde gr\u00f8d, og lad de k\u00f8le af. Bring de frosne hindb\u00e6r, frosne granat\u00e6blekerner, sukker og en fl\u00e6kket vaniljestang i kog i en stor gryde. Lad det simre i ca. 15 [&hellip;]<\/p>\n","protected":false},"author":1,"featured_media":2424,"parent":255,"menu_order":0,"comment_status":"closed","ping_status":"closed","template":"","meta":{"_monsterinsights_skip_tracking":false,"_monsterinsights_sitenote_active":false,"_monsterinsights_sitenote_note":"","_monsterinsights_sitenote_category":0,"ngg_post_thumbnail":0,"footnotes":""},"class_list":["post-2428","page","type-page","status-publish","has-post-thumbnail","hentry"],"aioseo_notices":[],"_links":{"self":[{"href":"https:\/\/www.magnihill.se\/dk\/wp-json\/wp\/v2\/pages\/2428","targetHints":{"allow":["GET"]}}],"collection":[{"href":"https:\/\/www.magnihill.se\/dk\/wp-json\/wp\/v2\/pages"}],"about":[{"href":"https:\/\/www.magnihill.se\/dk\/wp-json\/wp\/v2\/types\/page"}],"author":[{"embeddable":true,"href":"https:\/\/www.magnihill.se\/dk\/wp-json\/wp\/v2\/users\/1"}],"replies":[{"embeddable":true,"href":"https:\/\/www.magnihill.se\/dk\/wp-json\/wp\/v2\/comments?post=2428"}],"version-history":[{"count":2,"href":"https:\/\/www.magnihill.se\/dk\/wp-json\/wp\/v2\/pages\/2428\/revisions"}],"predecessor-version":[{"id":2430,"href":"https:\/\/www.magnihill.se\/dk\/wp-json\/wp\/v2\/pages\/2428\/revisions\/2430"}],"up":[{"embeddable":true,"href":"https:\/\/www.magnihill.se\/dk\/wp-json\/wp\/v2\/pages\/255"}],"wp:featuredmedia":[{"embeddable":true,"href":"https:\/\/www.magnihill.se\/dk\/wp-json\/wp\/v2\/media\/2424"}],"wp:attachment":[{"href":"https:\/\/www.magnihill.se\/dk\/wp-json\/wp\/v2\/media?parent=2428"}],"curies":[{"name":"wp","href":"https:\/\/api.w.org\/{rel}","templated":true}]}}