{"id":2423,"date":"2024-10-22T10:13:05","date_gmt":"2024-10-22T09:13:05","guid":{"rendered":"https:\/\/www.magnihill.se\/dk\/?page_id=2423"},"modified":"2025-11-14T12:04:40","modified_gmt":"2025-11-14T11:04:40","slug":"juleopskrifter","status":"publish","type":"page","link":"https:\/\/www.magnihill.se\/dk\/juleopskrifter\/","title":{"rendered":"Opskrifter p\u00e5 julemad"},"content":{"rendered":"\n<h6 class=\"wp-block-heading\">Magnihill \u00f8nsker jer en Gl\u00e6delig Jul. Med denne samling af juleopskrifter \u00f8nsker vi at inspirere til en nem, billig og smagfuld m\u00e5de at bruge frosne planteprodukter i madlavningen. Uden at g\u00e5 p\u00e5 kompromis med kvaliteten.<\/h6>\n\n\n\n<hr class=\"wp-block-separator has-text-color has-sitka-ultralight-gray-color has-alpha-channel-opacity has-sitka-ultralight-gray-background-color has-background is-style-default\"\/>\n\n\n\n<div class=\"wp-block-columns is-layout-flex wp-container-core-columns-is-layout-9d6595d7 wp-block-columns-is-layout-flex\">\n<div class=\"wp-block-column is-layout-flow wp-block-column-is-layout-flow\">\n<figure class=\"wp-block-image size-full\"><img loading=\"lazy\" decoding=\"async\" width=\"1875\" height=\"2500\" src=\"https:\/\/www.magnihill.se\/dk\/wp-content\/uploads\/2024\/09\/janssons_webb-1.jpg\" alt=\"\" class=\"wp-image-2311\" style=\"aspect-ratio:1;object-fit:cover\" srcset=\"https:\/\/www.magnihill.se\/dk\/wp-content\/uploads\/2024\/09\/janssons_webb-1.jpg 1875w, https:\/\/www.magnihill.se\/dk\/wp-content\/uploads\/2024\/09\/janssons_webb-1-800x1067.jpg 800w, https:\/\/www.magnihill.se\/dk\/wp-content\/uploads\/2024\/09\/janssons_webb-1-1200x1600.jpg 1200w, https:\/\/www.magnihill.se\/dk\/wp-content\/uploads\/2024\/09\/janssons_webb-1-188x250.jpg 188w, https:\/\/www.magnihill.se\/dk\/wp-content\/uploads\/2024\/09\/janssons_webb-1-1152x1536.jpg 1152w, https:\/\/www.magnihill.se\/dk\/wp-content\/uploads\/2024\/09\/janssons_webb-1-1536x2048.jpg 1536w, https:\/\/www.magnihill.se\/dk\/wp-content\/uploads\/2024\/09\/janssons_webb-1-1140x1520.jpg 1140w\" sizes=\"auto, (max-width: 1875px) 100vw, 1875px\" \/><\/figure>\n\n\n\n<h6 class=\"wp-block-heading\"><a href=\"https:\/\/www.magnihill.se\/dk\/opskrifter\/aftensmad\/cremet-gratin-med-ansjosfileter\/\" title=\"\">Cremet gratin med ansjosfileter<\/a><\/h6>\n\n\n\n<p class=\"wp-block-heading\">Denne gratin er en klassiker p\u00e5 det svenske julebord. Lige s\u00e5 oplagt til jul som til p\u00e5ske! En cremet gratin, hvor ansjosen giver b\u00e5de god smag og salt.<\/p>\n<\/div>\n\n\n\n<div class=\"wp-block-column is-layout-flow wp-block-column-is-layout-flow\">\n<figure class=\"wp-block-image size-large\"><img loading=\"lazy\" decoding=\"async\" width=\"1200\" height=\"900\" src=\"https:\/\/www.magnihill.se\/dk\/wp-content\/uploads\/2024\/09\/Brysselkalsallad_web-1200x900.jpg\" alt=\"\" class=\"wp-image-2343\" style=\"aspect-ratio:1;object-fit:cover\" srcset=\"https:\/\/www.magnihill.se\/dk\/wp-content\/uploads\/2024\/09\/Brysselkalsallad_web-1200x900.jpg 1200w, https:\/\/www.magnihill.se\/dk\/wp-content\/uploads\/2024\/09\/Brysselkalsallad_web-800x600.jpg 800w, https:\/\/www.magnihill.se\/dk\/wp-content\/uploads\/2024\/09\/Brysselkalsallad_web-250x188.jpg 250w, https:\/\/www.magnihill.se\/dk\/wp-content\/uploads\/2024\/09\/Brysselkalsallad_web-1140x855.jpg 1140w, https:\/\/www.magnihill.se\/dk\/wp-content\/uploads\/2024\/09\/Brysselkalsallad_web.jpg 1500w\" sizes=\"auto, (max-width: 1200px) 100vw, 1200px\" \/><\/figure>\n\n\n\n<h6 class=\"wp-block-heading\"><a href=\"https:\/\/www.magnihill.se\/dk\/opskrifter\/sallatbuffeten\/julens-rosenkalssalat-med-granataeblekerner-og-appelsindressing\/\" title=\"\">Julens rosenk\u00e5lssalat med granat\u00e6blekerner og appelsindressing<\/a><\/h6>\n<\/div>\n\n\n\n<div class=\"wp-block-column is-layout-flow wp-block-column-is-layout-flow\">\n<figure class=\"wp-block-image size-large\"><img loading=\"lazy\" decoding=\"async\" width=\"1200\" height=\"900\" src=\"https:\/\/www.magnihill.se\/dk\/wp-content\/uploads\/2024\/09\/picklad-rodbeta-jul_webb-1200x900.jpg\" alt=\"\" class=\"wp-image-2362\" style=\"aspect-ratio:1;object-fit:cover\" srcset=\"https:\/\/www.magnihill.se\/dk\/wp-content\/uploads\/2024\/09\/picklad-rodbeta-jul_webb-1200x900.jpg 1200w, https:\/\/www.magnihill.se\/dk\/wp-content\/uploads\/2024\/09\/picklad-rodbeta-jul_webb-800x600.jpg 800w, https:\/\/www.magnihill.se\/dk\/wp-content\/uploads\/2024\/09\/picklad-rodbeta-jul_webb-250x188.jpg 250w, https:\/\/www.magnihill.se\/dk\/wp-content\/uploads\/2024\/09\/picklad-rodbeta-jul_webb-1536x1152.jpg 1536w, https:\/\/www.magnihill.se\/dk\/wp-content\/uploads\/2024\/09\/picklad-rodbeta-jul_webb-1140x855.jpg 1140w, https:\/\/www.magnihill.se\/dk\/wp-content\/uploads\/2024\/09\/picklad-rodbeta-jul_webb-1920x1440.jpg 1920w, https:\/\/www.magnihill.se\/dk\/wp-content\/uploads\/2024\/09\/picklad-rodbeta-jul_webb.jpg 2000w\" sizes=\"auto, (max-width: 1200px) 100vw, 1200px\" \/><\/figure>\n\n\n\n<h6 class=\"wp-block-heading\"><a href=\"https:\/\/www.magnihill.se\/dk\/opskrifter\/sallatbuffeten\/syltede-rodbeder-med-stjerneanis\/\" title=\"\">Syltede r\u00f8dbeder med stjerneanis<\/a><\/h6>\n<\/div>\n<\/div>\n\n\n\n<div class=\"wp-block-columns is-layout-flex wp-container-core-columns-is-layout-9d6595d7 wp-block-columns-is-layout-flex\">\n<div class=\"wp-block-column is-layout-flow wp-block-column-is-layout-flow\">\n<figure class=\"wp-block-image size-large\"><img loading=\"lazy\" decoding=\"async\" width=\"1200\" height=\"800\" src=\"https:\/\/www.magnihill.se\/dk\/wp-content\/uploads\/2024\/09\/Rodbetssallad_neutral_webb-1200x800.jpg\" alt=\"\" class=\"wp-image-2366\" style=\"aspect-ratio:1;object-fit:cover\" srcset=\"https:\/\/www.magnihill.se\/dk\/wp-content\/uploads\/2024\/09\/Rodbetssallad_neutral_webb-1200x800.jpg 1200w, https:\/\/www.magnihill.se\/dk\/wp-content\/uploads\/2024\/09\/Rodbetssallad_neutral_webb-800x533.jpg 800w, https:\/\/www.magnihill.se\/dk\/wp-content\/uploads\/2024\/09\/Rodbetssallad_neutral_webb-250x167.jpg 250w, https:\/\/www.magnihill.se\/dk\/wp-content\/uploads\/2024\/09\/Rodbetssallad_neutral_webb-1536x1024.jpg 1536w, https:\/\/www.magnihill.se\/dk\/wp-content\/uploads\/2024\/09\/Rodbetssallad_neutral_webb-1140x760.jpg 1140w, https:\/\/www.magnihill.se\/dk\/wp-content\/uploads\/2024\/09\/Rodbetssallad_neutral_webb-1920x1280.jpg 1920w, https:\/\/www.magnihill.se\/dk\/wp-content\/uploads\/2024\/09\/Rodbetssallad_neutral_webb-300x200.jpg 300w, https:\/\/www.magnihill.se\/dk\/wp-content\/uploads\/2024\/09\/Rodbetssallad_neutral_webb.jpg 2000w\" sizes=\"auto, (max-width: 1200px) 100vw, 1200px\" \/><\/figure>\n\n\n\n<h6 class=\"wp-block-heading\"><a href=\"https:\/\/www.magnihill.se\/dk\/opskrifter\/sallatbuffeten\/klassisk-rodbedesalat\/\" title=\"\">Klassisk r\u00f8dbedesalat<\/a><\/h6>\n<\/div>\n\n\n\n<div class=\"wp-block-column is-layout-flow wp-block-column-is-layout-flow\">\n<figure class=\"wp-block-image size-full\"><img loading=\"lazy\" decoding=\"async\" width=\"1140\" height=\"855\" src=\"https:\/\/www.magnihill.se\/dk\/wp-content\/uploads\/2024\/10\/Risalamalta-webb-1140x855-1.jpg\" alt=\"\" class=\"wp-image-2424\" style=\"aspect-ratio:1;object-fit:cover\" srcset=\"https:\/\/www.magnihill.se\/dk\/wp-content\/uploads\/2024\/10\/Risalamalta-webb-1140x855-1.jpg 1140w, https:\/\/www.magnihill.se\/dk\/wp-content\/uploads\/2024\/10\/Risalamalta-webb-1140x855-1-800x600.jpg 800w, https:\/\/www.magnihill.se\/dk\/wp-content\/uploads\/2024\/10\/Risalamalta-webb-1140x855-1-250x188.jpg 250w\" sizes=\"auto, (max-width: 1140px) 100vw, 1140px\" \/><\/figure>\n\n\n\n<h6 class=\"wp-block-heading\"><a href=\"https:\/\/www.magnihill.se\/dk\/opskrifter\/desserter\/risalamande-med-hindbaer-og-granataeblekompot\/\" title=\"\">Risalamande med hindb\u00e6r- og granat\u00e6blekompot<\/a><\/h6>\n<\/div>\n\n\n\n<div class=\"wp-block-column is-layout-flow wp-block-column-is-layout-flow\">\n<figure class=\"wp-block-image size-large\"><img loading=\"lazy\" decoding=\"async\" width=\"1200\" height=\"1369\" src=\"https:\/\/www.magnihill.se\/dk\/wp-content\/uploads\/2024\/10\/jordartskockssoppa-webb-1200x1369.jpg\" alt=\"\" class=\"wp-image-2386\" style=\"aspect-ratio:1;object-fit:cover\" srcset=\"https:\/\/www.magnihill.se\/dk\/wp-content\/uploads\/2024\/10\/jordartskockssoppa-webb-1200x1369.jpg 1200w, https:\/\/www.magnihill.se\/dk\/wp-content\/uploads\/2024\/10\/jordartskockssoppa-webb-800x913.jpg 800w, https:\/\/www.magnihill.se\/dk\/wp-content\/uploads\/2024\/10\/jordartskockssoppa-webb-219x250.jpg 219w, https:\/\/www.magnihill.se\/dk\/wp-content\/uploads\/2024\/10\/jordartskockssoppa-webb-1346x1536.jpg 1346w, https:\/\/www.magnihill.se\/dk\/wp-content\/uploads\/2024\/10\/jordartskockssoppa-webb-1795x2048.jpg 1795w, https:\/\/www.magnihill.se\/dk\/wp-content\/uploads\/2024\/10\/jordartskockssoppa-webb-1140x1301.jpg 1140w, https:\/\/www.magnihill.se\/dk\/wp-content\/uploads\/2024\/10\/jordartskockssoppa-webb-1920x2191.jpg 1920w\" sizes=\"auto, (max-width: 1200px) 100vw, 1200px\" \/><\/figure>\n\n\n\n<h6 class=\"wp-block-heading\"><a href=\"https:\/\/www.magnihill.se\/dk\/opskrifter\/suppebuffeten\/jordskokkesuppe-med-ristede-paerer-og-champignon\/\" title=\"\">Jordskokkesuppe med ristede p\u00e6rer og champignon<\/a> <\/h6>\n\n\n\n<p class=\"wp-block-heading\">En cremet jordskokkesuppe, der er perfekt at servere som forret til nyt\u00e5rsaften.<\/p>\n<\/div>\n<\/div>\n\n\n\n<div class=\"wp-block-columns is-layout-flex wp-container-core-columns-is-layout-9d6595d7 wp-block-columns-is-layout-flex\">\n<div class=\"wp-block-column is-layout-flow wp-block-column-is-layout-flow\">\n<figure class=\"wp-block-image size-large\"><img loading=\"lazy\" decoding=\"async\" width=\"1200\" height=\"800\" src=\"https:\/\/www.magnihill.se\/dk\/wp-content\/uploads\/2024\/01\/Brysselkal-webb2-1200x800.jpg\" alt=\"\" class=\"wp-image-2101\" style=\"aspect-ratio:1;object-fit:cover\" srcset=\"https:\/\/www.magnihill.se\/dk\/wp-content\/uploads\/2024\/01\/Brysselkal-webb2-1200x800.jpg 1200w, https:\/\/www.magnihill.se\/dk\/wp-content\/uploads\/2024\/01\/Brysselkal-webb2-800x533.jpg 800w, https:\/\/www.magnihill.se\/dk\/wp-content\/uploads\/2024\/01\/Brysselkal-webb2-250x167.jpg 250w, https:\/\/www.magnihill.se\/dk\/wp-content\/uploads\/2024\/01\/Brysselkal-webb2-1536x1024.jpg 1536w, https:\/\/www.magnihill.se\/dk\/wp-content\/uploads\/2024\/01\/Brysselkal-webb2-2048x1366.jpg 2048w, https:\/\/www.magnihill.se\/dk\/wp-content\/uploads\/2024\/01\/Brysselkal-webb2-1140x760.jpg 1140w, https:\/\/www.magnihill.se\/dk\/wp-content\/uploads\/2024\/01\/Brysselkal-webb2-1920x1280.jpg 1920w, https:\/\/www.magnihill.se\/dk\/wp-content\/uploads\/2024\/01\/Brysselkal-webb2-300x200.jpg 300w\" sizes=\"auto, (max-width: 1200px) 100vw, 1200px\" \/><\/figure>\n\n\n\n<h6 class=\"wp-block-heading\"><a href=\"https:\/\/www.magnihill.se\/dk\/opskrifter\/aftensmad\/ristede-kartoffelskiver-med-sauteretrosenkal-urteolie-og-revet-parmesanost\/\" title=\"\">Ristede kartoffelskiver med sauteret rosenk\u00e5l, urteolie og revet parmesanost<\/a><\/h6>\n<\/div>\n\n\n\n<div class=\"wp-block-column is-layout-flow wp-block-column-is-layout-flow\"><\/div>\n\n\n\n<div class=\"wp-block-column is-layout-flow wp-block-column-is-layout-flow\"><\/div>\n<\/div>\n\n\n","protected":false},"excerpt":{"rendered":"<p>Magnihill \u00f8nsker jer en Gl\u00e6delig Jul. Med denne samling af juleopskrifter \u00f8nsker vi at inspirere til en nem, billig og smagfuld m\u00e5de at bruge frosne planteprodukter i madlavningen. Uden at g\u00e5 p\u00e5 kompromis med kvaliteten. Cremet gratin med ansjosfileter Denne gratin er en klassiker p\u00e5 det svenske julebord. Lige s\u00e5 oplagt til jul som til p\u00e5ske! En cremet gratin, hvor ansjosen giver b\u00e5de god smag og salt. Julens rosenk\u00e5lssalat med granat\u00e6blekerner og appelsindressing Syltede r\u00f8dbeder med stjerneanis Klassisk r\u00f8dbedesalat Risalamande med hindb\u00e6r- og granat\u00e6blekompot Jordskokkesuppe med ristede p\u00e6rer og champignon En cremet jordskokkesuppe, der er perfekt at servere som forret til nyt\u00e5rsaften. Ristede kartoffelskiver med sauteret rosenk\u00e5l, urteolie og revet parmesanost<\/p>\n","protected":false},"author":1,"featured_media":0,"parent":0,"menu_order":0,"comment_status":"closed","ping_status":"closed","template":"","meta":{"_monsterinsights_skip_tracking":false,"_monsterinsights_sitenote_active":false,"_monsterinsights_sitenote_note":"","_monsterinsights_sitenote_category":0,"ngg_post_thumbnail":0,"footnotes":""},"class_list":["post-2423","page","type-page","status-publish","hentry"],"aioseo_notices":[],"_links":{"self":[{"href":"https:\/\/www.magnihill.se\/dk\/wp-json\/wp\/v2\/pages\/2423","targetHints":{"allow":["GET"]}}],"collection":[{"href":"https:\/\/www.magnihill.se\/dk\/wp-json\/wp\/v2\/pages"}],"about":[{"href":"https:\/\/www.magnihill.se\/dk\/wp-json\/wp\/v2\/types\/page"}],"author":[{"embeddable":true,"href":"https:\/\/www.magnihill.se\/dk\/wp-json\/wp\/v2\/users\/1"}],"replies":[{"embeddable":true,"href":"https:\/\/www.magnihill.se\/dk\/wp-json\/wp\/v2\/comments?post=2423"}],"version-history":[{"count":11,"href":"https:\/\/www.magnihill.se\/dk\/wp-json\/wp\/v2\/pages\/2423\/revisions"}],"predecessor-version":[{"id":2695,"href":"https:\/\/www.magnihill.se\/dk\/wp-json\/wp\/v2\/pages\/2423\/revisions\/2695"}],"wp:attachment":[{"href":"https:\/\/www.magnihill.se\/dk\/wp-json\/wp\/v2\/media?parent=2423"}],"curies":[{"name":"wp","href":"https:\/\/api.w.org\/{rel}","templated":true}]}}