{"id":2419,"date":"2024-10-18T13:39:05","date_gmt":"2024-10-18T12:39:05","guid":{"rendered":"https:\/\/www.magnihill.se\/dk\/?page_id=2419"},"modified":"2024-10-18T13:39:15","modified_gmt":"2024-10-18T12:39:15","slug":"kartoffel-porresuppe-med-citron-og-hvidlogscremefraiche","status":"publish","type":"page","link":"https:\/\/www.magnihill.se\/dk\/opskrifter\/suppebuffeten\/kartoffel-porresuppe-med-citron-og-hvidlogscremefraiche\/","title":{"rendered":"Kartoffel- &amp; porresuppe med citron- og hvidl\u00f8gscremefraiche"},"content":{"rendered":"\n<h4>10 portioner<\/h4>\n<p><b>Suppe<\/b><br>1,5 kg <b>Magnihill kartofler i tern \u00d8KO (varenr. 33780)<\/b><b><br><\/b>ca. 500 g <b>Magnihill porrer i tern \u00d8KO (varenr. 33713)<\/b><br>3 spsk olie<br>2 terninger gr\u00f8ntsagsbouillon<br>2 &#8211; 2,5 lit vand<br>7 dl piskefl\u00f8de<br>salt &amp; peber<\/p>\n<p><b>Creme fraiche med citron og hvidl\u00f8g<br><\/b>5 dl creme fraiche<br>1\/2 citron, fintrevet skal og saft<br>8 g <strong>Magnihill hvidl\u00f8g hakket \u00d8KO (varenr. 33904)<\/strong><br>salt\/peber<\/p>\n<p><b>Topping<br><\/b>300 gram <b>Magnihill kartofler i tern \u00d8KO (varenr. 33780)<br><\/b>2 spsk olie<br>persilleblade til dekoration<\/p>\n<h3>Fremgangsm\u00e5de<\/h3>\n<p>Varm en stor gryde op, h\u00e6ld olien i, tils\u00e6t de frosne porrer og kartofler, og steg dem sammen i 10 minutter, uden at de tager farve.<span class=\"Apple-converted-space\">&nbsp;<\/span><\/p>\n<p>Smuldr bouillonterningerne i, tils\u00e6t vand, og kog forsigtigt i ca. 25 minutter.<span class=\"Apple-converted-space\">&nbsp;<\/span><\/p>\n<p>H\u00e6ld noget af bouillonen i en kande, blend resten glat, og tils\u00e6t vand for at f\u00e5 en l\u00f8sere, \u00f8nsket konsistens.<\/p>\n<p>Tils\u00e6t piskefl\u00f8de lidt ad gangen, og bring suppen i kog, smag til med salt og peber.<\/p>\n<p>Bland cremefraiche, citronsaft og -skal samt hakket hvidl\u00f8g i en sk\u00e5l. Smag til med salt og peber.<\/p>\n<p>F\u00f8r servering: Steg de frosne kartoffeltern i olie p\u00e5 en pande.<\/p>\n<p>Server suppen i sk\u00e5le, toppet med stegte kartoffelstykker, en klat citroncremefraiche og hakket persille.<\/p>\n","protected":false},"excerpt":{"rendered":"<p>10 portioner Suppe1,5 kg Magnihill kartofler i tern \u00d8KO (varenr. 33780)ca. 500 g Magnihill porrer i tern \u00d8KO (varenr. 33713)3 spsk olie2 terninger gr\u00f8ntsagsbouillon2 &#8211; 2,5 lit vand7 dl piskefl\u00f8desalt &amp; peber Creme fraiche med citron og hvidl\u00f8g5 dl creme fraiche1\/2 citron, fintrevet skal og saft8 g Magnihill hvidl\u00f8g hakket \u00d8KO (varenr. 33904)salt\/peber Topping300 gram Magnihill kartofler i tern \u00d8KO (varenr. 33780)2 spsk oliepersilleblade til dekoration Fremgangsm\u00e5de Varm en stor gryde op, h\u00e6ld olien i, tils\u00e6t de frosne porrer og kartofler, og steg dem sammen i 10 minutter, uden at de tager farve.&nbsp; Smuldr bouillonterningerne i, tils\u00e6t vand, og kog forsigtigt i ca. 25 minutter.&nbsp; H\u00e6ld noget af bouillonen i en kande, blend resten glat, og tils\u00e6t vand for at f\u00e5 en l\u00f8sere, \u00f8nsket konsistens. Tils\u00e6t piskefl\u00f8de lidt ad gangen, og bring suppen i kog, [&hellip;]<\/p>\n","protected":false},"author":1,"featured_media":2420,"parent":251,"menu_order":0,"comment_status":"closed","ping_status":"closed","template":"","meta":{"_monsterinsights_skip_tracking":false,"_monsterinsights_sitenote_active":false,"_monsterinsights_sitenote_note":"","_monsterinsights_sitenote_category":0,"ngg_post_thumbnail":0,"footnotes":""},"class_list":["post-2419","page","type-page","status-publish","has-post-thumbnail","hentry"],"aioseo_notices":[],"_links":{"self":[{"href":"https:\/\/www.magnihill.se\/dk\/wp-json\/wp\/v2\/pages\/2419","targetHints":{"allow":["GET"]}}],"collection":[{"href":"https:\/\/www.magnihill.se\/dk\/wp-json\/wp\/v2\/pages"}],"about":[{"href":"https:\/\/www.magnihill.se\/dk\/wp-json\/wp\/v2\/types\/page"}],"author":[{"embeddable":true,"href":"https:\/\/www.magnihill.se\/dk\/wp-json\/wp\/v2\/users\/1"}],"replies":[{"embeddable":true,"href":"https:\/\/www.magnihill.se\/dk\/wp-json\/wp\/v2\/comments?post=2419"}],"version-history":[{"count":2,"href":"https:\/\/www.magnihill.se\/dk\/wp-json\/wp\/v2\/pages\/2419\/revisions"}],"predecessor-version":[{"id":2422,"href":"https:\/\/www.magnihill.se\/dk\/wp-json\/wp\/v2\/pages\/2419\/revisions\/2422"}],"up":[{"embeddable":true,"href":"https:\/\/www.magnihill.se\/dk\/wp-json\/wp\/v2\/pages\/251"}],"wp:featuredmedia":[{"embeddable":true,"href":"https:\/\/www.magnihill.se\/dk\/wp-json\/wp\/v2\/media\/2420"}],"wp:attachment":[{"href":"https:\/\/www.magnihill.se\/dk\/wp-json\/wp\/v2\/media?parent=2419"}],"curies":[{"name":"wp","href":"https:\/\/api.w.org\/{rel}","templated":true}]}}