{"id":2416,"date":"2024-10-18T13:34:16","date_gmt":"2024-10-18T12:34:16","guid":{"rendered":"https:\/\/www.magnihill.se\/dk\/?page_id=2416"},"modified":"2024-10-18T13:34:18","modified_gmt":"2024-10-18T12:34:18","slug":"salat-med-gule-beder-og-aerter","status":"publish","type":"page","link":"https:\/\/www.magnihill.se\/dk\/opskrifter\/sallatbuffeten\/salat-med-gule-beder-og-aerter\/","title":{"rendered":"Salat med gule beder og \u00e6rter"},"content":{"rendered":"\n<p><b>10 portioner<\/b><br>1,5 kg <b>Magnihill gule beder kl\u00f8vede \u00d8KO (varenr. 33787)<br><\/b>olie, til formen<br>ca 20 g <b>Magnihill hvidl\u00f8g hakket \u00d8KO<\/b> <b>(varenr. 33904)<\/b> el. 4 fed hvidl\u00f8g, finthakket<br>4 dl <b>Magnihill gr\u00f8nne \u00e6rter (varenr. 33711, 577329 \u00d8KO, 31101, 31102, 31103)<br><\/b>0,5 agurk<br>3 dl olivenolie<br>1 dl hvid balsamico<br>2 spsk honning<br>ca.1 citron, fintrevet skal og saft<br>0,5 dl solsikkekerner<br>salt og peber<b><br><\/b><\/p>\n<h4>Fremgangsm\u00e5de<\/h4>\n<p>Forvarm ovnen til 200 grader. Tag en stor varmebestandig form, dryp olie i formen, og h\u00e6ld de frosne gule beder i sammen med det hakkede hvidl\u00f8g.<\/p>\n<p>Bag i ovnen i ca. 40 minutter, eller indtil de har n\u00e5et den \u00f8nskede bl\u00f8dhed.<\/p>\n<p>Dyp hurtigt de gr\u00f8nne \u00e6rter i varmt vand.<\/p>\n<p>Sk\u00e6r agurken i skiver p\u00e5 langs, og tag indmaden ud, sk\u00e6r den i halve skiver.<\/p>\n<p>Blend i mellemtiden olie, hvid balsamico og honning med en stavblender, indtil det er glat. Tils\u00e6t citronsaft og -skal, og r\u00f8r rundt.<\/p>\n<p>Smag til med salt og peber. Serv\u00e9r de varme ovnbagte gule beder p\u00e5 et fad med gr\u00f8nne \u00e6rter, agurk i skiver og dryp med citronolie. Pynt med solsikkekerner!<\/p>\n","protected":false},"excerpt":{"rendered":"<p>10 portioner1,5 kg Magnihill gule beder kl\u00f8vede \u00d8KO (varenr. 33787)olie, til formenca 20 g Magnihill hvidl\u00f8g hakket \u00d8KO (varenr. 33904) el. 4 fed hvidl\u00f8g, finthakket4 dl Magnihill gr\u00f8nne \u00e6rter (varenr. 33711, 577329 \u00d8KO, 31101, 31102, 31103)0,5 agurk3 dl olivenolie1 dl hvid balsamico2 spsk honningca.1 citron, fintrevet skal og saft0,5 dl solsikkekernersalt og peber Fremgangsm\u00e5de Forvarm ovnen til 200 grader. Tag en stor varmebestandig form, dryp olie i formen, og h\u00e6ld de frosne gule beder i sammen med det hakkede hvidl\u00f8g. Bag i ovnen i ca. 40 minutter, eller indtil de har n\u00e5et den \u00f8nskede bl\u00f8dhed. Dyp hurtigt de gr\u00f8nne \u00e6rter i varmt vand. Sk\u00e6r agurken i skiver p\u00e5 langs, og tag indmaden ud, sk\u00e6r den i halve skiver. Blend i mellemtiden olie, hvid balsamico og honning med en stavblender, indtil det er glat. Tils\u00e6t citronsaft [&hellip;]<\/p>\n","protected":false},"author":1,"featured_media":2417,"parent":245,"menu_order":0,"comment_status":"closed","ping_status":"closed","template":"","meta":{"_monsterinsights_skip_tracking":false,"_monsterinsights_sitenote_active":false,"_monsterinsights_sitenote_note":"","_monsterinsights_sitenote_category":0,"ngg_post_thumbnail":0,"footnotes":""},"class_list":["post-2416","page","type-page","status-publish","has-post-thumbnail","hentry"],"aioseo_notices":[],"_links":{"self":[{"href":"https:\/\/www.magnihill.se\/dk\/wp-json\/wp\/v2\/pages\/2416","targetHints":{"allow":["GET"]}}],"collection":[{"href":"https:\/\/www.magnihill.se\/dk\/wp-json\/wp\/v2\/pages"}],"about":[{"href":"https:\/\/www.magnihill.se\/dk\/wp-json\/wp\/v2\/types\/page"}],"author":[{"embeddable":true,"href":"https:\/\/www.magnihill.se\/dk\/wp-json\/wp\/v2\/users\/1"}],"replies":[{"embeddable":true,"href":"https:\/\/www.magnihill.se\/dk\/wp-json\/wp\/v2\/comments?post=2416"}],"version-history":[{"count":1,"href":"https:\/\/www.magnihill.se\/dk\/wp-json\/wp\/v2\/pages\/2416\/revisions"}],"predecessor-version":[{"id":2418,"href":"https:\/\/www.magnihill.se\/dk\/wp-json\/wp\/v2\/pages\/2416\/revisions\/2418"}],"up":[{"embeddable":true,"href":"https:\/\/www.magnihill.se\/dk\/wp-json\/wp\/v2\/pages\/245"}],"wp:featuredmedia":[{"embeddable":true,"href":"https:\/\/www.magnihill.se\/dk\/wp-json\/wp\/v2\/media\/2417"}],"wp:attachment":[{"href":"https:\/\/www.magnihill.se\/dk\/wp-json\/wp\/v2\/media?parent=2416"}],"curies":[{"name":"wp","href":"https:\/\/api.w.org\/{rel}","templated":true}]}}