{"id":2404,"date":"2024-10-18T13:04:02","date_gmt":"2024-10-18T12:04:02","guid":{"rendered":"https:\/\/www.magnihill.se\/dk\/?page_id=2404"},"modified":"2024-10-18T13:04:14","modified_gmt":"2024-10-18T12:04:14","slug":"wokgrontsager-med-aegnudler","status":"publish","type":"page","link":"https:\/\/www.magnihill.se\/dk\/opskrifter\/aftensmad\/wokgrontsager-med-aegnudler\/","title":{"rendered":"Wokgr\u00f8ntsager med \u00e6gnudler"},"content":{"rendered":"\n<p><em>Med vores svenske wokgr\u00f8ntsager kan du nemt og hurtigt lave en velsmagende og n\u00e6ringsrig wok. Vores wokgr\u00f8ntsager indeholder chioggia, gulerod, pastinak og sukker roe. Wokgr\u00f8ntsagerne kan med fordel serveres med en smule mynte som tilbeh\u00f8r til lam, kylling eller fisk.<span class=\"Apple-converted-space\">\u00a0<\/span><\/em><\/p>\n\n\n\n<h4 class=\"wp-block-heading\"><b>10 portioner<\/b><\/h4>\n\n\n\n<p>ca. 1,2 kg <b>Magnihill wokgr\u00f8ntsager \u00d8KO (varenr 33745 el. 716029)<\/b><br>3 spsk smagsneutral olie<br>30 g <strong>Magnihill hvidl\u00f8g hakket \u00d8KO (varenr 33904)<\/strong><br>4 spsk fintrevet frisk ingef\u00e6r<br>salt og peber<\/p>\n\n\n\n<p><b>\u00c6gnudler, efter pakkens anvisninger<\/b><br>2 dl cashewn\u00f8dder<br>4-5 dl mayonnaise<br>3 spiseskefulde japansk soja<\/p>\n\n\n\n<p><b>Dekoration<\/b><\/p>\n\n\n\n<p>frisk koriander<\/p>\n\n\n\n<h3 class=\"wp-block-heading\">Fremgangsm\u00e5de<\/h3>\n\n\n\n<p>Bring en stor gryde i kog med vand til \u00e6gnudlerne, f\u00f8lg anvisningerne!<\/p>\n\n\n\n<p>Tils\u00e6t olie i en wokpande, og varm den op. Tils\u00e6t hakket hvidl\u00f8g og derefter de frosne wokgr\u00f8ntsager, og smag til med frisk ingef\u00e6r efter et stykke tid. <br>Tils\u00e6t salt og peber.<\/p>\n\n\n\n<p>Rist cashewn\u00f8dderne p\u00e5 en varm, t\u00f8r pande i et par minutter, hak dem groft, og l\u00e6g dem i en sk\u00e5l.<br>Bland mayonnaise og soja sammen i en sk\u00e5l.<\/p>\n\n\n\n<p>N\u00e5r wokgr\u00f8ntsagerne er f\u00e6rdigkogte, tils\u00e6ttes de afdryppede \u00e6gnudler, og det hele blandes i wokpanden.<\/p>\n\n\n\n<p>Server wokken i en sk\u00e5le med cashewn\u00f8dder og frisk koriander.<\/p>\n","protected":false},"excerpt":{"rendered":"<p>Med vores svenske wokgr\u00f8ntsager kan du nemt og hurtigt lave en velsmagende og n\u00e6ringsrig wok. Vores wokgr\u00f8ntsager indeholder chioggia, gulerod, pastinak og sukker roe. Wokgr\u00f8ntsagerne kan med fordel serveres med en smule mynte som tilbeh\u00f8r til lam, kylling eller fisk.\u00a0 10 portioner ca. 1,2 kg Magnihill wokgr\u00f8ntsager \u00d8KO (varenr 33745 el. 716029)3 spsk smagsneutral olie30 g Magnihill hvidl\u00f8g hakket \u00d8KO (varenr 33904)4 spsk fintrevet frisk ingef\u00e6rsalt og peber \u00c6gnudler, efter pakkens anvisninger2 dl cashewn\u00f8dder4-5 dl mayonnaise3 spiseskefulde japansk soja Dekoration frisk koriander Fremgangsm\u00e5de Bring en stor gryde i kog med vand til \u00e6gnudlerne, f\u00f8lg anvisningerne! Tils\u00e6t olie i en wokpande, og varm den op. Tils\u00e6t hakket hvidl\u00f8g og derefter de frosne wokgr\u00f8ntsager, og smag til med frisk ingef\u00e6r efter et stykke tid. Tils\u00e6t salt og peber. Rist cashewn\u00f8dderne p\u00e5 en varm, t\u00f8r pande i et [&hellip;]<\/p>\n","protected":false},"author":1,"featured_media":2405,"parent":247,"menu_order":0,"comment_status":"closed","ping_status":"closed","template":"","meta":{"_monsterinsights_skip_tracking":false,"_monsterinsights_sitenote_active":false,"_monsterinsights_sitenote_note":"","_monsterinsights_sitenote_category":0,"ngg_post_thumbnail":0,"footnotes":""},"class_list":["post-2404","page","type-page","status-publish","has-post-thumbnail","hentry"],"aioseo_notices":[],"_links":{"self":[{"href":"https:\/\/www.magnihill.se\/dk\/wp-json\/wp\/v2\/pages\/2404","targetHints":{"allow":["GET"]}}],"collection":[{"href":"https:\/\/www.magnihill.se\/dk\/wp-json\/wp\/v2\/pages"}],"about":[{"href":"https:\/\/www.magnihill.se\/dk\/wp-json\/wp\/v2\/types\/page"}],"author":[{"embeddable":true,"href":"https:\/\/www.magnihill.se\/dk\/wp-json\/wp\/v2\/users\/1"}],"replies":[{"embeddable":true,"href":"https:\/\/www.magnihill.se\/dk\/wp-json\/wp\/v2\/comments?post=2404"}],"version-history":[{"count":1,"href":"https:\/\/www.magnihill.se\/dk\/wp-json\/wp\/v2\/pages\/2404\/revisions"}],"predecessor-version":[{"id":2407,"href":"https:\/\/www.magnihill.se\/dk\/wp-json\/wp\/v2\/pages\/2404\/revisions\/2407"}],"up":[{"embeddable":true,"href":"https:\/\/www.magnihill.se\/dk\/wp-json\/wp\/v2\/pages\/247"}],"wp:featuredmedia":[{"embeddable":true,"href":"https:\/\/www.magnihill.se\/dk\/wp-json\/wp\/v2\/media\/2405"}],"wp:attachment":[{"href":"https:\/\/www.magnihill.se\/dk\/wp-json\/wp\/v2\/media?parent=2404"}],"curies":[{"name":"wp","href":"https:\/\/api.w.org\/{rel}","templated":true}]}}