{"id":2360,"date":"2024-09-25T10:54:17","date_gmt":"2024-09-25T09:54:17","guid":{"rendered":"https:\/\/www.magnihill.se\/dk\/?page_id=2360"},"modified":"2024-09-25T10:54:34","modified_gmt":"2024-09-25T09:54:34","slug":"syltede-rodbeder-med-stjerneanis","status":"publish","type":"page","link":"https:\/\/www.magnihill.se\/dk\/opskrifter\/sallatbuffeten\/syltede-rodbeder-med-stjerneanis\/","title":{"rendered":"Syltede r\u00f8dbeder med stjerneanis"},"content":{"rendered":"\n<p><i>Er velegnet som tilbeh\u00f8r til gode oste, br\u00f8d og andre klassiske retter p\u00e5 julebordet.<\/i><\/p>\n\n\n\n<p>1000 gram <b>Magnihill r\u00f8dbeder i tern (varenr 33803 \u00d8KO)<span class=\"Apple-converted-space\">\u00a0<\/span><\/b><br>1 dl eddike, 12%<br>2 dl sukker<br>3 dl vand<br>5 st stjerneanis<\/p>\n\n\n\n<h4 class=\"wp-block-heading\">Fremgangsm\u00e5de<\/h4>\n\n\n\n<p><b>Lagen til syltede r\u00f8dbeder:<\/b> Bring eddike, sukker, vand og stjerne anis i kog i en gryde, og r\u00f8r rundt.<br>Tag gryden af varmen, og tils\u00e6t de frosne r\u00f8dbeder i tern.<br>Lad r\u00f8dbederne i tern k\u00f8le af i lagen. L\u00e6g dem i en t\u00e6t lukket glas beholder, som er godt rengjort.<\/p>\n\n\n\n<p>Opbevar k\u00f8ligt og server som et alternativ til syltede hele r\u00f8dbeder. Lad dem gerne tr\u00e6kke mindst en dag.<\/p>\n","protected":false},"excerpt":{"rendered":"<p>Er velegnet som tilbeh\u00f8r til gode oste, br\u00f8d og andre klassiske retter p\u00e5 julebordet. 1000 gram Magnihill r\u00f8dbeder i tern (varenr 33803 \u00d8KO)\u00a01 dl eddike, 12%2 dl sukker3 dl vand5 st stjerneanis Fremgangsm\u00e5de Lagen til syltede r\u00f8dbeder: Bring eddike, sukker, vand og stjerne anis i kog i en gryde, og r\u00f8r rundt.Tag gryden af varmen, og tils\u00e6t de frosne r\u00f8dbeder i tern.Lad r\u00f8dbederne i tern k\u00f8le af i lagen. L\u00e6g dem i en t\u00e6t lukket glas beholder, som er godt rengjort. Opbevar k\u00f8ligt og server som et alternativ til syltede hele r\u00f8dbeder. Lad dem gerne tr\u00e6kke mindst en dag.<\/p>\n","protected":false},"author":1,"featured_media":2362,"parent":245,"menu_order":0,"comment_status":"closed","ping_status":"closed","template":"","meta":{"_monsterinsights_skip_tracking":false,"_monsterinsights_sitenote_active":false,"_monsterinsights_sitenote_note":"","_monsterinsights_sitenote_category":0,"ngg_post_thumbnail":0,"footnotes":""},"class_list":["post-2360","page","type-page","status-publish","has-post-thumbnail","hentry"],"aioseo_notices":[],"_links":{"self":[{"href":"https:\/\/www.magnihill.se\/dk\/wp-json\/wp\/v2\/pages\/2360","targetHints":{"allow":["GET"]}}],"collection":[{"href":"https:\/\/www.magnihill.se\/dk\/wp-json\/wp\/v2\/pages"}],"about":[{"href":"https:\/\/www.magnihill.se\/dk\/wp-json\/wp\/v2\/types\/page"}],"author":[{"embeddable":true,"href":"https:\/\/www.magnihill.se\/dk\/wp-json\/wp\/v2\/users\/1"}],"replies":[{"embeddable":true,"href":"https:\/\/www.magnihill.se\/dk\/wp-json\/wp\/v2\/comments?post=2360"}],"version-history":[{"count":2,"href":"https:\/\/www.magnihill.se\/dk\/wp-json\/wp\/v2\/pages\/2360\/revisions"}],"predecessor-version":[{"id":2363,"href":"https:\/\/www.magnihill.se\/dk\/wp-json\/wp\/v2\/pages\/2360\/revisions\/2363"}],"up":[{"embeddable":true,"href":"https:\/\/www.magnihill.se\/dk\/wp-json\/wp\/v2\/pages\/245"}],"wp:featuredmedia":[{"embeddable":true,"href":"https:\/\/www.magnihill.se\/dk\/wp-json\/wp\/v2\/media\/2362"}],"wp:attachment":[{"href":"https:\/\/www.magnihill.se\/dk\/wp-json\/wp\/v2\/media?parent=2360"}],"curies":[{"name":"wp","href":"https:\/\/api.w.org\/{rel}","templated":true}]}}