{"id":2351,"date":"2024-09-25T10:41:42","date_gmt":"2024-09-25T09:41:42","guid":{"rendered":"https:\/\/www.magnihill.se\/dk\/?page_id=2351"},"modified":"2024-09-25T10:43:01","modified_gmt":"2024-09-25T09:43:01","slug":"urteagtig-majssalat","status":"publish","type":"page","link":"https:\/\/www.magnihill.se\/dk\/opskrifter\/sallatbuffeten\/urteagtig-majssalat\/","title":{"rendered":"Urteagtig majssalat"},"content":{"rendered":"\n<p>&nbsp;<\/p>\n<p><i>En dejlig varm salat til efter\u00e5rets buffeter.<\/i><\/p>\n<p><b>10 portioner (som tilbeh\u00f8r)<\/b><\/p>\n<p>1000 gram <b>Magnihill majs (varenr. 33714 \u00d8KO, 314011 konventionel)<br><\/b>300 gram <b>Magnihill r\u00e5 l\u00f8g i skiver (varenr. 33732 \u00d8KO, 323020 konventionel)<br><\/b>1 potte frisk basilikum<br>100 gram babyspinat, frisk<br>4 spsk hvid balsamicoeddike<br>2 dl ristede solsikkekerner<br>4 spsk neutral madolie + 3 spsk sm\u00f8r<\/p>\n<p><b>Hvidl\u00f8gscremefraiche<\/b><\/p>\n<p>6 dl cr\u00e8me fraiche<br>ca. 7 gram <b>Magnihill hvidl\u00f8g hakket (33904 \u00d8KO)<br><\/b>salt &amp; peber<br>honning<\/p>\n<h4>Fremgangsm\u00e5de<\/h4>\n<p>Varm en stor pande op med madolie og sm\u00f8r, lad det simre i et par minutter. <br>Tils\u00e6t s\u00e5 de frosne l\u00f8g i skiver og lad det stege til de er bl\u00f8dt og har f\u00e5et gylden farve.<\/p>\n<p>Tils\u00e6t derefter majs og r\u00f8r rundt, og lad det stege i ca. 10-15 minutter ved middel varme.<\/p>\n<p>Lige f\u00f8r servering vendes grofthakkede basilikumblade og frisk babyspinat i salaten, og der dryppes med hvid balsamicoeddike.<\/p>\n<p>Bland ingredienserne til hvidl\u00f8gscremefraichen sammen i en sk\u00e5l og smag til.<\/p>\n<p>Server den varme majssalat p\u00e5 et fad eller sk\u00e5l med de ristede solsikkekerner og hvidl\u00f8gscremefraiche.<\/p>\n","protected":false},"excerpt":{"rendered":"<p>&nbsp; En dejlig varm salat til efter\u00e5rets buffeter. 10 portioner (som tilbeh\u00f8r) 1000 gram Magnihill majs (varenr. 33714 \u00d8KO, 314011 konventionel)300 gram Magnihill r\u00e5 l\u00f8g i skiver (varenr. 33732 \u00d8KO, 323020 konventionel)1 potte frisk basilikum100 gram babyspinat, frisk4 spsk hvid balsamicoeddike2 dl ristede solsikkekerner4 spsk neutral madolie + 3 spsk sm\u00f8r Hvidl\u00f8gscremefraiche 6 dl cr\u00e8me fraicheca. 7 gram Magnihill hvidl\u00f8g hakket (33904 \u00d8KO)salt &amp; peberhonning Fremgangsm\u00e5de Varm en stor pande op med madolie og sm\u00f8r, lad det simre i et par minutter. Tils\u00e6t s\u00e5 de frosne l\u00f8g i skiver og lad det stege til de er bl\u00f8dt og har f\u00e5et gylden farve. Tils\u00e6t derefter majs og r\u00f8r rundt, og lad det stege i ca. 10-15 minutter ved middel varme. Lige f\u00f8r servering vendes grofthakkede basilikumblade og frisk babyspinat i salaten, og der dryppes med hvid [&hellip;]<\/p>\n","protected":false},"author":1,"featured_media":2353,"parent":245,"menu_order":0,"comment_status":"closed","ping_status":"closed","template":"","meta":{"_monsterinsights_skip_tracking":false,"_monsterinsights_sitenote_active":false,"_monsterinsights_sitenote_note":"","_monsterinsights_sitenote_category":0,"ngg_post_thumbnail":0,"footnotes":""},"class_list":["post-2351","page","type-page","status-publish","has-post-thumbnail","hentry"],"aioseo_notices":[],"_links":{"self":[{"href":"https:\/\/www.magnihill.se\/dk\/wp-json\/wp\/v2\/pages\/2351","targetHints":{"allow":["GET"]}}],"collection":[{"href":"https:\/\/www.magnihill.se\/dk\/wp-json\/wp\/v2\/pages"}],"about":[{"href":"https:\/\/www.magnihill.se\/dk\/wp-json\/wp\/v2\/types\/page"}],"author":[{"embeddable":true,"href":"https:\/\/www.magnihill.se\/dk\/wp-json\/wp\/v2\/users\/1"}],"replies":[{"embeddable":true,"href":"https:\/\/www.magnihill.se\/dk\/wp-json\/wp\/v2\/comments?post=2351"}],"version-history":[{"count":1,"href":"https:\/\/www.magnihill.se\/dk\/wp-json\/wp\/v2\/pages\/2351\/revisions"}],"predecessor-version":[{"id":2352,"href":"https:\/\/www.magnihill.se\/dk\/wp-json\/wp\/v2\/pages\/2351\/revisions\/2352"}],"up":[{"embeddable":true,"href":"https:\/\/www.magnihill.se\/dk\/wp-json\/wp\/v2\/pages\/245"}],"wp:featuredmedia":[{"embeddable":true,"href":"https:\/\/www.magnihill.se\/dk\/wp-json\/wp\/v2\/media\/2353"}],"wp:attachment":[{"href":"https:\/\/www.magnihill.se\/dk\/wp-json\/wp\/v2\/media?parent=2351"}],"curies":[{"name":"wp","href":"https:\/\/api.w.org\/{rel}","templated":true}]}}