{"id":2342,"date":"2024-09-25T10:32:35","date_gmt":"2024-09-25T09:32:35","guid":{"rendered":"https:\/\/www.magnihill.se\/dk\/?page_id=2342"},"modified":"2024-09-25T10:45:47","modified_gmt":"2024-09-25T09:45:47","slug":"julens-rosenkalssalat-med-granataeblekerner-og-appelsindressing","status":"publish","type":"page","link":"https:\/\/www.magnihill.se\/dk\/opskrifter\/sallatbuffeten\/julens-rosenkalssalat-med-granataeblekerner-og-appelsindressing\/","title":{"rendered":"Julens rosenk\u00e5lssalat med granat\u00e6blekerner og appelsindressing"},"content":{"rendered":"\n<p><em>Et dejligt tilbeh\u00f8r til buffeter i juletiden.<\/em><\/p>\n\n\n\n<p><strong>10 portioner (som tilbeh\u00f8r)<br><\/strong>1000 gram <b>Magnihill rosenk\u00e5l (varenr 32005)<br><\/b>250 gram<b> Magnihill granat\u00e6blekerner (varenr 790524 \u00d8KO, 33207 konventionel)<br><\/b>2 spsk <b>Magnihill hakket hvidl\u00f8g (varenr 33904 \u00d8KO)<br><\/b>500 gram r\u00f8dk\u00e5l, strimlet<br>3 spsk neutral madolie + 3 spsk hvid balsamicoeddike<br>3 appelsiner i tynde skiver<\/p>\n\n\n\n<p><b>Appelsindressing<\/b><br>2 appelsiner (saft og skal)<br>1,5 dl god olivenolie<br>4 spsk hvid balsamicoeddike<br>1-2 spsk flydende honning<br>salt<\/p>\n\n\n\n<h4 class=\"wp-block-heading\">Fremgangsm\u00e5de<\/h4>\n\n\n\n<p>Varm en rummelig pande op, og h\u00e6ld neutral olie p\u00e5. Tils\u00e6t frosset hakket hvidl\u00f8g og r\u00f8r rundt. Tils\u00e6t derefter de frosne rosenk\u00e5l, og steg dem i ca. 10 minutter, indtil de er gennemvarme og stadig har deres smag.<\/p>\n\n\n\n<p>Skr\u00e6l tre appelsiner, og sk\u00e6r dem i tynde skiver.<\/p>\n\n\n\n<p>L\u00e6g den strimlede r\u00f8dk\u00e5l i en sk\u00e5l, og mass\u00e9r den med 3 spsk. neutral madolie og hvid balsamicoeddike.<\/p>\n\n\n\n<p>Appelsindressing: Til dressingen presses saften og den fintrevne skal af yderligere to appelsiner.<\/p>\n\n\n\n<p>Bland og pisk alle ingredienserne sammen i en sk\u00e5l, og smag til med salt.<\/p>\n\n\n\n<p>Anret r\u00f8dk\u00e5len p\u00e5 et smukt fad, og top med rosenk\u00e5l, appelsinskiver og opt\u00f8ede granat\u00e6blekerner.<\/p>\n\n\n\n<p>H\u00e6ld appelsindressing over salaten.<\/p>\n\n\n\n<p>&nbsp;<\/p>\n","protected":false},"excerpt":{"rendered":"<p>Et dejligt tilbeh\u00f8r til buffeter i juletiden. 10 portioner (som tilbeh\u00f8r)1000 gram Magnihill rosenk\u00e5l (varenr 32005)250 gram Magnihill granat\u00e6blekerner (varenr 790524 \u00d8KO, 33207 konventionel)2 spsk Magnihill hakket hvidl\u00f8g (varenr 33904 \u00d8KO)500 gram r\u00f8dk\u00e5l, strimlet3 spsk neutral madolie + 3 spsk hvid balsamicoeddike3 appelsiner i tynde skiver Appelsindressing2 appelsiner (saft og skal)1,5 dl god olivenolie4 spsk hvid balsamicoeddike1-2 spsk flydende honningsalt Fremgangsm\u00e5de Varm en rummelig pande op, og h\u00e6ld neutral olie p\u00e5. Tils\u00e6t frosset hakket hvidl\u00f8g og r\u00f8r rundt. Tils\u00e6t derefter de frosne rosenk\u00e5l, og steg dem i ca. 10 minutter, indtil de er gennemvarme og stadig har deres smag. Skr\u00e6l tre appelsiner, og sk\u00e6r dem i tynde skiver. L\u00e6g den strimlede r\u00f8dk\u00e5l i en sk\u00e5l, og mass\u00e9r den med 3 spsk. neutral madolie og hvid balsamicoeddike. Appelsindressing: Til dressingen presses saften og den fintrevne skal [&hellip;]<\/p>\n","protected":false},"author":1,"featured_media":2343,"parent":245,"menu_order":0,"comment_status":"closed","ping_status":"closed","template":"","meta":{"_monsterinsights_skip_tracking":false,"_monsterinsights_sitenote_active":false,"_monsterinsights_sitenote_note":"","_monsterinsights_sitenote_category":0,"ngg_post_thumbnail":0,"footnotes":""},"class_list":["post-2342","page","type-page","status-publish","has-post-thumbnail","hentry"],"aioseo_notices":[],"_links":{"self":[{"href":"https:\/\/www.magnihill.se\/dk\/wp-json\/wp\/v2\/pages\/2342","targetHints":{"allow":["GET"]}}],"collection":[{"href":"https:\/\/www.magnihill.se\/dk\/wp-json\/wp\/v2\/pages"}],"about":[{"href":"https:\/\/www.magnihill.se\/dk\/wp-json\/wp\/v2\/types\/page"}],"author":[{"embeddable":true,"href":"https:\/\/www.magnihill.se\/dk\/wp-json\/wp\/v2\/users\/1"}],"replies":[{"embeddable":true,"href":"https:\/\/www.magnihill.se\/dk\/wp-json\/wp\/v2\/comments?post=2342"}],"version-history":[{"count":7,"href":"https:\/\/www.magnihill.se\/dk\/wp-json\/wp\/v2\/pages\/2342\/revisions"}],"predecessor-version":[{"id":2355,"href":"https:\/\/www.magnihill.se\/dk\/wp-json\/wp\/v2\/pages\/2342\/revisions\/2355"}],"up":[{"embeddable":true,"href":"https:\/\/www.magnihill.se\/dk\/wp-json\/wp\/v2\/pages\/245"}],"wp:featuredmedia":[{"embeddable":true,"href":"https:\/\/www.magnihill.se\/dk\/wp-json\/wp\/v2\/media\/2343"}],"wp:attachment":[{"href":"https:\/\/www.magnihill.se\/dk\/wp-json\/wp\/v2\/media?parent=2342"}],"curies":[{"name":"wp","href":"https:\/\/api.w.org\/{rel}","templated":true}]}}