{"id":2310,"date":"2024-09-10T10:39:19","date_gmt":"2024-09-10T09:39:19","guid":{"rendered":"https:\/\/www.magnihill.se\/dk\/?page_id=2310"},"modified":"2024-09-10T10:41:47","modified_gmt":"2024-09-10T09:41:47","slug":"cremet-gratin-med-ansjosfileter","status":"publish","type":"page","link":"https:\/\/www.magnihill.se\/dk\/opskrifter\/aftensmad\/cremet-gratin-med-ansjosfileter\/","title":{"rendered":"Cremet gratin med ansjosfileter"},"content":{"rendered":"\n<h4 class=\"wp-block-heading\">Denne gratin er en klassiker p\u00e5 det svenske julebord. Lige s\u00e5 oplagt til jul som til p\u00e5ske! En cremet gratin, hvor ansjosen giver b\u00e5de god smag og salt.<\/h4>\n\n\n\n<p><strong>10 portioner<\/strong><i><br><\/i>2 500 g <b>Magnihill kartofler i skiver (varenr. 33802 \u00d8KO)<\/b><br>300-400 g <b>Magnihill r\u00e5 l\u00f8g i skiver (varenr. 33732 \u00d8KO, 323020 konventionel)<span class=\"Apple-converted-space\">&nbsp;<\/span><\/b><br>3 spsk sm\u00f8r (til stegning)<br>3-4 d\u00e5ser ansjosfileter (100 g pr. stk.)<br>ca. 8 dl piskefl\u00f8de<br>4 spsk br\u00f8dkrummer<br>4 spsk sm\u00f8r (til at fordele over br\u00f8dkrummerne)<\/p>\n\n\n\n<h2 class=\"wp-block-heading\">Fremgangsm\u00e5de<\/h2>\n\n\n\n<p class=\"wp-block-heading\">Forvarm ovnen til 175\u00b0C. Svits det frosne l\u00f8g i sm\u00f8r p\u00e5 en rummelig pande for at<span class=\"Apple-converted-space\">&nbsp;<\/span>give det lidt farve. Tils\u00e6t derefter de frosne kartofler, og steg dem forsigtigt i et par minutter.<span class=\"Apple-converted-space\">&nbsp;<\/span><\/p>\n\n\n\n<p>Anret kartofler, l\u00f8g og ansjoser (gem ansjosfonden) i et eller to smurte ovn fade.<span class=\"Apple-converted-space\">&nbsp;<\/span><\/p>\n\n\n\n<p>Kom kartofler i bunden og i det \u00f8verste lag. Bland sammen piskefl\u00f8de og ansjosfonden. Drys med br\u00f8dkrummer,<span class=\"Apple-converted-space\">&nbsp;<\/span>og dryp med sm\u00f8r.<\/p>\n\n\n\n<p>Bag i den nederste del af ovnen i 1,5-2 timer. Hvis den begynder at f\u00e5 for meget farve, skal du d\u00e6kke den til med aluminiumsfolie.<\/p>\n\n\n\n<p>Pynt med hakket persille ved servering.<\/p>\n","protected":false},"excerpt":{"rendered":"<p>Denne gratin er en klassiker p\u00e5 det svenske julebord. Lige s\u00e5 oplagt til jul som til p\u00e5ske! En cremet gratin, hvor ansjosen giver b\u00e5de god smag og salt. 10 portioner2 500 g Magnihill kartofler i skiver (varenr. 33802 \u00d8KO)300-400 g Magnihill r\u00e5 l\u00f8g i skiver (varenr. 33732 \u00d8KO, 323020 konventionel)&nbsp;3 spsk sm\u00f8r (til stegning)3-4 d\u00e5ser ansjosfileter (100 g pr. stk.)ca. 8 dl piskefl\u00f8de4 spsk br\u00f8dkrummer4 spsk sm\u00f8r (til at fordele over br\u00f8dkrummerne) Fremgangsm\u00e5de Forvarm ovnen til 175\u00b0C. Svits det frosne l\u00f8g i sm\u00f8r p\u00e5 en rummelig pande for at&nbsp;give det lidt farve. Tils\u00e6t derefter de frosne kartofler, og steg dem forsigtigt i et par minutter.&nbsp; Anret kartofler, l\u00f8g og ansjoser (gem ansjosfonden) i et eller to smurte ovn fade.&nbsp; Kom kartofler i bunden og i det \u00f8verste lag. Bland sammen piskefl\u00f8de og ansjosfonden. Drys med [&hellip;]<\/p>\n","protected":false},"author":1,"featured_media":2311,"parent":247,"menu_order":0,"comment_status":"closed","ping_status":"closed","template":"","meta":{"_monsterinsights_skip_tracking":false,"_monsterinsights_sitenote_active":false,"_monsterinsights_sitenote_note":"","_monsterinsights_sitenote_category":0,"ngg_post_thumbnail":0,"footnotes":""},"class_list":["post-2310","page","type-page","status-publish","has-post-thumbnail","hentry"],"aioseo_notices":[],"_links":{"self":[{"href":"https:\/\/www.magnihill.se\/dk\/wp-json\/wp\/v2\/pages\/2310","targetHints":{"allow":["GET"]}}],"collection":[{"href":"https:\/\/www.magnihill.se\/dk\/wp-json\/wp\/v2\/pages"}],"about":[{"href":"https:\/\/www.magnihill.se\/dk\/wp-json\/wp\/v2\/types\/page"}],"author":[{"embeddable":true,"href":"https:\/\/www.magnihill.se\/dk\/wp-json\/wp\/v2\/users\/1"}],"replies":[{"embeddable":true,"href":"https:\/\/www.magnihill.se\/dk\/wp-json\/wp\/v2\/comments?post=2310"}],"version-history":[{"count":4,"href":"https:\/\/www.magnihill.se\/dk\/wp-json\/wp\/v2\/pages\/2310\/revisions"}],"predecessor-version":[{"id":2316,"href":"https:\/\/www.magnihill.se\/dk\/wp-json\/wp\/v2\/pages\/2310\/revisions\/2316"}],"up":[{"embeddable":true,"href":"https:\/\/www.magnihill.se\/dk\/wp-json\/wp\/v2\/pages\/247"}],"wp:featuredmedia":[{"embeddable":true,"href":"https:\/\/www.magnihill.se\/dk\/wp-json\/wp\/v2\/media\/2311"}],"wp:attachment":[{"href":"https:\/\/www.magnihill.se\/dk\/wp-json\/wp\/v2\/media?parent=2310"}],"curies":[{"name":"wp","href":"https:\/\/api.w.org\/{rel}","templated":true}]}}