{"id":2258,"date":"2024-06-24T13:00:01","date_gmt":"2024-06-24T12:00:01","guid":{"rendered":"https:\/\/www.magnihill.se\/dk\/?page_id=2258"},"modified":"2024-06-24T13:12:53","modified_gmt":"2024-06-24T12:12:53","slug":"foodservice","status":"publish","type":"page","link":"https:\/\/www.magnihill.se\/dk\/produkter\/foodservice\/","title":{"rendered":"Foodservice"},"content":{"rendered":"\n<p>Magnihill er et svensk familieejet firma, siden 1957. I t\u00e6t og langsigtet samarbejde med vores producenter i Sverige, og i andre lande, producerer vi dybfrosne gr\u00f8ntsager, frugt og b\u00e6r med fokus p\u00e5 \u00f8kologi. Vi kan levere vores produkter i hele stykker, tern, skiver, kl\u00f8vede eller i strimler og vore forpakninger kan variere fra containere, s\u00e6kke og kartoner til poser fra 0,3-2,5 kg.<\/p>\n<ul class=\"child-pages\"><li class=\"page_item page-item-105\"><a href=\"https:\/\/www.magnihill.se\/dk\/produkter\/foodservice\/%c3%b8kologiske-produkter\/\">\u00d8kologiske produkter<\/a><\/li>\n<li class=\"page_item page-item-122\"><a href=\"https:\/\/www.magnihill.se\/dk\/produkter\/foodservice\/konventionel\/\">Konventionel produkter<\/a><\/li>\n<\/ul>\n","protected":false},"excerpt":{"rendered":"<p>Magnihill er et svensk familieejet firma, siden 1957. I t\u00e6t og langsigtet samarbejde med vores producenter i Sverige, og i andre lande, producerer vi dybfrosne gr\u00f8ntsager, frugt og b\u00e6r med fokus p\u00e5 \u00f8kologi. Vi kan levere vores produkter i hele stykker, tern, skiver, kl\u00f8vede eller i strimler og vore forpakninger kan variere fra containere, s\u00e6kke og kartoner til poser fra 0,3-2,5 kg.<\/p>\n","protected":false},"author":1,"featured_media":0,"parent":6,"menu_order":0,"comment_status":"closed","ping_status":"closed","template":"","meta":{"_monsterinsights_skip_tracking":false,"_monsterinsights_sitenote_active":false,"_monsterinsights_sitenote_note":"","_monsterinsights_sitenote_category":0,"ngg_post_thumbnail":0,"footnotes":""},"class_list":["post-2258","page","type-page","status-publish","hentry"],"aioseo_notices":[],"_links":{"self":[{"href":"https:\/\/www.magnihill.se\/dk\/wp-json\/wp\/v2\/pages\/2258","targetHints":{"allow":["GET"]}}],"collection":[{"href":"https:\/\/www.magnihill.se\/dk\/wp-json\/wp\/v2\/pages"}],"about":[{"href":"https:\/\/www.magnihill.se\/dk\/wp-json\/wp\/v2\/types\/page"}],"author":[{"embeddable":true,"href":"https:\/\/www.magnihill.se\/dk\/wp-json\/wp\/v2\/users\/1"}],"replies":[{"embeddable":true,"href":"https:\/\/www.magnihill.se\/dk\/wp-json\/wp\/v2\/comments?post=2258"}],"version-history":[{"count":3,"href":"https:\/\/www.magnihill.se\/dk\/wp-json\/wp\/v2\/pages\/2258\/revisions"}],"predecessor-version":[{"id":2264,"href":"https:\/\/www.magnihill.se\/dk\/wp-json\/wp\/v2\/pages\/2258\/revisions\/2264"}],"up":[{"embeddable":true,"href":"https:\/\/www.magnihill.se\/dk\/wp-json\/wp\/v2\/pages\/6"}],"wp:attachment":[{"href":"https:\/\/www.magnihill.se\/dk\/wp-json\/wp\/v2\/media?parent=2258"}],"curies":[{"name":"wp","href":"https:\/\/api.w.org\/{rel}","templated":true}]}}