{"id":2256,"date":"2024-06-24T12:59:15","date_gmt":"2024-06-24T11:59:15","guid":{"rendered":"https:\/\/www.magnihill.se\/dk\/?page_id=2256"},"modified":"2025-03-14T12:28:00","modified_gmt":"2025-03-14T11:28:00","slug":"industri","status":"publish","type":"page","link":"https:\/\/www.magnihill.se\/dk\/produkter\/industri\/","title":{"rendered":"Industri"},"content":{"rendered":"\n<h5 class=\"wp-block-heading\">Vores gr\u00f8ntsager, b\u00e6r og frugt bruges i vid udstr\u00e6kning i f\u00f8devareindustrien til f\u00e6rdigretter, supper og babymad eller som monogr\u00f8ntsager og blandinger til catering- og detailmarkedet.<\/h5>\n\n\n\n<h5 class=\"wp-block-heading\">Vi kan levere vores produkter i hele stykker, tern, skiver, kl\u00f8vede eller i strimler og vore forpakninger kan variere fra containere, s\u00e6kke og kartoner til poser fra 0,3-2,5 kg.<\/h5>\n\n\n\n<h2 class=\"wp-block-heading\">Velkommen med din foresp\u00f8rgsel<\/h2>\n\n\n\n<p><img loading=\"lazy\" decoding=\"async\" class=\"alignnone size-thumbnail\" src=\"https:\/\/magnihill.se\/wp-content\/uploads\/2009\/05\/nydaniel3.jpg\" width=\"124\" height=\"168\"><\/p>\n<p><strong>Salg Industri Danmark<\/strong><br>Daniel Borg<br>Magnihill AB<br>+46 732 07 26 67<br><a title=\"\" href=\"mailto:daniel@magnihill.se\">daniel@magnihill.se<\/a><\/p>\n","protected":false},"excerpt":{"rendered":"<p>Vores gr\u00f8ntsager, b\u00e6r og frugt bruges i vid udstr\u00e6kning i f\u00f8devareindustrien til f\u00e6rdigretter, supper og babymad eller som monogr\u00f8ntsager og blandinger til catering- og detailmarkedet. Vi kan levere vores produkter i hele stykker, tern, skiver, kl\u00f8vede eller i strimler og vore forpakninger kan variere fra containere, s\u00e6kke og kartoner til poser fra 0,3-2,5 kg. Velkommen med din foresp\u00f8rgsel Salg Industri DanmarkDaniel BorgMagnihill AB+46 732 07 26 67daniel@magnihill.se<\/p>\n","protected":false},"author":1,"featured_media":0,"parent":6,"menu_order":0,"comment_status":"closed","ping_status":"closed","template":"","meta":{"footnotes":""},"class_list":["post-2256","page","type-page","status-publish","hentry"],"aioseo_notices":[],"_links":{"self":[{"href":"https:\/\/www.magnihill.se\/dk\/wp-json\/wp\/v2\/pages\/2256","targetHints":{"allow":["GET"]}}],"collection":[{"href":"https:\/\/www.magnihill.se\/dk\/wp-json\/wp\/v2\/pages"}],"about":[{"href":"https:\/\/www.magnihill.se\/dk\/wp-json\/wp\/v2\/types\/page"}],"author":[{"embeddable":true,"href":"https:\/\/www.magnihill.se\/dk\/wp-json\/wp\/v2\/users\/1"}],"replies":[{"embeddable":true,"href":"https:\/\/www.magnihill.se\/dk\/wp-json\/wp\/v2\/comments?post=2256"}],"version-history":[{"count":10,"href":"https:\/\/www.magnihill.se\/dk\/wp-json\/wp\/v2\/pages\/2256\/revisions"}],"predecessor-version":[{"id":2550,"href":"https:\/\/www.magnihill.se\/dk\/wp-json\/wp\/v2\/pages\/2256\/revisions\/2550"}],"up":[{"embeddable":true,"href":"https:\/\/www.magnihill.se\/dk\/wp-json\/wp\/v2\/pages\/6"}],"wp:attachment":[{"href":"https:\/\/www.magnihill.se\/dk\/wp-json\/wp\/v2\/media?parent=2256"}],"curies":[{"name":"wp","href":"https:\/\/api.w.org\/{rel}","templated":true}]}}