{"id":2121,"date":"2024-02-13T11:51:39","date_gmt":"2024-02-13T10:51:39","guid":{"rendered":"https:\/\/www.magnihill.se\/dk\/?page_id=2121"},"modified":"2024-02-13T11:54:52","modified_gmt":"2024-02-13T10:54:52","slug":"ristede-rodbeder-med-gron-dildolie-og-graeskarkerner","status":"publish","type":"page","link":"https:\/\/www.magnihill.se\/dk\/opskrifter\/sallatbuffeten\/ristede-rodbeder-med-gron-dildolie-og-graeskarkerner\/","title":{"rendered":"Ristede r\u00f8dbeder med gr\u00f8n dildolie og gr\u00e6skarkerner"},"content":{"rendered":"\n<p>1,5 kg <strong>Magnihill r\u00f8dbeder, &nbsp;kl\u00f8vede \u00d8KO (varenr. 33790)<\/strong><br>ca. 30 g <strong>Magnihill hvidl\u00f8g hakket \u00d8KO (varenr. 33904)<\/strong> eller 4 fed hvidl\u00f8g finthakket.<br>Olie, til formen<br>ca. 50 gram <strong>Magnihill dild hakket \u00d8KO &nbsp;(varenr. 33903)<\/strong><br>2,5 dl raps- eller olivenolie<br>1 dl hvid balsamicoeddike<br>salt &amp; peberevt. honning<\/p>\n<p>0,5 &#8211; 1 dl gr\u00e6skarkerner<br>Basilikumblade<\/p>\n<h3>G\u00f8r s\u00e5den her<\/h3>\n<p>Forvarm ovnen til 200 grader.<\/p>\n<p>Tag en stor varmebestandig form, dryp med olie for at sm\u00f8re formen, og h\u00e6ld s\u00e5 de frosne r\u00f8dbedekl\u00f8ver i sammen med det frosne hakkede hvidl\u00f8g.<\/p>\n<p>Bages i ovnen i ca. 40 minutter, eller indtil de har n\u00e5et den \u00f8nskede bl\u00f8dhed.<\/p>\n<p>I mellemtiden blendes dild, olie og hvid balsamico med en stavblender, indtil det er glat. Smag til med salt og peber og eventuelt lidt honning.<\/p>\n<p>Anret de varme ovnbagte r\u00f8dbeder p\u00e5 et fad, dryp med dildolien og drys gr\u00e6skarkernerne p\u00e5 toppen. <br>Pynt med basilikumblade!<\/p>\n","protected":false},"excerpt":{"rendered":"<p>1,5 kg Magnihill r\u00f8dbeder, &nbsp;kl\u00f8vede \u00d8KO (varenr. 33790)ca. 30 g Magnihill hvidl\u00f8g hakket \u00d8KO (varenr. 33904) eller 4 fed hvidl\u00f8g finthakket.Olie, til formenca. 50 gram Magnihill dild hakket \u00d8KO &nbsp;(varenr. 33903)2,5 dl raps- eller olivenolie1 dl hvid balsamicoeddikesalt &amp; peberevt. honning 0,5 &#8211; 1 dl gr\u00e6skarkernerBasilikumblade G\u00f8r s\u00e5den her Forvarm ovnen til 200 grader. Tag en stor varmebestandig form, dryp med olie for at sm\u00f8re formen, og h\u00e6ld s\u00e5 de frosne r\u00f8dbedekl\u00f8ver i sammen med det frosne hakkede hvidl\u00f8g. Bages i ovnen i ca. 40 minutter, eller indtil de har n\u00e5et den \u00f8nskede bl\u00f8dhed. I mellemtiden blendes dild, olie og hvid balsamico med en stavblender, indtil det er glat. Smag til med salt og peber og eventuelt lidt honning. Anret de varme ovnbagte r\u00f8dbeder p\u00e5 et fad, dryp med dildolien og drys gr\u00e6skarkernerne p\u00e5 toppen. [&hellip;]<\/p>\n","protected":false},"author":1,"featured_media":2119,"parent":245,"menu_order":0,"comment_status":"closed","ping_status":"closed","template":"","meta":{"_monsterinsights_skip_tracking":false,"_monsterinsights_sitenote_active":false,"_monsterinsights_sitenote_note":"","_monsterinsights_sitenote_category":0,"ngg_post_thumbnail":0,"footnotes":""},"class_list":["post-2121","page","type-page","status-publish","has-post-thumbnail","hentry"],"aioseo_notices":[],"_links":{"self":[{"href":"https:\/\/www.magnihill.se\/dk\/wp-json\/wp\/v2\/pages\/2121","targetHints":{"allow":["GET"]}}],"collection":[{"href":"https:\/\/www.magnihill.se\/dk\/wp-json\/wp\/v2\/pages"}],"about":[{"href":"https:\/\/www.magnihill.se\/dk\/wp-json\/wp\/v2\/types\/page"}],"author":[{"embeddable":true,"href":"https:\/\/www.magnihill.se\/dk\/wp-json\/wp\/v2\/users\/1"}],"replies":[{"embeddable":true,"href":"https:\/\/www.magnihill.se\/dk\/wp-json\/wp\/v2\/comments?post=2121"}],"version-history":[{"count":0,"href":"https:\/\/www.magnihill.se\/dk\/wp-json\/wp\/v2\/pages\/2121\/revisions"}],"up":[{"embeddable":true,"href":"https:\/\/www.magnihill.se\/dk\/wp-json\/wp\/v2\/pages\/245"}],"wp:featuredmedia":[{"embeddable":true,"href":"https:\/\/www.magnihill.se\/dk\/wp-json\/wp\/v2\/media\/2119"}],"wp:attachment":[{"href":"https:\/\/www.magnihill.se\/dk\/wp-json\/wp\/v2\/media?parent=2121"}],"curies":[{"name":"wp","href":"https:\/\/api.w.org\/{rel}","templated":true}]}}