{"id":2100,"date":"2024-01-22T13:42:25","date_gmt":"2024-01-22T12:42:25","guid":{"rendered":"https:\/\/www.magnihill.se\/dk\/?page_id=2100"},"modified":"2024-01-22T13:43:55","modified_gmt":"2024-01-22T12:43:55","slug":"ristede-kartoffelskiver-med-sauteretrosenkal-urteolie-og-revet-parmesanost","status":"publish","type":"page","link":"https:\/\/www.magnihill.se\/dk\/opskrifter\/aftensmad\/ristede-kartoffelskiver-med-sauteretrosenkal-urteolie-og-revet-parmesanost\/","title":{"rendered":"Ristede kartoffelskiver med sauteret rosenk\u00e5l, urteolie og revet parmesanost"},"content":{"rendered":"\n<h4 class=\"wp-block-heading\"><b>10 portioner<\/b><\/h4>\n\n\n\n<p>ca. 1,5 kg <b>Magnihill kartofler i skiver \u00d8KO (varenr 33802)<span class=\"Apple-converted-space\">\u00a0<\/span><\/b><br>4 spsk smagsneutral olie<br>ca. 20 g <b>Magnihill hvidl\u00f8g hakket \u00d8KO (varenr 33904) <\/b>eller 4 fed hvidl\u00f8g, finthakket<br>600 gram <b>Magnihill rosenk\u00e5l (varenr 32005)<\/b><\/p>\n\n\n\n<p><b>Urteolie<\/b><br>2-3 potter frisk basilikum<br>3 dl mild olie<br>15 g <b>Magnihill hvidl\u00f8g hakket \u00d8KO (varenr 33904)<\/b> eller 3 fed hvidl\u00f8g, finthakket<br>0,5 citron, fintrevet skal<br>1,5 tsk salt<br>Topping: grofthakkede valn\u00f8dder (kan udelades)<\/p>\n\n\n\n<h4 class=\"wp-block-heading\">G\u00f8r s\u00e5den her<\/h4>\n\n\n\n<p>Forvarm ovnen til 185\u00b0C.<br>Dryp olien i et ovnfast fad, og tils\u00e6t de frosne kartofler i skiver. Steg dem i ovnen i ca. 45 minutter, til de har f\u00e5et en flot farve. Varm en stegepande op med olie og hakket hvidl\u00f8g, og lad det syde i et par minutter.<\/p>\n\n\n\n<p>Tils\u00e6t de frosne rosenk\u00e5l, og steg dem i ca. 15 minutter, til de er gennemvarme.<\/p>\n\n\n\n<p>Blend imens urteolien: Bland basilikumblade, olie, hvidl\u00f8g, citronskal og salt i en blender, og blend til en j\u00e6vn masse, smag til.<\/p>\n\n\n\n<p>Serv\u00e9r de varme sauterede kartofler p\u00e5 et fad toppet med varm rosenk\u00e5l, dryppet med urteolie og h\u00f8vlet parmesan.<\/p>\n","protected":false},"excerpt":{"rendered":"<p>10 portioner ca. 1,5 kg Magnihill kartofler i skiver \u00d8KO (varenr 33802)\u00a04 spsk smagsneutral olieca. 20 g Magnihill hvidl\u00f8g hakket \u00d8KO (varenr 33904) eller 4 fed hvidl\u00f8g, finthakket600 gram Magnihill rosenk\u00e5l (varenr 32005) Urteolie2-3 potter frisk basilikum3 dl mild olie15 g Magnihill hvidl\u00f8g hakket \u00d8KO (varenr 33904) eller 3 fed hvidl\u00f8g, finthakket0,5 citron, fintrevet skal1,5 tsk saltTopping: grofthakkede valn\u00f8dder (kan udelades) G\u00f8r s\u00e5den her Forvarm ovnen til 185\u00b0C.Dryp olien i et ovnfast fad, og tils\u00e6t de frosne kartofler i skiver. Steg dem i ovnen i ca. 45 minutter, til de har f\u00e5et en flot farve. Varm en stegepande op med olie og hakket hvidl\u00f8g, og lad det syde i et par minutter. Tils\u00e6t de frosne rosenk\u00e5l, og steg dem i ca. 15 minutter, til de er gennemvarme. Blend imens urteolien: Bland basilikumblade, olie, hvidl\u00f8g, citronskal [&hellip;]<\/p>\n","protected":false},"author":1,"featured_media":2101,"parent":247,"menu_order":0,"comment_status":"closed","ping_status":"closed","template":"","meta":{"_monsterinsights_skip_tracking":false,"_monsterinsights_sitenote_active":false,"_monsterinsights_sitenote_note":"","_monsterinsights_sitenote_category":0,"ngg_post_thumbnail":0,"footnotes":""},"class_list":["post-2100","page","type-page","status-publish","has-post-thumbnail","hentry"],"aioseo_notices":[],"_links":{"self":[{"href":"https:\/\/www.magnihill.se\/dk\/wp-json\/wp\/v2\/pages\/2100","targetHints":{"allow":["GET"]}}],"collection":[{"href":"https:\/\/www.magnihill.se\/dk\/wp-json\/wp\/v2\/pages"}],"about":[{"href":"https:\/\/www.magnihill.se\/dk\/wp-json\/wp\/v2\/types\/page"}],"author":[{"embeddable":true,"href":"https:\/\/www.magnihill.se\/dk\/wp-json\/wp\/v2\/users\/1"}],"replies":[{"embeddable":true,"href":"https:\/\/www.magnihill.se\/dk\/wp-json\/wp\/v2\/comments?post=2100"}],"version-history":[{"count":0,"href":"https:\/\/www.magnihill.se\/dk\/wp-json\/wp\/v2\/pages\/2100\/revisions"}],"up":[{"embeddable":true,"href":"https:\/\/www.magnihill.se\/dk\/wp-json\/wp\/v2\/pages\/247"}],"wp:featuredmedia":[{"embeddable":true,"href":"https:\/\/www.magnihill.se\/dk\/wp-json\/wp\/v2\/media\/2101"}],"wp:attachment":[{"href":"https:\/\/www.magnihill.se\/dk\/wp-json\/wp\/v2\/media?parent=2100"}],"curies":[{"name":"wp","href":"https:\/\/api.w.org\/{rel}","templated":true}]}}