{"id":2096,"date":"2024-01-22T13:37:21","date_gmt":"2024-01-22T12:37:21","guid":{"rendered":"https:\/\/www.magnihill.se\/dk\/?page_id=2096"},"modified":"2024-01-22T13:37:23","modified_gmt":"2024-01-22T12:37:23","slug":"vegetarisk-biksemad-toppet-med-rodbeder-i-tern-og-persillemayonnaise","status":"publish","type":"page","link":"https:\/\/www.magnihill.se\/dk\/opskrifter\/aftensmad\/vegetarisk-biksemad-toppet-med-rodbeder-i-tern-og-persillemayonnaise\/","title":{"rendered":"Vegetarisk biksemad toppet med r\u00f8dbeder i tern og persillemayonnaise"},"content":{"rendered":"\n<h4 class=\"wp-block-heading\"><b>10 portioner<\/b><\/h4>\n\n\n\n<p>1,5-2 kg <b>Magnihill vegetarisk biksemad \u00d8KO (varenr 33747)<\/b><br>400 g <b>Magnihill r\u00f8dbede i tern \u00d8KO (varenr. 33803)<\/b><br>ca. 20 g <b>Magnihill hvidl\u00f8g hakket \u00d8KO (varenr. 33904)<\/b> <br>eller 4 fed hvidl\u00f8g, finthakket<br>5 spsk smagsneutral olie<br>25 g sm\u00f8r<br>3 spsk honning<br>salt og peber<\/p>\n\n\n\n<p><b>Persillemayonnaise<\/b><br>5 \u00e6g<br>2,5 tsk dijonsennep<br>2,5 spsk hvidvinseddike<br>6 dl smagsneutral olie<br>1 dl persille, grofthakket<br>salt og peber<\/p>\n\n\n\n<h4 class=\"wp-block-heading\">G\u00f8r s\u00e5den her<\/h4>\n\n\n\n<p>Varm en stor stegepande op med olie og frosne, hakkede hvidl\u00f8g. Tils\u00e6t den frosne biksemad, og steg den i ca. 15 minutter, indtil den er gennemstegt, krydr med salt og peber.<span class=\"Apple-converted-space\">&nbsp;<\/span><\/p>\n\n\n\n<p>Tag en lille pande og varm sm\u00f8r op, tils\u00e6t r\u00f8dbedetern og steg i mindst 5 minutter, dryp med honning og krydr med salt og peber.<\/p>\n\n\n\n<p>Mens gr\u00f8ntsagerne varmes op, piskes persillemayonnaisen sammen: Bland stuetempererede \u00e6ggeblommer, dijonsennep og hvidvinseddike.<\/p>\n\n\n\n<p>Tils\u00e6t olien dr\u00e5be for dr\u00e5be under konstant piskning med en elpisker, indtil massen er cremet og fast.<\/p>\n\n\n\n<p>Vend persille i, og smag til med salt og peber.<\/p>\n\n\n\n<p>Serv\u00e9r den varme biksemad med sm\u00f8rstegte r\u00f8dbedetern og top med frisk persille. Serv\u00e9r med persillemayonnaise.<\/p>\n","protected":false},"excerpt":{"rendered":"<p>10 portioner 1,5-2 kg Magnihill vegetarisk biksemad \u00d8KO (varenr 33747)400 g Magnihill r\u00f8dbede i tern \u00d8KO (varenr. 33803)ca. 20 g Magnihill hvidl\u00f8g hakket \u00d8KO (varenr. 33904) eller 4 fed hvidl\u00f8g, finthakket5 spsk smagsneutral olie25 g sm\u00f8r3 spsk honningsalt og peber Persillemayonnaise5 \u00e6g2,5 tsk dijonsennep2,5 spsk hvidvinseddike6 dl smagsneutral olie1 dl persille, grofthakketsalt og peber G\u00f8r s\u00e5den her Varm en stor stegepande op med olie og frosne, hakkede hvidl\u00f8g. Tils\u00e6t den frosne biksemad, og steg den i ca. 15 minutter, indtil den er gennemstegt, krydr med salt og peber.&nbsp; Tag en lille pande og varm sm\u00f8r op, tils\u00e6t r\u00f8dbedetern og steg i mindst 5 minutter, dryp med honning og krydr med salt og peber. Mens gr\u00f8ntsagerne varmes op, piskes persillemayonnaisen sammen: Bland stuetempererede \u00e6ggeblommer, dijonsennep og hvidvinseddike. Tils\u00e6t olien dr\u00e5be for dr\u00e5be under konstant piskning med [&hellip;]<\/p>\n","protected":false},"author":1,"featured_media":2097,"parent":247,"menu_order":0,"comment_status":"closed","ping_status":"closed","template":"","meta":{"_monsterinsights_skip_tracking":false,"_monsterinsights_sitenote_active":false,"_monsterinsights_sitenote_note":"","_monsterinsights_sitenote_category":0,"ngg_post_thumbnail":0,"footnotes":""},"class_list":["post-2096","page","type-page","status-publish","has-post-thumbnail","hentry"],"aioseo_notices":[],"_links":{"self":[{"href":"https:\/\/www.magnihill.se\/dk\/wp-json\/wp\/v2\/pages\/2096","targetHints":{"allow":["GET"]}}],"collection":[{"href":"https:\/\/www.magnihill.se\/dk\/wp-json\/wp\/v2\/pages"}],"about":[{"href":"https:\/\/www.magnihill.se\/dk\/wp-json\/wp\/v2\/types\/page"}],"author":[{"embeddable":true,"href":"https:\/\/www.magnihill.se\/dk\/wp-json\/wp\/v2\/users\/1"}],"replies":[{"embeddable":true,"href":"https:\/\/www.magnihill.se\/dk\/wp-json\/wp\/v2\/comments?post=2096"}],"version-history":[{"count":0,"href":"https:\/\/www.magnihill.se\/dk\/wp-json\/wp\/v2\/pages\/2096\/revisions"}],"up":[{"embeddable":true,"href":"https:\/\/www.magnihill.se\/dk\/wp-json\/wp\/v2\/pages\/247"}],"wp:featuredmedia":[{"embeddable":true,"href":"https:\/\/www.magnihill.se\/dk\/wp-json\/wp\/v2\/media\/2097"}],"wp:attachment":[{"href":"https:\/\/www.magnihill.se\/dk\/wp-json\/wp\/v2\/media?parent=2096"}],"curies":[{"name":"wp","href":"https:\/\/api.w.org\/{rel}","templated":true}]}}