{"id":2084,"date":"2024-01-22T13:14:25","date_gmt":"2024-01-22T12:14:25","guid":{"rendered":"https:\/\/www.magnihill.se\/dk\/?page_id=2084"},"modified":"2024-01-22T13:14:27","modified_gmt":"2024-01-22T12:14:27","slug":"kartoffelgratin-med-hvidlog-og-timian","status":"publish","type":"page","link":"https:\/\/www.magnihill.se\/dk\/opskrifter\/aftensmad\/kartoffelgratin-med-hvidlog-og-timian\/","title":{"rendered":"Kartoffelgratin med hvidl\u00f8g og timian"},"content":{"rendered":"\n<p><b><i>Nyhed!<\/i> Ekstra blancherede svenske \u00f8kologiske kartofler i skiver.  Perfekt til brug i gratiner, supper eller som r\u00e5stegte kartofler.<br><br>10 portioner<br><\/b>ca. 1,7 kg <b>Magnihill kartofler i skiver \u00d8KO (varenr. 33802)<\/b><br>4 spsk. olie <br>ca 30 g <b>Magnihill hvidl\u00f8g hakket \u00d8KO (varenr. 33904) <\/b><br>300 g <b>Magnihill l\u00f8g i skiver (varenr. 323020 eller 33732 \u00d8KO)<\/b><br>9 dl piskefl\u00f8de <br>1-2 tsk. t\u00f8rret timian<br>ca. 10 g <b>Magnihill hvidl\u00f8g hakket \u00d8KO (varenr. 33904) <\/b><br>2 tsk salt og hvid peber<br>Pynt: frisk timian<\/p>\n\n\n\n<h2 class=\"wp-block-heading\">G\u00f8r s\u00e5den her<\/h2>\n\n\n\n<p>S\u00e6t ovnen p\u00e5 200 grader i en varmluftsovn. Varm en stegepande op med olie, tils\u00e6t det frosne hvidl\u00f8g, lad det syde og f\u00e5 lidt farve.<br>Tils\u00e6t det frosne l\u00f8g i skiver, og steg det sammen, til det er bl\u00f8dt. Sm\u00f8r et ovnfast fad, ca. 28-35 cm.<span class=\"Apple-converted-space\">\u00a0<\/span><br><br>Kom de frosne, blancherede kartofler i. Bland fl\u00f8de, t\u00f8rret timian, hakket hvidl\u00f8g, salt og hvid peber i en sk\u00e5l.<span class=\"Apple-converted-space\">\u00a0<\/span><br>H\u00e6ld piskefl\u00f8de over kartoffelskiverne i fadet. Bag i den nederste del af ovnen i ca. 50 minutter, indtil gratinen har f\u00e5et en flot farve og f\u00f8les gennemstegt. <br>Pynt den nybagte gratin med frisk timian.<\/p>\n","protected":false},"excerpt":{"rendered":"<p>Nyhed! Ekstra blancherede svenske \u00f8kologiske kartofler i skiver. Perfekt til brug i gratiner, supper eller som r\u00e5stegte kartofler. 10 portionerca. 1,7 kg Magnihill kartofler i skiver \u00d8KO (varenr. 33802)4 spsk. olie ca 30 g Magnihill hvidl\u00f8g hakket \u00d8KO (varenr. 33904) 300 g Magnihill l\u00f8g i skiver (varenr. 323020 eller 33732 \u00d8KO)9 dl piskefl\u00f8de 1-2 tsk. t\u00f8rret timianca. 10 g Magnihill hvidl\u00f8g hakket \u00d8KO (varenr. 33904) 2 tsk salt og hvid peberPynt: frisk timian G\u00f8r s\u00e5den her S\u00e6t ovnen p\u00e5 200 grader i en varmluftsovn. Varm en stegepande op med olie, tils\u00e6t det frosne hvidl\u00f8g, lad det syde og f\u00e5 lidt farve.Tils\u00e6t det frosne l\u00f8g i skiver, og steg det sammen, til det er bl\u00f8dt. Sm\u00f8r et ovnfast fad, ca. 28-35 cm.\u00a0 Kom de frosne, blancherede kartofler i. Bland fl\u00f8de, t\u00f8rret timian, hakket hvidl\u00f8g, salt og [&hellip;]<\/p>\n","protected":false},"author":1,"featured_media":2086,"parent":247,"menu_order":0,"comment_status":"closed","ping_status":"closed","template":"","meta":{"_monsterinsights_skip_tracking":false,"_monsterinsights_sitenote_active":false,"_monsterinsights_sitenote_note":"","_monsterinsights_sitenote_category":0,"ngg_post_thumbnail":0,"footnotes":""},"class_list":["post-2084","page","type-page","status-publish","has-post-thumbnail","hentry"],"aioseo_notices":[],"_links":{"self":[{"href":"https:\/\/www.magnihill.se\/dk\/wp-json\/wp\/v2\/pages\/2084","targetHints":{"allow":["GET"]}}],"collection":[{"href":"https:\/\/www.magnihill.se\/dk\/wp-json\/wp\/v2\/pages"}],"about":[{"href":"https:\/\/www.magnihill.se\/dk\/wp-json\/wp\/v2\/types\/page"}],"author":[{"embeddable":true,"href":"https:\/\/www.magnihill.se\/dk\/wp-json\/wp\/v2\/users\/1"}],"replies":[{"embeddable":true,"href":"https:\/\/www.magnihill.se\/dk\/wp-json\/wp\/v2\/comments?post=2084"}],"version-history":[{"count":0,"href":"https:\/\/www.magnihill.se\/dk\/wp-json\/wp\/v2\/pages\/2084\/revisions"}],"up":[{"embeddable":true,"href":"https:\/\/www.magnihill.se\/dk\/wp-json\/wp\/v2\/pages\/247"}],"wp:featuredmedia":[{"embeddable":true,"href":"https:\/\/www.magnihill.se\/dk\/wp-json\/wp\/v2\/media\/2086"}],"wp:attachment":[{"href":"https:\/\/www.magnihill.se\/dk\/wp-json\/wp\/v2\/media?parent=2084"}],"curies":[{"name":"wp","href":"https:\/\/api.w.org\/{rel}","templated":true}]}}