{"id":2079,"date":"2024-01-22T13:08:25","date_gmt":"2024-01-22T12:08:25","guid":{"rendered":"https:\/\/www.magnihill.se\/dk\/?page_id=2079"},"modified":"2024-09-10T10:46:32","modified_gmt":"2024-09-10T09:46:32","slug":"syltede-rodbeder","status":"publish","type":"page","link":"https:\/\/www.magnihill.se\/dk\/opskrifter\/sallatbuffeten\/syltede-rodbeder\/","title":{"rendered":"Syltede r\u00f8dbeder"},"content":{"rendered":"\n<h5 class=\"wp-block-heading\">Vores \u00f8kologiske r<b>\u00f8dbeder i tern er perfekt til brug i salater, hummus eller til biksemad.<\/b><\/h5>\n\n\n\n<h4 class=\"wp-block-heading\"><b>10 portioner<\/b><\/h4>\n\n\n\n<p>1000 gram <b>Magnihill r\u00f8dbeder i tern svenske \u00d8KO (varenr. 33803)<span class=\"Apple-converted-space\">\u00a0<\/span><\/b><br>1 dl eddike, 12%<br>2 dl str\u00f8sukker<br>3 dl vand<\/p>\n\n\n\n<h4 class=\"wp-block-heading\">G\u00f8r s\u00e5den her<\/h4>\n\n\n\n<p>Bring eddike, sukker og vand i kog i en gryde, r\u00f8r rundt. Tag gryden af varmen, og tils\u00e6t de frosne r\u00f8dbeder i tern.<span class=\"Apple-converted-space\">&nbsp;<\/span><\/p>\n\n\n\n<p>Lad r\u00f8dbedeternene k\u00f8le af i lagen. L\u00e6g dem i t\u00e6t lukket glas beholder, som er godt rengjort.<span class=\"Apple-converted-space\">&nbsp;<\/span><\/p>\n\n\n\n<p>Opbevar k\u00f8ligt og server som et alternativ til syltede hele r\u00f8dbeder. Lad dem gerne tr\u00e6kke mindst en dag.<\/p>\n","protected":false},"excerpt":{"rendered":"<p>Vores \u00f8kologiske r\u00f8dbeder i tern er perfekt til brug i salater, hummus eller til biksemad. 10 portioner 1000 gram Magnihill r\u00f8dbeder i tern svenske \u00d8KO (varenr. 33803)\u00a01 dl eddike, 12%2 dl str\u00f8sukker3 dl vand G\u00f8r s\u00e5den her Bring eddike, sukker og vand i kog i en gryde, r\u00f8r rundt. Tag gryden af varmen, og tils\u00e6t de frosne r\u00f8dbeder i tern.&nbsp; Lad r\u00f8dbedeternene k\u00f8le af i lagen. L\u00e6g dem i t\u00e6t lukket glas beholder, som er godt rengjort.&nbsp; Opbevar k\u00f8ligt og server som et alternativ til syltede hele r\u00f8dbeder. Lad dem gerne tr\u00e6kke mindst en dag.<\/p>\n","protected":false},"author":1,"featured_media":2080,"parent":245,"menu_order":0,"comment_status":"closed","ping_status":"closed","template":"","meta":{"_monsterinsights_skip_tracking":false,"_monsterinsights_sitenote_active":false,"_monsterinsights_sitenote_note":"","_monsterinsights_sitenote_category":0,"ngg_post_thumbnail":0,"footnotes":""},"class_list":["post-2079","page","type-page","status-publish","has-post-thumbnail","hentry"],"aioseo_notices":[],"_links":{"self":[{"href":"https:\/\/www.magnihill.se\/dk\/wp-json\/wp\/v2\/pages\/2079","targetHints":{"allow":["GET"]}}],"collection":[{"href":"https:\/\/www.magnihill.se\/dk\/wp-json\/wp\/v2\/pages"}],"about":[{"href":"https:\/\/www.magnihill.se\/dk\/wp-json\/wp\/v2\/types\/page"}],"author":[{"embeddable":true,"href":"https:\/\/www.magnihill.se\/dk\/wp-json\/wp\/v2\/users\/1"}],"replies":[{"embeddable":true,"href":"https:\/\/www.magnihill.se\/dk\/wp-json\/wp\/v2\/comments?post=2079"}],"version-history":[{"count":3,"href":"https:\/\/www.magnihill.se\/dk\/wp-json\/wp\/v2\/pages\/2079\/revisions"}],"predecessor-version":[{"id":2320,"href":"https:\/\/www.magnihill.se\/dk\/wp-json\/wp\/v2\/pages\/2079\/revisions\/2320"}],"up":[{"embeddable":true,"href":"https:\/\/www.magnihill.se\/dk\/wp-json\/wp\/v2\/pages\/245"}],"wp:featuredmedia":[{"embeddable":true,"href":"https:\/\/www.magnihill.se\/dk\/wp-json\/wp\/v2\/media\/2080"}],"wp:attachment":[{"href":"https:\/\/www.magnihill.se\/dk\/wp-json\/wp\/v2\/media?parent=2079"}],"curies":[{"name":"wp","href":"https:\/\/api.w.org\/{rel}","templated":true}]}}