{"id":202,"date":"2010-10-19T11:47:13","date_gmt":"2010-10-19T10:47:13","guid":{"rendered":"http:\/\/www.magnihill.se\/dk\/?page_id=202"},"modified":"2023-05-03T11:12:44","modified_gmt":"2023-05-03T10:12:44","slug":"kartoffelmos","status":"publish","type":"page","link":"https:\/\/www.magnihill.se\/dk\/opskrifter\/aftensmad\/kartoffelmos\/","title":{"rendered":"Kartoffelmos"},"content":{"rendered":"\n<h4 class=\"wp-block-heading\">Hjemmelavet kartoffelmos til ca. 25 personer<\/h4>\n\n\n\n<p>5 kg af <strong>Magnihills \u00f8kologiske kartofler i tern til mos (ekstra blancheret) varenr 33780<\/strong><br>0,9 l vand<br>0,7 l m\u00e6lk<br>Ca. 145 gr sm\u00f8r<br>Ca. 50 gr salt<br>1 knivspids hvid peber<\/p>\n\n\n\n<h4 class=\"wp-block-heading\">G\u00f8r s\u00e5den her<\/h4>\n\n\n\n<p>Vand, sm\u00f8r og krydderier koges op, hvorefter de dybfrosne kartoffeltern tils\u00e6ttes lidt efter lidt. Derefter sp\u00e6des mosen op med m\u00e6lk.<\/p>\n\n\n\n<p>Man kan desuden med fordel opt\u00f8 kartoflerne p\u00e5 forh\u00e5nd, hvilket vil forkorte tilberedningstiden.<\/p>\n","protected":false},"excerpt":{"rendered":"<p>Hjemmelavet kartoffelmos til ca. 25 personer 5 kg af Magnihills \u00f8kologiske kartofler i tern til mos (ekstra blancheret) varenr 337800,9 l vand0,7 l m\u00e6lkCa. 145 gr sm\u00f8rCa. 50 gr salt1 knivspids hvid peber G\u00f8r s\u00e5den her Vand, sm\u00f8r og krydderier koges op, hvorefter de dybfrosne kartoffeltern tils\u00e6ttes lidt efter lidt. Derefter sp\u00e6des mosen op med m\u00e6lk. Man kan desuden med fordel opt\u00f8 kartoflerne p\u00e5 forh\u00e5nd, hvilket vil forkorte tilberedningstiden.<\/p>\n","protected":false},"author":1,"featured_media":1879,"parent":247,"menu_order":0,"comment_status":"closed","ping_status":"open","template":"","meta":{"_monsterinsights_skip_tracking":false,"_monsterinsights_sitenote_active":false,"_monsterinsights_sitenote_note":"","_monsterinsights_sitenote_category":0,"ngg_post_thumbnail":0,"footnotes":""},"class_list":["post-202","page","type-page","status-publish","has-post-thumbnail","hentry"],"aioseo_notices":[],"_links":{"self":[{"href":"https:\/\/www.magnihill.se\/dk\/wp-json\/wp\/v2\/pages\/202","targetHints":{"allow":["GET"]}}],"collection":[{"href":"https:\/\/www.magnihill.se\/dk\/wp-json\/wp\/v2\/pages"}],"about":[{"href":"https:\/\/www.magnihill.se\/dk\/wp-json\/wp\/v2\/types\/page"}],"author":[{"embeddable":true,"href":"https:\/\/www.magnihill.se\/dk\/wp-json\/wp\/v2\/users\/1"}],"replies":[{"embeddable":true,"href":"https:\/\/www.magnihill.se\/dk\/wp-json\/wp\/v2\/comments?post=202"}],"version-history":[{"count":0,"href":"https:\/\/www.magnihill.se\/dk\/wp-json\/wp\/v2\/pages\/202\/revisions"}],"up":[{"embeddable":true,"href":"https:\/\/www.magnihill.se\/dk\/wp-json\/wp\/v2\/pages\/247"}],"wp:featuredmedia":[{"embeddable":true,"href":"https:\/\/www.magnihill.se\/dk\/wp-json\/wp\/v2\/media\/1879"}],"wp:attachment":[{"href":"https:\/\/www.magnihill.se\/dk\/wp-json\/wp\/v2\/media?parent=202"}],"curies":[{"name":"wp","href":"https:\/\/api.w.org\/{rel}","templated":true}]}}