{"id":1993,"date":"2023-06-28T08:58:48","date_gmt":"2023-06-28T07:58:48","guid":{"rendered":"https:\/\/www.magnihill.se\/dk\/?page_id=1993"},"modified":"2025-10-08T09:05:46","modified_gmt":"2025-10-08T08:05:46","slug":"virksomhedspolitik","status":"publish","type":"page","link":"https:\/\/www.magnihill.se\/dk\/firma\/virksomhedspolitik\/","title":{"rendered":"Magnihill virksomhedspolitik"},"content":{"rendered":"\n<h4 class=\"wp-block-heading\">Vision<\/h4>\n\n\n\n<p>Magnihill skal v\u00e6re kundens f\u00f8rstevalg som samarbejdspartner inden for frosne kvalitetsprodukter fra planteriget.<\/p>\n\n\n\n<p>Vi skal desuden fremme udviklingen af bekvemme, \u00f8kologiske produkter med fokus p\u00e5 svenske r\u00e5varer.<br>Vi arbejder for en b\u00e6redygtig forretning, hvor vi indg\u00e5r i en st\u00f8rre sammenh\u00e6ng og tager ansvar for milj\u00f8, b\u00e6redygtighed og socialt ansvar.<\/p>\n\n\n\n<h3 class=\"wp-block-heading\">Forretningsid\u00e9<\/h3>\n\n\n\n<p>Magnihill udvikler, producerer og s\u00e6lger frosne produkter fra planteriget \u2013 med fokus p\u00e5 det \u00f8kologiske og det bekvemme \u2013 i t\u00e6t samarbejde med vores kunder og leverand\u00f8rer.<\/p>\n\n\n\n<h3 class=\"wp-block-heading\">Kvalitets- og f\u00f8devaresikkerhedspolitik<\/h3>\n\n\n\n<p>Magnihill skal fungere som en prioriteret, sikker og p\u00e5lidelig leverand\u00f8r af frosne plantebaserede f\u00f8devarer.<br>Vores samarbejder skal bygge p\u00e5 langsigtede relationer og en h\u00f8j grad af service.<br>Vores ledelsessystem skal v\u00e6re certificeret efter en GFSI-godkendt standard, fungere proaktivt og sikre, at vi leverer trygge produkter med den rette kvalitet.<\/p>\n\n\n\n<p>G\u00e6ldende love, regler samt krav og forventninger fra vores kunder og \u00f8vrige interessenter udg\u00f8r fundamentet for et effektivt arbejde, hvor vi kontinuerligt udvikler og forbedrer os.<br>Dette sker blandt andet gennem \u00e5bne dialoger, produktudvikling og l\u00f8bende forbedringer.<\/p>\n\n\n\n<p>F\u00f8devaresikkerhedskulturen inddrages i alle virksomhedens beslutninger, gennemsyrer hele organisationen og er tydelig for alle medarbejdere \u2013 og opfattes ogs\u00e5 af b\u00e5de entrepren\u00f8rer og bes\u00f8gende.<\/p>\n\n\n\n<p>Kommunikationen i Magnihill \u2013 s\u00e5vel internt som med kunder, samarbejdspartnere og andre interessenter \u2013 skal v\u00e6re \u00e5ben, \u00e6rlig og effektiv.<\/p>\n\n\n\n<p>Gennem langsigtede aftaler med dyrkere og leverand\u00f8rer samt kompetence inden for teknologi, produktionsprocesser og f\u00f8devaresikkerhed styrker vi virksomhedens konkurrenceevne og sikrer langsigtet rentabilitet og omkostningseffektiv produktion.<br>Kompetence inden for f\u00f8devaresikkerhed, IT, proces- og automationsteknologi er forretningskritisk, og dette sikrer vi gennem l\u00f8bende uddannelse af vores medarbejdere samt ved at inddrage ekstern ekspertise i specifikke sp\u00f8rgsm\u00e5l.<\/p>\n\n\n\n<p>Fuld sporbarhed af r\u00e5varer, frosne handelsvarer og FCM (emballage i direkte kontakt med f\u00f8devarer) er en selvf\u00f8lge \u2013 ligesom vi ikke arbejder med genmodificerede produkter.<\/p>\n\n\n\n<p>Vores virksomheds\u00adm\u00e5l omfatter b\u00e5de f\u00f8devaresikkerheds- og kvalitetsm\u00e5l, som f\u00f8lges op hver m\u00e5ned.<\/p>\n\n\n\n<h3 class=\"wp-block-heading\">Milj\u00f8politik<\/h3>\n\n\n\n<p>Den milj\u00f8p\u00e5virkning, som Magnihill giver anledning til, skal reduceres og forebygges.<br>Fokus ligger p\u00e5 produktionsteknikker, emballagematerialer, f\u00f8devarespild, affaldsminimering, energiforbrug samt udledning til omgivelserne.<\/p>\n\n\n\n<p>Vores ambition er at blive selvforsynende med energi gennem vedvarende teknologier.<\/p>\n\n\n\n<p>Vores virksomheds\u00adm\u00e5l omfatter milj\u00f8m\u00e5l, som f\u00f8lges op hver m\u00e5ned.<\/p>\n\n\n\n<p><em>Denne politik revideres af ledelsesgruppen \u00e9n gang om \u00e5ret \u2013 eller efter behov \u2013 for at fremme efterlevelse og l\u00f8bende udvikling i virksomheden.<\/em><\/p>\n","protected":false},"excerpt":{"rendered":"<p>Vision Magnihill skal v\u00e6re kundens f\u00f8rstevalg som samarbejdspartner inden for frosne kvalitetsprodukter fra planteriget. Vi skal desuden fremme udviklingen af bekvemme, \u00f8kologiske produkter med fokus p\u00e5 svenske r\u00e5varer.Vi arbejder for en b\u00e6redygtig forretning, hvor vi indg\u00e5r i en st\u00f8rre sammenh\u00e6ng og tager ansvar for milj\u00f8, b\u00e6redygtighed og socialt ansvar. Forretningsid\u00e9 Magnihill udvikler, producerer og s\u00e6lger frosne produkter fra planteriget \u2013 med fokus p\u00e5 det \u00f8kologiske og det bekvemme \u2013 i t\u00e6t samarbejde med vores kunder og leverand\u00f8rer. Kvalitets- og f\u00f8devaresikkerhedspolitik Magnihill skal fungere som en prioriteret, sikker og p\u00e5lidelig leverand\u00f8r af frosne plantebaserede f\u00f8devarer.Vores samarbejder skal bygge p\u00e5 langsigtede relationer og en h\u00f8j grad af service.Vores ledelsessystem skal v\u00e6re certificeret efter en GFSI-godkendt standard, fungere proaktivt og sikre, at vi leverer trygge produkter med den rette kvalitet. G\u00e6ldende love, regler samt krav og forventninger fra [&hellip;]<\/p>\n","protected":false},"author":1,"featured_media":0,"parent":5,"menu_order":0,"comment_status":"closed","ping_status":"closed","template":"","meta":{"_monsterinsights_skip_tracking":false,"_monsterinsights_sitenote_active":false,"_monsterinsights_sitenote_note":"","_monsterinsights_sitenote_category":0,"ngg_post_thumbnail":0,"footnotes":""},"class_list":["post-1993","page","type-page","status-publish","hentry"],"aioseo_notices":[],"_links":{"self":[{"href":"https:\/\/www.magnihill.se\/dk\/wp-json\/wp\/v2\/pages\/1993","targetHints":{"allow":["GET"]}}],"collection":[{"href":"https:\/\/www.magnihill.se\/dk\/wp-json\/wp\/v2\/pages"}],"about":[{"href":"https:\/\/www.magnihill.se\/dk\/wp-json\/wp\/v2\/types\/page"}],"author":[{"embeddable":true,"href":"https:\/\/www.magnihill.se\/dk\/wp-json\/wp\/v2\/users\/1"}],"replies":[{"embeddable":true,"href":"https:\/\/www.magnihill.se\/dk\/wp-json\/wp\/v2\/comments?post=1993"}],"version-history":[{"count":3,"href":"https:\/\/www.magnihill.se\/dk\/wp-json\/wp\/v2\/pages\/1993\/revisions"}],"predecessor-version":[{"id":2681,"href":"https:\/\/www.magnihill.se\/dk\/wp-json\/wp\/v2\/pages\/1993\/revisions\/2681"}],"up":[{"embeddable":true,"href":"https:\/\/www.magnihill.se\/dk\/wp-json\/wp\/v2\/pages\/5"}],"wp:attachment":[{"href":"https:\/\/www.magnihill.se\/dk\/wp-json\/wp\/v2\/media?parent=1993"}],"curies":[{"name":"wp","href":"https:\/\/api.w.org\/{rel}","templated":true}]}}