{"id":1971,"date":"2023-05-24T12:51:33","date_gmt":"2023-05-24T11:51:33","guid":{"rendered":"https:\/\/www.magnihill.se\/dk\/?page_id=1971"},"modified":"2023-05-24T12:51:35","modified_gmt":"2023-05-24T11:51:35","slug":"aerteguacamole","status":"publish","type":"page","link":"https:\/\/www.magnihill.se\/dk\/opskrifter\/sauce-og-tillbehor\/aerteguacamole\/","title":{"rendered":"\u00c6rteguacamole"},"content":{"rendered":"\n<p>3 dl Magnihill gr\u00f8nne \u00e6rter &nbsp;(vare nr: 33711 \u00d8KO)&nbsp;<br>Hvidl\u00f8g hakket \u00d8KO efter smag (vare nr: 33904)<br>2 \u00f8kologiske limefrugter (saften fra)<br>ca. 1 spsk vand<br>1,5 spsk \u00f8kologisk olivenolie<br>1 knivspids \u00f8kologiske chiliflager<br>1 knivspids \u00f8kologisk cayennepeber<br>0,5 tsk \u00f8kologisk spidskommen (cumin)<br>Salt efter smag<\/p>\n\n\n\n<h4 class=\"wp-block-heading\">G\u00f8r s\u00e5den her:<\/h4>\n\n\n\n<p>L\u00e6g \u00e6rterne i en sk\u00e5l. Kog vand i en kedel, og h\u00e6ld det over \u00e6rterne. Lad \u00e6rterne st\u00e5 i sk\u00e5len i et stykke tid.<\/p>\n\n\n\n<p>Blend \u00e6rterne til en glat pur\u00e9 med en stavblender. Tils\u00e6t hakket hvidl\u00f8g, limesaft, vand, olivenolie og alle krydderierne.<br>Bland det hele sammen og server som tilbeh\u00f8r til f.eks. tacos.<\/p>\n","protected":false},"excerpt":{"rendered":"<p>3 dl Magnihill gr\u00f8nne \u00e6rter &nbsp;(vare nr: 33711 \u00d8KO)&nbsp;Hvidl\u00f8g hakket \u00d8KO efter smag (vare nr: 33904)2 \u00f8kologiske limefrugter (saften fra)ca. 1 spsk vand1,5 spsk \u00f8kologisk olivenolie1 knivspids \u00f8kologiske chiliflager1 knivspids \u00f8kologisk cayennepeber0,5 tsk \u00f8kologisk spidskommen (cumin)Salt efter smag G\u00f8r s\u00e5den her: L\u00e6g \u00e6rterne i en sk\u00e5l. Kog vand i en kedel, og h\u00e6ld det over \u00e6rterne. Lad \u00e6rterne st\u00e5 i sk\u00e5len i et stykke tid. Blend \u00e6rterne til en glat pur\u00e9 med en stavblender. Tils\u00e6t hakket hvidl\u00f8g, limesaft, vand, olivenolie og alle krydderierne.Bland det hele sammen og server som tilbeh\u00f8r til f.eks. tacos.<\/p>\n","protected":false},"author":1,"featured_media":1254,"parent":257,"menu_order":0,"comment_status":"closed","ping_status":"closed","template":"","meta":{"_monsterinsights_skip_tracking":false,"_monsterinsights_sitenote_active":false,"_monsterinsights_sitenote_note":"","_monsterinsights_sitenote_category":0,"ngg_post_thumbnail":0,"footnotes":""},"class_list":["post-1971","page","type-page","status-publish","has-post-thumbnail","hentry"],"aioseo_notices":[],"_links":{"self":[{"href":"https:\/\/www.magnihill.se\/dk\/wp-json\/wp\/v2\/pages\/1971","targetHints":{"allow":["GET"]}}],"collection":[{"href":"https:\/\/www.magnihill.se\/dk\/wp-json\/wp\/v2\/pages"}],"about":[{"href":"https:\/\/www.magnihill.se\/dk\/wp-json\/wp\/v2\/types\/page"}],"author":[{"embeddable":true,"href":"https:\/\/www.magnihill.se\/dk\/wp-json\/wp\/v2\/users\/1"}],"replies":[{"embeddable":true,"href":"https:\/\/www.magnihill.se\/dk\/wp-json\/wp\/v2\/comments?post=1971"}],"version-history":[{"count":0,"href":"https:\/\/www.magnihill.se\/dk\/wp-json\/wp\/v2\/pages\/1971\/revisions"}],"up":[{"embeddable":true,"href":"https:\/\/www.magnihill.se\/dk\/wp-json\/wp\/v2\/pages\/257"}],"wp:featuredmedia":[{"embeddable":true,"href":"https:\/\/www.magnihill.se\/dk\/wp-json\/wp\/v2\/media\/1254"}],"wp:attachment":[{"href":"https:\/\/www.magnihill.se\/dk\/wp-json\/wp\/v2\/media?parent=1971"}],"curies":[{"name":"wp","href":"https:\/\/api.w.org\/{rel}","templated":true}]}}