{"id":1933,"date":"2023-05-22T09:27:20","date_gmt":"2023-05-22T08:27:20","guid":{"rendered":"https:\/\/www.magnihill.se\/dk\/?page_id=1933"},"modified":"2023-05-22T09:39:43","modified_gmt":"2023-05-22T08:39:43","slug":"okologi","status":"publish","type":"page","link":"https:\/\/www.magnihill.se\/dk\/okologi\/","title":{"rendered":"Fordele ved \u00f8kologiske f\u00f8devarer"},"content":{"rendered":"\n<p>Hos Magnihill \u00f8nsker vi at interagere med naturen og beskytte vores milj\u00f8 for de kommende generationer. Vi mener, at \u00f8kologiske produkter er en fantastisk m\u00e5de at g\u00f8re dette p\u00e5.<\/p>\n\n\n\n<blockquote class=\"wp-block-quote is-layout-flow wp-block-quote-is-layout-flow\">\n<p>&#8221;Da jeg overtog min fars plads i 1993, gik vi straks over til \u00f8kologi. Allerede i 1994 blev hele fabrikken KRAV-certificeret. Dengang var der ikke mange, der troede p\u00e5, at \u00f8kologi var fremtidens f\u00f8devarer.&#8221;<\/p>\n<cite>Wiveca Almgren, administrerende direkt\u00f8r for Magnihill<\/cite><\/blockquote>\n\n\n\n<p>I dag er vi stolte af, at Magnihill har et af markedets bredeste sortiment af \u00f8kologiske og KRAV-godkendte frosne frugter, b\u00e6r og gr\u00f8ntsager.<\/p>\n\n\n\n<h3 class=\"wp-block-heading\">Fem grunde til at v\u00e6lge \u00f8kologisk<\/h3>\n\n\n\n<p>\ud83d\udca6 <strong>Renere milj\u00f8:<\/strong> \u00d8kologiske f\u00f8devarer er produceret uden unaturlige kemiske pesticider og kunstg\u00f8dning. Det giver os renere vand, mere frugtbar jord og \u00f8get biodiversitet.<\/p>\n\n\n\n<p>\ud83c\udf53 <strong>Bedre sundhed:<\/strong> Naturlige r\u00e5varer betyder, at b\u00e5de du, der spiser produkterne, og vi, der arbejder med dem, ikke uds\u00e6ttes for unaturlige kemiske pesticider og un\u00f8dvendige tils\u00e6tningsstoffer.<\/p>\n\n\n\n<p>\ud83c\udf0e <strong>Reduceret klimap\u00e5virkning:<\/strong> Ved at v\u00e6lge \u00f8kologiske f\u00f8devarer tager vi et skridt i retning af at reducere udledningen af drivhusgasser, som i vid udstr\u00e6kning stammer fra fossile br\u00e6ndstoffer.<\/p>\n\n\n\n<p>\ud83e\udd55 <strong>Kvalitet: <\/strong>R\u00e5varerne f\u00e5r lov til at vokse sig st\u00e6rke uden kemisk hj\u00e6lp. R\u00e5varerne er GMO-frie for at minimere risikoen for natur og milj\u00f8.<\/p>\n\n\n\n<p>\ud83d\udc1d&nbsp; <strong>\u00d8get biodiversitet:<\/strong> \u00d8kologiske produkter fremmer biodiversiteten s\u00e5som bier, humlebier og andre insekter.<\/p>\n\n\n\n<h3 class=\"wp-block-heading\">Hvorfor \u00f8kologisk og KRAV-m\u00e6rket frugt og gr\u00f8nt?<\/h3>\n\n\n\n<p>\ud83e\udd55 \u00d8kologiske frugter og gr\u00f8ntsager dyrkes uden unaturlige kemiske pesticider og uden kunstg\u00f8dning.<br><br>\ud83d\udc1d I gennemsnit er der 50 % flere plantearter og best\u00f8vere p\u00e5 \u00f8kologiske g\u00e5rde.<br><br>\ud83c\udf38 \u00d8kologisk landbrug bestr\u00e6ber sig p\u00e5 at skabe et b\u00e6redygtigt kredsl\u00f8b mellem dyr og planter.<br><br>\ud83c\udf0e En uafh\u00e6ngig ekspert kontrollerer, at produktionen overholder de \u00f8kologiske regler.<br><br>Les mer p\u00e5 <a href=\"https:\/\/www.okologi.dk\" target=\"_blank\" rel=\"noopener\" title=\"\">www.okologi.dk <\/a><\/p>\n","protected":false},"excerpt":{"rendered":"<p>Hos Magnihill \u00f8nsker vi at interagere med naturen og beskytte vores milj\u00f8 for de kommende generationer. Vi mener, at \u00f8kologiske produkter er en fantastisk m\u00e5de at g\u00f8re dette p\u00e5. &#8221;Da jeg overtog min fars plads i 1993, gik vi straks over til \u00f8kologi. Allerede i 1994 blev hele fabrikken KRAV-certificeret. Dengang var der ikke mange, der troede p\u00e5, at \u00f8kologi var fremtidens f\u00f8devarer.&#8221; Wiveca Almgren, administrerende direkt\u00f8r for Magnihill I dag er vi stolte af, at Magnihill har et af markedets bredeste sortiment af \u00f8kologiske og KRAV-godkendte frosne frugter, b\u00e6r og gr\u00f8ntsager. Fem grunde til at v\u00e6lge \u00f8kologisk \ud83d\udca6 Renere milj\u00f8: \u00d8kologiske f\u00f8devarer er produceret uden unaturlige kemiske pesticider og kunstg\u00f8dning. Det giver os renere vand, mere frugtbar jord og \u00f8get biodiversitet. \ud83c\udf53 Bedre sundhed: Naturlige r\u00e5varer betyder, at b\u00e5de du, der spiser produkterne, og [&hellip;]<\/p>\n","protected":false},"author":1,"featured_media":1937,"parent":0,"menu_order":0,"comment_status":"closed","ping_status":"closed","template":"","meta":{"_monsterinsights_skip_tracking":false,"_monsterinsights_sitenote_active":false,"_monsterinsights_sitenote_note":"","_monsterinsights_sitenote_category":0,"ngg_post_thumbnail":0,"footnotes":""},"class_list":["post-1933","page","type-page","status-publish","has-post-thumbnail","hentry"],"aioseo_notices":[],"_links":{"self":[{"href":"https:\/\/www.magnihill.se\/dk\/wp-json\/wp\/v2\/pages\/1933","targetHints":{"allow":["GET"]}}],"collection":[{"href":"https:\/\/www.magnihill.se\/dk\/wp-json\/wp\/v2\/pages"}],"about":[{"href":"https:\/\/www.magnihill.se\/dk\/wp-json\/wp\/v2\/types\/page"}],"author":[{"embeddable":true,"href":"https:\/\/www.magnihill.se\/dk\/wp-json\/wp\/v2\/users\/1"}],"replies":[{"embeddable":true,"href":"https:\/\/www.magnihill.se\/dk\/wp-json\/wp\/v2\/comments?post=1933"}],"version-history":[{"count":0,"href":"https:\/\/www.magnihill.se\/dk\/wp-json\/wp\/v2\/pages\/1933\/revisions"}],"wp:featuredmedia":[{"embeddable":true,"href":"https:\/\/www.magnihill.se\/dk\/wp-json\/wp\/v2\/media\/1937"}],"wp:attachment":[{"href":"https:\/\/www.magnihill.se\/dk\/wp-json\/wp\/v2\/media?parent=1933"}],"curies":[{"name":"wp","href":"https:\/\/api.w.org\/{rel}","templated":true}]}}