{"id":1920,"date":"2023-05-16T11:16:35","date_gmt":"2023-05-16T10:16:35","guid":{"rendered":"https:\/\/www.magnihill.se\/dk\/?page_id=1920"},"modified":"2023-05-16T11:16:36","modified_gmt":"2023-05-16T10:16:36","slug":"nem-og-hurtig-broccolisuppe","status":"publish","type":"page","link":"https:\/\/www.magnihill.se\/dk\/opskrifter\/suppebuffeten\/nem-og-hurtig-broccolisuppe\/","title":{"rendered":"Nem og hurtig broccolisuppe"},"content":{"rendered":"\n<p>En virkelig velsmagende suppe lavet af vores frosne broccoli og frosne kartofler i tern. Suppen er vegetarisk, klimasmart, enkel og hurtig at tilberede. Serv\u00e9r den varme broccolisuppe med et godt stykke br\u00f8d og nyd den!<\/p>\n\n\n\n<h4 class=\"wp-block-heading\">10 portioner<\/h4>\n\n\n\n<p>250 g Magnihill frosne l\u00f8g i tern (art.nr. 33723 \u00d8KO, 32303 konventionel)<br>750 g Magnihill frosne svenske kartofler i tern, ekstra blancheret (art.nr. 33780 \u00d8KO)<br>625 g Magnihill frossen broccoli (art.nr. 33716 \u00d8KO, 170919 \u00d8KO, 31605 konventionel)<br>22 dl gr\u00f8ntsagsbouillon (vand og gr\u00f8ntsagsbouillon eller bouillonterning)<br>5 dl madlavningsfl\u00f8de (eller fl\u00f8de efter eget valg)<br>salt og peber<\/p>\n\n\n\n<h4 class=\"wp-block-heading\">G\u00f8r s\u00e5den her<\/h4>\n\n\n\n<p>Bring bouillonen i kog og tils\u00e6t frosne l\u00f8g, frosne kartofler og frosne broccoli. Bring det hele i kog og kog i ca. 7 minutter, eller indtil gr\u00f8ntsagerne er bl\u00f8de. Blend suppen med en stavblender direkte i gryden eller h\u00e6ld den i en foodprocessor.<\/p>\n\n\n\n<p>H\u00e6ld suppen tilbage i gryden, tils\u00e6t madlavningsfl\u00f8de, bring det i kog og smag til med salt og peber.<\/p>\n\n\n\n<p>Serv\u00e9r suppen med et godt stykke br\u00f8d og nyd den!<\/p>\n","protected":false},"excerpt":{"rendered":"<p>En virkelig velsmagende suppe lavet af vores frosne broccoli og frosne kartofler i tern. Suppen er vegetarisk, klimasmart, enkel og hurtig at tilberede. Serv\u00e9r den varme broccolisuppe med et godt stykke br\u00f8d og nyd den! 10 portioner 250 g Magnihill frosne l\u00f8g i tern (art.nr. 33723 \u00d8KO, 32303 konventionel)750 g Magnihill frosne svenske kartofler i tern, ekstra blancheret (art.nr. 33780 \u00d8KO)625 g Magnihill frossen broccoli (art.nr. 33716 \u00d8KO, 170919 \u00d8KO, 31605 konventionel)22 dl gr\u00f8ntsagsbouillon (vand og gr\u00f8ntsagsbouillon eller bouillonterning)5 dl madlavningsfl\u00f8de (eller fl\u00f8de efter eget valg)salt og peber G\u00f8r s\u00e5den her Bring bouillonen i kog og tils\u00e6t frosne l\u00f8g, frosne kartofler og frosne broccoli. Bring det hele i kog og kog i ca. 7 minutter, eller indtil gr\u00f8ntsagerne er bl\u00f8de. Blend suppen med en stavblender direkte i gryden eller h\u00e6ld den i en foodprocessor. H\u00e6ld [&hellip;]<\/p>\n","protected":false},"author":1,"featured_media":1921,"parent":251,"menu_order":0,"comment_status":"closed","ping_status":"closed","template":"","meta":{"_monsterinsights_skip_tracking":false,"_monsterinsights_sitenote_active":false,"_monsterinsights_sitenote_note":"","_monsterinsights_sitenote_category":0,"ngg_post_thumbnail":0,"footnotes":""},"class_list":["post-1920","page","type-page","status-publish","has-post-thumbnail","hentry"],"aioseo_notices":[],"_links":{"self":[{"href":"https:\/\/www.magnihill.se\/dk\/wp-json\/wp\/v2\/pages\/1920","targetHints":{"allow":["GET"]}}],"collection":[{"href":"https:\/\/www.magnihill.se\/dk\/wp-json\/wp\/v2\/pages"}],"about":[{"href":"https:\/\/www.magnihill.se\/dk\/wp-json\/wp\/v2\/types\/page"}],"author":[{"embeddable":true,"href":"https:\/\/www.magnihill.se\/dk\/wp-json\/wp\/v2\/users\/1"}],"replies":[{"embeddable":true,"href":"https:\/\/www.magnihill.se\/dk\/wp-json\/wp\/v2\/comments?post=1920"}],"version-history":[{"count":0,"href":"https:\/\/www.magnihill.se\/dk\/wp-json\/wp\/v2\/pages\/1920\/revisions"}],"up":[{"embeddable":true,"href":"https:\/\/www.magnihill.se\/dk\/wp-json\/wp\/v2\/pages\/251"}],"wp:featuredmedia":[{"embeddable":true,"href":"https:\/\/www.magnihill.se\/dk\/wp-json\/wp\/v2\/media\/1921"}],"wp:attachment":[{"href":"https:\/\/www.magnihill.se\/dk\/wp-json\/wp\/v2\/media?parent=1920"}],"curies":[{"name":"wp","href":"https:\/\/api.w.org\/{rel}","templated":true}]}}