{"id":1893,"date":"2023-05-05T13:32:49","date_gmt":"2023-05-05T12:32:49","guid":{"rendered":"https:\/\/www.magnihill.se\/dk\/?page_id=1893"},"modified":"2023-05-05T13:33:42","modified_gmt":"2023-05-05T12:33:42","slug":"biksemad-med-salsiccia","status":"publish","type":"page","link":"https:\/\/www.magnihill.se\/dk\/opskrifter\/aftensmad\/biksemad-med-salsiccia\/","title":{"rendered":"Biksemad med Salsiccia"},"content":{"rendered":"\n<h4 class=\"wp-block-heading\">10 portioner<\/h4>\n\n\n\n<p><strong>Biksemad<\/strong><br>1 liter <strong>Magnihill pastinak tern \u00d8KO <\/strong>(varenr. 33789)<br>1 liter <strong>Magnihill k\u00e5lroe tern \u00d8KO<\/strong> (varenr. 33741)<br>1 liter <strong>Magnihill knoldselleri tern \u00d8KO<\/strong> (varenr. 33709)<br>2 dl <strong>Magnihill l\u00f8g hakket \u00d8KO<\/strong> (varenr. 33721)<br>2 dl <strong>Magnihill persille hakket \u00d8KO<\/strong> (varenr. 33901)<br>4 spsk rapsolie med neutral smag<br>salt og sort peber<\/p>\n\n\n\n<p><strong>Ovnbagte cherrytomater<\/strong><br>600 g cherrytomater <br>3 spsk. rapsolie<br>3 spsk balsamicoeddike<br>salt og peber<\/p>\n\n\n\n<p><strong>Sennepscreme<\/strong><br>5 dl creme fraiche<br>3 spsk dijonsennep<br>Magnihill hvidl\u00f8g hakket \u00d8KO (varenr. 33901)<br>salt og sort peber<\/p>\n\n\n\n<p><strong>Grillet Salsiccia<\/strong><br>10-20 friske Salsiccia-p\u00f8lser (afh\u00e6ngig af st\u00f8rrelse)<\/p>\n\n\n\n<h4 class=\"wp-block-heading\">G\u00f8r s\u00e5den her<\/h4>\n\n\n\n<p><strong>Biksemad: <\/strong>Varm rapsolien op i en stor gryde, og steg det frosne gule l\u00f8g, den frosne pastinak, den frosne majrovn og den frosne knoldselleri ved middelvarme, indtil de er bl\u00f8de og varme, bl\u00f8de og let kogte. R\u00f8r den finthakkede persille i. Smag til med salt og sort peber.<\/p>\n\n\n\n<p><strong>Ovnbagte cherrytomater: <\/strong>Forvarm ovnen til 200 \u00b0C. L\u00e6g cherrytomaterne i en ovnfast, smurt form og prik dem med en gaffel. Dryp dem med rapsolie, balsamico, salt og peber. Bag dem i ovnen i ca. 15-20 minutter, indtil tomaterne er blevet bl\u00f8de.<\/p>\n\n\n\n<p><strong>Sennepscreme:<\/strong> Creme fraiche blandes med dijonsennep, hvidl\u00f8g, salt og sort peber.<\/p>\n\n\n\n<p><strong>Grillet Salsiccia:<\/strong> Grill p\u00f8lserne f\u00f8rst ved direkte varme og derefter ved indirekte varme, indtil de er gennemstegte. Du kan ogs\u00e5 stege dem p\u00e5 en pande, indtil de er gennemvarme.<\/p>\n\n\n\n<h4 class=\"wp-block-heading\">Servering<\/h4>\n\n\n\n<p>L\u00e6g biksemad p\u00e5 varme tallerkener sammen med tomater p\u00e5 vinstokke, en klat sennepsfl\u00f8de og grillet Salsiccia.<\/p>\n","protected":false},"excerpt":{"rendered":"<p>10 portioner Biksemad1 liter Magnihill pastinak tern \u00d8KO (varenr. 33789)1 liter Magnihill k\u00e5lroe tern \u00d8KO (varenr. 33741)1 liter Magnihill knoldselleri tern \u00d8KO (varenr. 33709)2 dl Magnihill l\u00f8g hakket \u00d8KO (varenr. 33721)2 dl Magnihill persille hakket \u00d8KO (varenr. 33901)4 spsk rapsolie med neutral smagsalt og sort peber Ovnbagte cherrytomater600 g cherrytomater 3 spsk. rapsolie3 spsk balsamicoeddikesalt og peber Sennepscreme5 dl creme fraiche3 spsk dijonsennepMagnihill hvidl\u00f8g hakket \u00d8KO (varenr. 33901)salt og sort peber Grillet Salsiccia10-20 friske Salsiccia-p\u00f8lser (afh\u00e6ngig af st\u00f8rrelse) G\u00f8r s\u00e5den her Biksemad: Varm rapsolien op i en stor gryde, og steg det frosne gule l\u00f8g, den frosne pastinak, den frosne majrovn og den frosne knoldselleri ved middelvarme, indtil de er bl\u00f8de og varme, bl\u00f8de og let kogte. R\u00f8r den finthakkede persille i. Smag til med salt og sort peber. Ovnbagte cherrytomater: Forvarm ovnen til 200 [&hellip;]<\/p>\n","protected":false},"author":1,"featured_media":1894,"parent":247,"menu_order":0,"comment_status":"closed","ping_status":"closed","template":"","meta":{"_monsterinsights_skip_tracking":false,"_monsterinsights_sitenote_active":false,"_monsterinsights_sitenote_note":"","_monsterinsights_sitenote_category":0,"ngg_post_thumbnail":0,"footnotes":""},"class_list":["post-1893","page","type-page","status-publish","has-post-thumbnail","hentry"],"aioseo_notices":[],"_links":{"self":[{"href":"https:\/\/www.magnihill.se\/dk\/wp-json\/wp\/v2\/pages\/1893","targetHints":{"allow":["GET"]}}],"collection":[{"href":"https:\/\/www.magnihill.se\/dk\/wp-json\/wp\/v2\/pages"}],"about":[{"href":"https:\/\/www.magnihill.se\/dk\/wp-json\/wp\/v2\/types\/page"}],"author":[{"embeddable":true,"href":"https:\/\/www.magnihill.se\/dk\/wp-json\/wp\/v2\/users\/1"}],"replies":[{"embeddable":true,"href":"https:\/\/www.magnihill.se\/dk\/wp-json\/wp\/v2\/comments?post=1893"}],"version-history":[{"count":0,"href":"https:\/\/www.magnihill.se\/dk\/wp-json\/wp\/v2\/pages\/1893\/revisions"}],"up":[{"embeddable":true,"href":"https:\/\/www.magnihill.se\/dk\/wp-json\/wp\/v2\/pages\/247"}],"wp:featuredmedia":[{"embeddable":true,"href":"https:\/\/www.magnihill.se\/dk\/wp-json\/wp\/v2\/media\/1894"}],"wp:attachment":[{"href":"https:\/\/www.magnihill.se\/dk\/wp-json\/wp\/v2\/media?parent=1893"}],"curies":[{"name":"wp","href":"https:\/\/api.w.org\/{rel}","templated":true}]}}