{"id":1770,"date":"2023-05-02T10:49:00","date_gmt":"2023-05-02T09:49:00","guid":{"rendered":"https:\/\/www.magnihill.se\/dk\/?page_id=1770"},"modified":"2023-05-02T10:54:18","modified_gmt":"2023-05-02T09:54:18","slug":"vegetarisk-biksemad","status":"publish","type":"page","link":"https:\/\/www.magnihill.se\/dk\/opskrifter\/aftensmad\/vegetarisk-biksemad\/","title":{"rendered":"Vegetarisk biksemad"},"content":{"rendered":"\n<h4 class=\"wp-block-heading\">10 portioner<\/h4>\n\n\n\n<p>3 kg <strong>Magnihill vegetarisk biksemad \u00d8KO (varenr 33747 eller 686029)<\/strong><br>400 g <strong>Magnihill l\u00f8g i tern (varenr 33723 \u00d8KO, 32303 konventionel)<\/strong><br>50 g Magnihill hakket persille \u00d8KO (varenr 33901)<br>50 g sm\u00f8r<br>1 dl madolie<br>salt og sort peber<\/p>\n\n\n\n<h4 class=\"wp-block-heading\">Fremgangsm\u00e5de<\/h4>\n\n\n\n<p>Tilbered direkte fra fryseren. Steg de frosne rodfrugter ved middelvarme i en blanding af madolie og sm\u00f8r, indtil rodfrugterne er bl\u00f8de og har f\u00e5et en flot farve. R\u00f8r lejlighedsvis rundt. Tils\u00e6t l\u00f8get, og steg det sammen med poutinen i et par minutter.<span class=\"Apple-converted-space\">&nbsp;<\/span><\/p>\n\n\n\n<p>Smag til med salt og peber. Tils\u00e6t hakket persille og r\u00f8r rundt.<span class=\"Apple-converted-space\">&nbsp;<\/span><\/p>\n\n\n\n<p>Serv\u00e9r med klassisk tilbeh\u00f8r som f.eks. stegt \u00e6g og marinerede r\u00f8dbeder fra Magnihill.<\/p>\n\n\n\n<h2 class=\"wp-block-heading\">Marinerede r\u00f8dbeder<\/h2>\n\n\n\n<p>500 g <strong>Magnihill R\u00f8dbeder \u00d8KO (varenr. 33790)<\/strong><br>1 dl \u00e6blesaft, ufiltreret<br>4 spsk r\u00e5sukker<br>4 spsk eddike &#8211; \u00e6blecidereddike<br>1 laurb\u00e6rblad<br>4 stykker stjerneanis<br>1 spsk. sennepsfr\u00f8, gule<br>5 nelliker<br>salt og sort peber<\/p>\n\n\n\n<h4 class=\"wp-block-heading\">Fremgangsm\u00e5de<\/h4>\n\n\n\n<p>L\u00e6g de frosne r\u00f8dbeder i kogende saltet vand. Bring det i kog og afdryp det.<br>Marinade: Bland alle de \u00f8vrige ingredienser i, og kog op. Kog i 2 minutter. Marinaden smages til med salt og peber. H\u00e6ld marinaden over de varme r\u00f8dbeder, og lad den k\u00f8le af.<\/p>\n","protected":false},"excerpt":{"rendered":"<p>10 portioner 3 kg Magnihill vegetarisk biksemad \u00d8KO (varenr 33747 eller 686029)400 g Magnihill l\u00f8g i tern (varenr 33723 \u00d8KO, 32303 konventionel)50 g Magnihill hakket persille \u00d8KO (varenr 33901)50 g sm\u00f8r1 dl madoliesalt og sort peber Fremgangsm\u00e5de Tilbered direkte fra fryseren. Steg de frosne rodfrugter ved middelvarme i en blanding af madolie og sm\u00f8r, indtil rodfrugterne er bl\u00f8de og har f\u00e5et en flot farve. R\u00f8r lejlighedsvis rundt. Tils\u00e6t l\u00f8get, og steg det sammen med poutinen i et par minutter.&nbsp; Smag til med salt og peber. Tils\u00e6t hakket persille og r\u00f8r rundt.&nbsp; Serv\u00e9r med klassisk tilbeh\u00f8r som f.eks. stegt \u00e6g og marinerede r\u00f8dbeder fra Magnihill. Marinerede r\u00f8dbeder 500 g Magnihill R\u00f8dbeder \u00d8KO (varenr. 33790)1 dl \u00e6blesaft, ufiltreret4 spsk r\u00e5sukker4 spsk eddike &#8211; \u00e6blecidereddike1 laurb\u00e6rblad4 stykker stjerneanis1 spsk. sennepsfr\u00f8, gule5 nellikersalt og sort peber Fremgangsm\u00e5de L\u00e6g de [&hellip;]<\/p>\n","protected":false},"author":1,"featured_media":1771,"parent":247,"menu_order":0,"comment_status":"closed","ping_status":"closed","template":"","meta":{"_monsterinsights_skip_tracking":false,"_monsterinsights_sitenote_active":false,"_monsterinsights_sitenote_note":"","_monsterinsights_sitenote_category":0,"ngg_post_thumbnail":0,"footnotes":""},"class_list":["post-1770","page","type-page","status-publish","has-post-thumbnail","hentry"],"aioseo_notices":[],"_links":{"self":[{"href":"https:\/\/www.magnihill.se\/dk\/wp-json\/wp\/v2\/pages\/1770","targetHints":{"allow":["GET"]}}],"collection":[{"href":"https:\/\/www.magnihill.se\/dk\/wp-json\/wp\/v2\/pages"}],"about":[{"href":"https:\/\/www.magnihill.se\/dk\/wp-json\/wp\/v2\/types\/page"}],"author":[{"embeddable":true,"href":"https:\/\/www.magnihill.se\/dk\/wp-json\/wp\/v2\/users\/1"}],"replies":[{"embeddable":true,"href":"https:\/\/www.magnihill.se\/dk\/wp-json\/wp\/v2\/comments?post=1770"}],"version-history":[{"count":0,"href":"https:\/\/www.magnihill.se\/dk\/wp-json\/wp\/v2\/pages\/1770\/revisions"}],"up":[{"embeddable":true,"href":"https:\/\/www.magnihill.se\/dk\/wp-json\/wp\/v2\/pages\/247"}],"wp:featuredmedia":[{"embeddable":true,"href":"https:\/\/www.magnihill.se\/dk\/wp-json\/wp\/v2\/media\/1771"}],"wp:attachment":[{"href":"https:\/\/www.magnihill.se\/dk\/wp-json\/wp\/v2\/media?parent=1770"}],"curies":[{"name":"wp","href":"https:\/\/api.w.org\/{rel}","templated":true}]}}