{"id":1750,"date":"2023-03-20T11:10:41","date_gmt":"2023-03-20T10:10:41","guid":{"rendered":"https:\/\/www.magnihill.se\/dk\/?page_id=1750"},"modified":"2023-05-24T12:54:21","modified_gmt":"2023-05-24T11:54:21","slug":"gron-aertesuppe-nem-og-laekker-opskrift","status":"publish","type":"page","link":"https:\/\/www.magnihill.se\/dk\/opskrifter\/suppebuffeten\/gron-aertesuppe-nem-og-laekker-opskrift\/","title":{"rendered":"Gr\u00f8n \u00c6rtesuppe &#8211; nem og l\u00e6kker opskrift"},"content":{"rendered":"\n<p><span style=\"color: #008000;\">Vores dybfrosne \u00f8kologiske \u00e6rter er dyrket i de bedste jorde i Sydsverige. Vores \u00e6rter h\u00f8stes f\u00f8rst n\u00e5r de har den bedste smag og kvalitet i juni-august. For at f\u00e5 de bedste \u00e6rter v\u00e6lger vi fr\u00f8 omhyggeligt og dyrker kun \u00e6rter i den samme mark hvert 7. \u00e5r. <br>\u00c6rterne h\u00f8stes p\u00e5 den dag, hvor de har den rette s\u00f8dme i juni-august. <br><br>F\u00e5 timer efter h\u00f8sten er de vasket, renset, skr\u00e6llet og frosset ned!<\/span><\/p>\n\n\n\n<h4 class=\"wp-block-heading\">Indhold ca. 10 portioner<\/h4>\n\n\n\n<p>500 g Magnihill \u00e6rter (33711 \u00d8KO)<br>200 g Magnihill l\u00f8g tern (33723 \u00d8KO)<br>2 tsk Magnihill hvidl\u00f8g hakket (33904 \u00d8KO)<br>1,5 lit gr\u00f8ntsagsbouillon<br>20 g mynte<br>salt og peber<\/p>\n\n\n\n<h3 class=\"wp-block-heading\">G\u00f8r s\u00e5den her<\/h3>\n\n\n\n<p>H\u00e6ld de frosne \u00e6rter i en gryde. Varm en pande op, og steg l\u00f8g og hvidl\u00f8g i madolie, indtil de er bl\u00f8de, men ikke har taget farve.<\/p>\n\n\n\n<p>Bring gr\u00f8ntsagsfonden i kog og h\u00e6ld den over \u00e6rterne. Lad det simre i et minut. Tils\u00e6t det stegte l\u00f8g og mynte. Blend suppen helt glat. Smag til med salt og peber.<\/p>\n","protected":false},"excerpt":{"rendered":"<p>Vores dybfrosne \u00f8kologiske \u00e6rter er dyrket i de bedste jorde i Sydsverige. Vores \u00e6rter h\u00f8stes f\u00f8rst n\u00e5r de har den bedste smag og kvalitet i juni-august. For at f\u00e5 de bedste \u00e6rter v\u00e6lger vi fr\u00f8 omhyggeligt og dyrker kun \u00e6rter i den samme mark hvert 7. \u00e5r. \u00c6rterne h\u00f8stes p\u00e5 den dag, hvor de har den rette s\u00f8dme i juni-august. F\u00e5 timer efter h\u00f8sten er de vasket, renset, skr\u00e6llet og frosset ned! Indhold ca. 10 portioner 500 g Magnihill \u00e6rter (33711 \u00d8KO)200 g Magnihill l\u00f8g tern (33723 \u00d8KO)2 tsk Magnihill hvidl\u00f8g hakket (33904 \u00d8KO)1,5 lit gr\u00f8ntsagsbouillon20 g myntesalt og peber G\u00f8r s\u00e5den her H\u00e6ld de frosne \u00e6rter i en gryde. Varm en pande op, og steg l\u00f8g og hvidl\u00f8g i madolie, indtil de er bl\u00f8de, men ikke har taget farve. Bring gr\u00f8ntsagsfonden i kog og [&hellip;]<\/p>\n","protected":false},"author":1,"featured_media":1574,"parent":251,"menu_order":0,"comment_status":"closed","ping_status":"closed","template":"","meta":{"_monsterinsights_skip_tracking":false,"_monsterinsights_sitenote_active":false,"_monsterinsights_sitenote_note":"","_monsterinsights_sitenote_category":0,"ngg_post_thumbnail":0,"footnotes":""},"class_list":["post-1750","page","type-page","status-publish","has-post-thumbnail","hentry"],"aioseo_notices":[],"_links":{"self":[{"href":"https:\/\/www.magnihill.se\/dk\/wp-json\/wp\/v2\/pages\/1750","targetHints":{"allow":["GET"]}}],"collection":[{"href":"https:\/\/www.magnihill.se\/dk\/wp-json\/wp\/v2\/pages"}],"about":[{"href":"https:\/\/www.magnihill.se\/dk\/wp-json\/wp\/v2\/types\/page"}],"author":[{"embeddable":true,"href":"https:\/\/www.magnihill.se\/dk\/wp-json\/wp\/v2\/users\/1"}],"replies":[{"embeddable":true,"href":"https:\/\/www.magnihill.se\/dk\/wp-json\/wp\/v2\/comments?post=1750"}],"version-history":[{"count":0,"href":"https:\/\/www.magnihill.se\/dk\/wp-json\/wp\/v2\/pages\/1750\/revisions"}],"up":[{"embeddable":true,"href":"https:\/\/www.magnihill.se\/dk\/wp-json\/wp\/v2\/pages\/251"}],"wp:featuredmedia":[{"embeddable":true,"href":"https:\/\/www.magnihill.se\/dk\/wp-json\/wp\/v2\/media\/1574"}],"wp:attachment":[{"href":"https:\/\/www.magnihill.se\/dk\/wp-json\/wp\/v2\/media?parent=1750"}],"curies":[{"name":"wp","href":"https:\/\/api.w.org\/{rel}","templated":true}]}}