{"id":1684,"date":"2023-01-30T09:49:40","date_gmt":"2023-01-30T08:49:40","guid":{"rendered":"https:\/\/www.magnihill.se\/dk\/?page_id=1684"},"modified":"2023-01-30T09:51:19","modified_gmt":"2023-01-30T08:51:19","slug":"ananas-smoothie","status":"publish","type":"page","link":"https:\/\/www.magnihill.se\/dk\/opskrifter\/juice-smoothie\/ananas-smoothie\/","title":{"rendered":"Ananas smoothie"},"content":{"rendered":"\n<h3 class=\"wp-block-heading\">L\u00e6kker og frisk cremet smoothie med ananas, havtorn og granat\u00e6blekerner. <\/h3>\n\n\n\n<p>Indhold til ca. 1-1 \u00bd liter<\/p>\n\n\n\n<p>5 dl Magnihill Ananas i tern \u00d8KO (varenr 33627)<br>2 dl Magnihill Havtorn (varenr 920425 Havtorn \u00d8KO, varenr 33312 konventionel)<br>3 spsk presset limesaft<br>3 tsk honning<br>6 dl naturlig yoghurt<br>Magnihill Granat\u00e6blekerner (varenr 790425 \u00d8KO, varenr 33207 konventionel)<\/p>\n\n\n\n<h4 class=\"wp-block-heading\">G\u00f8r s\u00e5den her<\/h4>\n\n\n\n<p>Blend frossen havtorn og frossen ananas i tern med de \u00f8vrige ingredienser i en blender. H\u00e6ld den op i glas og pynt med frosne granat\u00e6blekerner, havtorn og mynteblade.<\/p>\n","protected":false},"excerpt":{"rendered":"<p>L\u00e6kker og frisk cremet smoothie med ananas, havtorn og granat\u00e6blekerner. Indhold til ca. 1-1 \u00bd liter 5 dl Magnihill Ananas i tern \u00d8KO (varenr 33627)2 dl Magnihill Havtorn (varenr 920425 Havtorn \u00d8KO, varenr 33312 konventionel)3 spsk presset limesaft3 tsk honning6 dl naturlig yoghurtMagnihill Granat\u00e6blekerner (varenr 790425 \u00d8KO, varenr 33207 konventionel) G\u00f8r s\u00e5den her Blend frossen havtorn og frossen ananas i tern med de \u00f8vrige ingredienser i en blender. H\u00e6ld den op i glas og pynt med frosne granat\u00e6blekerner, havtorn og mynteblade.<\/p>\n","protected":false},"author":1,"featured_media":1686,"parent":815,"menu_order":0,"comment_status":"closed","ping_status":"closed","template":"","meta":{"footnotes":""},"class_list":["post-1684","page","type-page","status-publish","has-post-thumbnail","hentry"],"aioseo_notices":[],"_links":{"self":[{"href":"https:\/\/www.magnihill.se\/dk\/wp-json\/wp\/v2\/pages\/1684","targetHints":{"allow":["GET"]}}],"collection":[{"href":"https:\/\/www.magnihill.se\/dk\/wp-json\/wp\/v2\/pages"}],"about":[{"href":"https:\/\/www.magnihill.se\/dk\/wp-json\/wp\/v2\/types\/page"}],"author":[{"embeddable":true,"href":"https:\/\/www.magnihill.se\/dk\/wp-json\/wp\/v2\/users\/1"}],"replies":[{"embeddable":true,"href":"https:\/\/www.magnihill.se\/dk\/wp-json\/wp\/v2\/comments?post=1684"}],"version-history":[{"count":0,"href":"https:\/\/www.magnihill.se\/dk\/wp-json\/wp\/v2\/pages\/1684\/revisions"}],"up":[{"embeddable":true,"href":"https:\/\/www.magnihill.se\/dk\/wp-json\/wp\/v2\/pages\/815"}],"wp:featuredmedia":[{"embeddable":true,"href":"https:\/\/www.magnihill.se\/dk\/wp-json\/wp\/v2\/media\/1686"}],"wp:attachment":[{"href":"https:\/\/www.magnihill.se\/dk\/wp-json\/wp\/v2\/media?parent=1684"}],"curies":[{"name":"wp","href":"https:\/\/api.w.org\/{rel}","templated":true}]}}