{"id":1558,"date":"2022-06-13T15:23:31","date_gmt":"2022-06-13T14:23:31","guid":{"rendered":"https:\/\/www.magnihill.se\/dk\/?page_id=1558"},"modified":"2024-06-11T12:35:20","modified_gmt":"2024-06-11T11:35:20","slug":"cremet-jordbaeris","status":"publish","type":"page","link":"https:\/\/www.magnihill.se\/dk\/opskrifter\/desserter\/cremet-jordbaeris\/","title":{"rendered":"Cremet jordb\u00e6ris med kun 3 ingredienser"},"content":{"rendered":"\n<p>500 g b\u00e6r fra Magnihill (f.eks. jordb\u00e6r, sommerb\u00e6r, bl\u00e5b\u00e6r, hindb\u00e6r, bromb\u00e6r)<br>2 d\u00e5ser s\u00f8det kondenseret m\u00e6lk (ca. 400 g \/ d\u00e5se)<br>5 dl piskefl\u00f8de<\/p>\n\n\n\n<h2 class=\"wp-block-heading\">G\u00f8r s\u00e5dan her<\/h2>\n\n\n\n<p>T\u00f8 b\u00e6rrene op. Sk\u00e6r b\u00e6rrene i mindre stykker, og blend dem til en pur\u00e9. Bland det med den kondenserede m\u00e6lk. Pisk fl\u00f8den luftig, og vend forsigtigt pur\u00e9en i, indtil blandingen er glat.<\/p>\n\n\n\n<p>Stil evt. p\u00e5 k\u00f8l, indtil blandingen er helt kold. K\u00f8r i en ismaskine, indtil isen er klar. H\u00e6ld det i en sk\u00e5l, og l\u00e6g det i fryseren.<\/p>\n\n\n\n<h2 class=\"wp-block-heading\">Isen kan ogs\u00e5 laves uden en ismaskine<\/h2>\n\n\n\n<p>Hvis du ikke har en ismaskine, kan du lave den uden, men du skal r\u00f8re rundt i isen med j\u00e6vne mellemrum. Konsistensen bliver ikke s\u00e5 perfekt cremet, som n\u00e5r du har en ismaskine, men det bliver l\u00e6kkert alligevel!<\/p>\n\n\n\n<p>F\u00f8lg opskriften som s\u00e6dvanlig, og s\u00e6t sk\u00e5len p\u00e5 k\u00f8l i k\u00f8leskabet, indtil blandingen er helt kold. S\u00e6t derefter sk\u00e5len i fryseren, og r\u00f8r rundt i isen 3-4 gange under fryseprocessen for at reducere iskrystallerne mest muligt. Efter ca. 3-4 timer i fryseren er isen klar.<\/p>\n","protected":false},"excerpt":{"rendered":"<p>500 g b\u00e6r fra Magnihill (f.eks. jordb\u00e6r, sommerb\u00e6r, bl\u00e5b\u00e6r, hindb\u00e6r, bromb\u00e6r)2 d\u00e5ser s\u00f8det kondenseret m\u00e6lk (ca. 400 g \/ d\u00e5se)5 dl piskefl\u00f8de G\u00f8r s\u00e5dan her T\u00f8 b\u00e6rrene op. Sk\u00e6r b\u00e6rrene i mindre stykker, og blend dem til en pur\u00e9. Bland det med den kondenserede m\u00e6lk. Pisk fl\u00f8den luftig, og vend forsigtigt pur\u00e9en i, indtil blandingen er glat. Stil evt. p\u00e5 k\u00f8l, indtil blandingen er helt kold. K\u00f8r i en ismaskine, indtil isen er klar. H\u00e6ld det i en sk\u00e5l, og l\u00e6g det i fryseren. Isen kan ogs\u00e5 laves uden en ismaskine Hvis du ikke har en ismaskine, kan du lave den uden, men du skal r\u00f8re rundt i isen med j\u00e6vne mellemrum. Konsistensen bliver ikke s\u00e5 perfekt cremet, som n\u00e5r du har en ismaskine, men det bliver l\u00e6kkert alligevel! F\u00f8lg opskriften som s\u00e6dvanlig, og s\u00e6t [&hellip;]<\/p>\n","protected":false},"author":1,"featured_media":1555,"parent":255,"menu_order":0,"comment_status":"closed","ping_status":"closed","template":"","meta":{"_monsterinsights_skip_tracking":false,"_monsterinsights_sitenote_active":false,"_monsterinsights_sitenote_note":"","_monsterinsights_sitenote_category":0,"ngg_post_thumbnail":0,"footnotes":""},"class_list":["post-1558","page","type-page","status-publish","has-post-thumbnail","hentry"],"aioseo_notices":[],"_links":{"self":[{"href":"https:\/\/www.magnihill.se\/dk\/wp-json\/wp\/v2\/pages\/1558","targetHints":{"allow":["GET"]}}],"collection":[{"href":"https:\/\/www.magnihill.se\/dk\/wp-json\/wp\/v2\/pages"}],"about":[{"href":"https:\/\/www.magnihill.se\/dk\/wp-json\/wp\/v2\/types\/page"}],"author":[{"embeddable":true,"href":"https:\/\/www.magnihill.se\/dk\/wp-json\/wp\/v2\/users\/1"}],"replies":[{"embeddable":true,"href":"https:\/\/www.magnihill.se\/dk\/wp-json\/wp\/v2\/comments?post=1558"}],"version-history":[{"count":0,"href":"https:\/\/www.magnihill.se\/dk\/wp-json\/wp\/v2\/pages\/1558\/revisions"}],"up":[{"embeddable":true,"href":"https:\/\/www.magnihill.se\/dk\/wp-json\/wp\/v2\/pages\/255"}],"wp:featuredmedia":[{"embeddable":true,"href":"https:\/\/www.magnihill.se\/dk\/wp-json\/wp\/v2\/media\/1555"}],"wp:attachment":[{"href":"https:\/\/www.magnihill.se\/dk\/wp-json\/wp\/v2\/media?parent=1558"}],"curies":[{"name":"wp","href":"https:\/\/api.w.org\/{rel}","templated":true}]}}