{"id":1468,"date":"2022-03-25T14:58:12","date_gmt":"2022-03-25T13:58:12","guid":{"rendered":"https:\/\/www.magnihill.se\/dk\/?page_id=1468"},"modified":"2023-02-27T12:02:26","modified_gmt":"2023-02-27T11:02:26","slug":"vegetariske-grontsagsboffer","status":"publish","type":"page","link":"https:\/\/www.magnihill.se\/dk\/opskrifter\/aftensmad\/vegetariske-grontsagsboffer\/","title":{"rendered":"Vegetariske gr\u00f8ntsagsb\u00f8ffer"},"content":{"rendered":"\n<h3 class=\"wp-block-heading\"><strong>B\u00f8ffer 10 portioner<\/strong><\/h3>\n\n\n\n<p>350 g Magnihill wokgr\u00f8ntsager \u00d8KO (vare nr 33745)<br>150 g gr\u00e5\u00e6rter, kogte<br>30 g Magnihill hvidl\u00f8g hakket \u00d8KO (vare nr 33904)<br>150 g fuldkorn<br>150 g fl\u00f8deerstatning<br>75 g havregryn<br>5 g citron<br>4 g timian, frisk<br>50 g rapsolie<br>salt og sort peber<\/p>\n\n\n\n<h3 class=\"wp-block-heading\"><strong>Kartoffelmos <\/strong><\/h3>\n\n\n\n<p>1,5 kg kartoffel<br>1 kg Magnihill blomk\u00e5lpur\u00e9 \u00d8KO (vare nr 33646)<br>150 g m\u00e6lk<br>50 g sm\u00f8r<br>salt og hvid peber<\/p>\n\n\n\n<h3 class=\"wp-block-heading\"><strong>Gr\u00f8ntsager<\/strong><\/h3>\n\n\n\n<p>650 g <span style=\"background-color:#ffffff\" class=\"tadv-background-color\">Magnihill gr\u00f8nne \u00e6rter \u00d8KO (vare nr 33711 \/ 577329<\/span>)<br>sm\u00f8r<span class=\"Apple-converted-space\">&nbsp;<\/span><\/p>\n\n\n\n<h3 class=\"wp-block-heading\">G\u00f6r s\u00e5den her<\/h3>\n\n\n\n<p>Bland kogte gr\u00e5\u00e6rter, fuldkorn, opt\u00f8ede wokgr\u00f8ntsager og hvidl\u00f8g. Dejen skal v\u00e6re lidt groft for bedre <br>konsistens.<span class=\"Apple-converted-space\">\u00a0<\/span><\/p>\n\n\n\n<p>Tils\u00e6t derefter havregryn, salt, peber, timian, citron og bland sammen. Dejen er bedst, hvis den f\u00e5r lov at svulme op natten over. M\u00e5l herefter b\u00f8ffer til cirka 65 g og steg dem til de har en gylden stegeflade.<\/p>\n\n\n\n<p>T\u00f8 blomk\u00e5lspureen op. Kog kartoflerne bl\u00f8de og h\u00e6ld vandet fra, tils\u00e6t blomk\u00e5lpur\u00e9, m\u00e6lk, sm\u00f8r, salt og hvid peber og bland med en elpisker.<span class=\"Apple-converted-space\">&nbsp;<\/span><\/p>\n\n\n\n<p>Damp \u00e6rterne i ovnen og bland sm\u00f8r og salt i. Brun sm\u00f8rret i en lille gryde.<\/p>\n\n\n\n<p>Server med gr\u00f8nne \u00e6rter og dryp brunet sm\u00f8r over.<\/p>\n","protected":false},"excerpt":{"rendered":"<p>B\u00f8ffer 10 portioner 350 g Magnihill wokgr\u00f8ntsager \u00d8KO (vare nr 33745)150 g gr\u00e5\u00e6rter, kogte30 g Magnihill hvidl\u00f8g hakket \u00d8KO (vare nr 33904)150 g fuldkorn150 g fl\u00f8deerstatning75 g havregryn5 g citron4 g timian, frisk50 g rapsoliesalt og sort peber Kartoffelmos 1,5 kg kartoffel1 kg Magnihill blomk\u00e5lpur\u00e9 \u00d8KO (vare nr 33646)150 g m\u00e6lk50 g sm\u00f8rsalt og hvid peber Gr\u00f8ntsager 650 g Magnihill gr\u00f8nne \u00e6rter \u00d8KO (vare nr 33711 \/ 577329)sm\u00f8r&nbsp; G\u00f6r s\u00e5den her Bland kogte gr\u00e5\u00e6rter, fuldkorn, opt\u00f8ede wokgr\u00f8ntsager og hvidl\u00f8g. Dejen skal v\u00e6re lidt groft for bedre konsistens.\u00a0 Tils\u00e6t derefter havregryn, salt, peber, timian, citron og bland sammen. Dejen er bedst, hvis den f\u00e5r lov at svulme op natten over. M\u00e5l herefter b\u00f8ffer til cirka 65 g og steg dem til de har en gylden stegeflade. T\u00f8 blomk\u00e5lspureen op. Kog kartoflerne bl\u00f8de og h\u00e6ld vandet fra, [&hellip;]<\/p>\n","protected":false},"author":1,"featured_media":1470,"parent":247,"menu_order":0,"comment_status":"closed","ping_status":"closed","template":"","meta":{"_monsterinsights_skip_tracking":false,"_monsterinsights_sitenote_active":false,"_monsterinsights_sitenote_note":"","_monsterinsights_sitenote_category":0,"ngg_post_thumbnail":0,"footnotes":""},"class_list":["post-1468","page","type-page","status-publish","has-post-thumbnail","hentry"],"aioseo_notices":[],"_links":{"self":[{"href":"https:\/\/www.magnihill.se\/dk\/wp-json\/wp\/v2\/pages\/1468","targetHints":{"allow":["GET"]}}],"collection":[{"href":"https:\/\/www.magnihill.se\/dk\/wp-json\/wp\/v2\/pages"}],"about":[{"href":"https:\/\/www.magnihill.se\/dk\/wp-json\/wp\/v2\/types\/page"}],"author":[{"embeddable":true,"href":"https:\/\/www.magnihill.se\/dk\/wp-json\/wp\/v2\/users\/1"}],"replies":[{"embeddable":true,"href":"https:\/\/www.magnihill.se\/dk\/wp-json\/wp\/v2\/comments?post=1468"}],"version-history":[{"count":0,"href":"https:\/\/www.magnihill.se\/dk\/wp-json\/wp\/v2\/pages\/1468\/revisions"}],"up":[{"embeddable":true,"href":"https:\/\/www.magnihill.se\/dk\/wp-json\/wp\/v2\/pages\/247"}],"wp:featuredmedia":[{"embeddable":true,"href":"https:\/\/www.magnihill.se\/dk\/wp-json\/wp\/v2\/media\/1470"}],"wp:attachment":[{"href":"https:\/\/www.magnihill.se\/dk\/wp-json\/wp\/v2\/media?parent=1468"}],"curies":[{"name":"wp","href":"https:\/\/api.w.org\/{rel}","templated":true}]}}