{"id":1257,"date":"2021-02-08T14:38:09","date_gmt":"2021-02-08T13:38:09","guid":{"rendered":"https:\/\/www.magnihill.se\/dk\/?page_id=1257"},"modified":"2023-05-03T10:28:19","modified_gmt":"2023-05-03T09:28:19","slug":"hummus-din-yndlingsgrontsag","status":"publish","type":"page","link":"https:\/\/www.magnihill.se\/dk\/opskrifter\/sauce-og-tillbehor\/hummus-din-yndlingsgrontsag\/","title":{"rendered":"HUMMUS &#8211; DIN YNDLINGSGR\u00d8NTSAG"},"content":{"rendered":"\n<h4 class=\"wp-block-heading\"><strong>CA. 20 PORTIONER<\/strong><\/h4>\n\n\n\n<p>1 kg <strong>Magnihill frosne \u00f8kologiske gr\u00f8ntsager<\/strong><br>(\u00f8kologiske kik\u00e6rter varenr 33798, gule beder varenr 33787, jordskokker varenr 33791, r\u00f8dbede varenr 33790, sojab\u00f8nner varenr 33799, gulerodsmix varenr 33733, gr\u00f8nk\u00e5l varenr 33801 eller dit eget valg)<br>1 dl olivenolie<br>3 spsk. \u00f8kologisk Tahin (sesampasta)<br>1 dl <strong>Magnihill \u00f8kologisk persille, hakket (varenr 33901)<\/strong><br>4 tsk. <strong>Magnihill \u00f8kologisk hvidl\u00f8g, hakket (varenr 33904)<\/strong><br>Saft af 1 \u00f8kologisk citron<br>\u00bd tsk. gurkemeje<br>groft salt og sort peber<br>lidt vand<\/p>\n\n\n\n<h4 class=\"wp-block-heading\">G\u00f8r s\u00e5den her<\/h4>\n\n\n\n<p>Bag din valgte gr\u00f8ntsag af i ovnen i ca.\u00bd t ved 180\u00b0C, evt. med lidt grill til sidst (is\u00e6r godt for jordskokker, som bliver bedst med en let gylden overflade). Gr\u00f8nk\u00e5l og \u00e6rter skal opt\u00f8s i kogende vand.<\/p>\n\n\n\n<p>Efter let afk\u00f8ling af gr\u00f8ntsagerne blendes alle ingredienser. Tils\u00e6t evt. lidt vand og smag til med salt\/peber. Konsistensen bliver typisk tyk, som gr\u00f8d.<\/p>\n\n\n\n<p>Server hummus til br\u00f8d og alle slags retter, egner sig godt til buffeten, hvor gr\u00f8ntsagernes flotte farver (is\u00e6r r\u00f8dbede) vil v\u00e6re et herligt blikfang.<\/p>\n","protected":false},"excerpt":{"rendered":"<p>CA. 20 PORTIONER 1 kg Magnihill frosne \u00f8kologiske gr\u00f8ntsager(\u00f8kologiske kik\u00e6rter varenr 33798, gule beder varenr 33787, jordskokker varenr 33791, r\u00f8dbede varenr 33790, sojab\u00f8nner varenr 33799, gulerodsmix varenr 33733, gr\u00f8nk\u00e5l varenr 33801 eller dit eget valg)1 dl olivenolie3 spsk. \u00f8kologisk Tahin (sesampasta)1 dl Magnihill \u00f8kologisk persille, hakket (varenr 33901)4 tsk. Magnihill \u00f8kologisk hvidl\u00f8g, hakket (varenr 33904)Saft af 1 \u00f8kologisk citron\u00bd tsk. gurkemejegroft salt og sort peberlidt vand G\u00f8r s\u00e5den her Bag din valgte gr\u00f8ntsag af i ovnen i ca.\u00bd t ved 180\u00b0C, evt. med lidt grill til sidst (is\u00e6r godt for jordskokker, som bliver bedst med en let gylden overflade). Gr\u00f8nk\u00e5l og \u00e6rter skal opt\u00f8s i kogende vand. Efter let afk\u00f8ling af gr\u00f8ntsagerne blendes alle ingredienser. Tils\u00e6t evt. lidt vand og smag til med salt\/peber. Konsistensen bliver typisk tyk, som gr\u00f8d. Server hummus til br\u00f8d og [&hellip;]<\/p>\n","protected":false},"author":1,"featured_media":1255,"parent":257,"menu_order":0,"comment_status":"closed","ping_status":"closed","template":"","meta":{"_monsterinsights_skip_tracking":false,"_monsterinsights_sitenote_active":false,"_monsterinsights_sitenote_note":"","_monsterinsights_sitenote_category":0,"ngg_post_thumbnail":0,"footnotes":""},"class_list":["post-1257","page","type-page","status-publish","has-post-thumbnail","hentry"],"aioseo_notices":[],"_links":{"self":[{"href":"https:\/\/www.magnihill.se\/dk\/wp-json\/wp\/v2\/pages\/1257","targetHints":{"allow":["GET"]}}],"collection":[{"href":"https:\/\/www.magnihill.se\/dk\/wp-json\/wp\/v2\/pages"}],"about":[{"href":"https:\/\/www.magnihill.se\/dk\/wp-json\/wp\/v2\/types\/page"}],"author":[{"embeddable":true,"href":"https:\/\/www.magnihill.se\/dk\/wp-json\/wp\/v2\/users\/1"}],"replies":[{"embeddable":true,"href":"https:\/\/www.magnihill.se\/dk\/wp-json\/wp\/v2\/comments?post=1257"}],"version-history":[{"count":0,"href":"https:\/\/www.magnihill.se\/dk\/wp-json\/wp\/v2\/pages\/1257\/revisions"}],"up":[{"embeddable":true,"href":"https:\/\/www.magnihill.se\/dk\/wp-json\/wp\/v2\/pages\/257"}],"wp:featuredmedia":[{"embeddable":true,"href":"https:\/\/www.magnihill.se\/dk\/wp-json\/wp\/v2\/media\/1255"}],"wp:attachment":[{"href":"https:\/\/www.magnihill.se\/dk\/wp-json\/wp\/v2\/media?parent=1257"}],"curies":[{"name":"wp","href":"https:\/\/api.w.org\/{rel}","templated":true}]}}