{"id":1227,"date":"2020-11-25T11:23:49","date_gmt":"2020-11-25T10:23:49","guid":{"rendered":"https:\/\/www.magnihill.se\/dk\/?page_id=1227"},"modified":"2025-11-18T11:22:09","modified_gmt":"2025-11-18T10:22:09","slug":"jul","status":"publish","type":"page","link":"https:\/\/www.magnihill.se\/dk\/jul\/","title":{"rendered":"Bestilling og udlevering af produkter Jul \/ Nyt\u00e5r"},"content":{"rendered":"\n<p>Nu n\u00e6rmer julen sig og vi skal derfor venligst g\u00f8re opm\u00e6rksom p\u00e5, at vi har f\u00f8lgende \u00f8nsker om bestilling og udlevering af produkter imellem jul og nyt\u00e5r, samt i begyndelsen af det nye \u00e5r.&nbsp;<\/p>\n\n\n\n<h5 class=\"wp-block-heading\">Magnihill er lukket 22-23\/12, 29-30\/12 og 6\/1-2025. <br><br>OBS!<br>Ingen levering 29-30\/12, 2\/1-2026 og 5\/1-2026.<\/h5>\n\n\n\n<table style=\"border-collapse: collapse; width: 100%;\">\n<tbody>\n<tr>\n<td style=\"width: 55.555556%;\" width=\"317\">\n<p><strong>Bestilling<\/strong><\/p>\n<\/td>\n<td style=\"width: 44.320988%;\" width=\"252\">\n<p><strong>Leverance<\/strong><\/p>\n<\/td>\n<\/tr>\n<tr>\n<td style=\"width: 55.555556%;\" width=\"317\">\n<p>Fredag d. 2 Januar inden kl. 12<\/p>\n<\/td>\n<td style=\"width: 44.320988%;\" width=\"252\">\n<p>Tirsdag d. 6 Januar 2026<\/p>\n<\/td>\n<\/tr>\n<tr>\n<td style=\"width: 55.555556%;\">\n<p>Mandag d. 5 Januar inden kl. 12<\/p>\n<\/td>\n<td style=\"width: 44.320988%;\">\n<p>Torsdag d. 8 Januar 2026<\/p>\n<\/td>\n<\/tr>\n<\/tbody>\n<\/table>\n\n\n\n<p><strong>Husk at fyllde jeres lager op i uge 51.&nbsp;<\/strong><\/p>\n\n\n\n<p><em>Ved evt. tidsm\u00e6ssige forsinkelser i forhold til normalen, skal vi venligst bede om Jeres forst\u00e5else herfor.<\/em><\/p>\n\n\n\n<h5 class=\"wp-block-heading\">Vi \u00f8nsker Jer alle en Rigtig Gl\u00e6delig Jul og et Godt Nyt\u00e5r.<\/h5>\n\n\n\n<p>Med venlig hilsen,<br>Magnihill AB<br><strong>Bestilling: order@magnihill.se<\/strong><\/p>\n\n\n\n<p><\/p>\n","protected":false},"excerpt":{"rendered":"<p>Nu n\u00e6rmer julen sig og vi skal derfor venligst g\u00f8re opm\u00e6rksom p\u00e5, at vi har f\u00f8lgende \u00f8nsker om bestilling og udlevering af produkter imellem jul og nyt\u00e5r, samt i begyndelsen af det nye \u00e5r.&nbsp; Magnihill er lukket 22-23\/12, 29-30\/12 og 6\/1-2025. OBS!Ingen levering 29-30\/12, 2\/1-2026 og 5\/1-2026. Bestilling Leverance Fredag d. 2 Januar inden kl. 12 Tirsdag d. 6 Januar 2026 Mandag d. 5 Januar inden kl. 12 Torsdag d. 8 Januar 2026 Husk at fyllde jeres lager op i uge 51.&nbsp; Ved evt. tidsm\u00e6ssige forsinkelser i forhold til normalen, skal vi venligst bede om Jeres forst\u00e5else herfor. Vi \u00f8nsker Jer alle en Rigtig Gl\u00e6delig Jul og et Godt Nyt\u00e5r. Med venlig hilsen,Magnihill ABBestilling: order@magnihill.se<\/p>\n","protected":false},"author":1,"featured_media":2057,"parent":0,"menu_order":0,"comment_status":"closed","ping_status":"closed","template":"","meta":{"_monsterinsights_skip_tracking":false,"_monsterinsights_sitenote_active":false,"_monsterinsights_sitenote_note":"","_monsterinsights_sitenote_category":0,"ngg_post_thumbnail":0,"footnotes":""},"class_list":["post-1227","page","type-page","status-publish","has-post-thumbnail","hentry"],"aioseo_notices":[],"_links":{"self":[{"href":"https:\/\/www.magnihill.se\/dk\/wp-json\/wp\/v2\/pages\/1227","targetHints":{"allow":["GET"]}}],"collection":[{"href":"https:\/\/www.magnihill.se\/dk\/wp-json\/wp\/v2\/pages"}],"about":[{"href":"https:\/\/www.magnihill.se\/dk\/wp-json\/wp\/v2\/types\/page"}],"author":[{"embeddable":true,"href":"https:\/\/www.magnihill.se\/dk\/wp-json\/wp\/v2\/users\/1"}],"replies":[{"embeddable":true,"href":"https:\/\/www.magnihill.se\/dk\/wp-json\/wp\/v2\/comments?post=1227"}],"version-history":[{"count":5,"href":"https:\/\/www.magnihill.se\/dk\/wp-json\/wp\/v2\/pages\/1227\/revisions"}],"predecessor-version":[{"id":2702,"href":"https:\/\/www.magnihill.se\/dk\/wp-json\/wp\/v2\/pages\/1227\/revisions\/2702"}],"wp:featuredmedia":[{"embeddable":true,"href":"https:\/\/www.magnihill.se\/dk\/wp-json\/wp\/v2\/media\/2057"}],"wp:attachment":[{"href":"https:\/\/www.magnihill.se\/dk\/wp-json\/wp\/v2\/media?parent=1227"}],"curies":[{"name":"wp","href":"https:\/\/api.w.org\/{rel}","templated":true}]}}