{"id":122,"date":"2010-08-11T10:15:39","date_gmt":"2010-08-11T09:15:39","guid":{"rendered":"http:\/\/www.magnihill.se\/dk\/?page_id=122"},"modified":"2024-09-04T13:12:17","modified_gmt":"2024-09-04T12:12:17","slug":"konventionel","status":"publish","type":"page","link":"https:\/\/www.magnihill.se\/dk\/produkter\/foodservice\/konventionel\/","title":{"rendered":"Konventionel produkter"},"content":{"rendered":"\n<p>Vore gr\u00f8ntsager produceres med omsorg og med udgangspunkt i hvert produkts unikke krav til jordkvalitet, h\u00f8stvilk\u00e5r og modningstilstand. Vi leverer et bredt sortiment af dybfrosne monogr\u00f8ntsager, sp\u00e6ndende blandinger og specialproducerede gr\u00f8ntsager &#8211; b\u00e5de konventionelt s\u00e5vel som \u00f8kologisk.<\/p>\n\n\n\n<p>Vores gr\u00f8ntsager, b\u00e6r og frugt bruges i vid udstr\u00e6kning i f\u00f8devareindustrien til f\u00e6rdigretter, supper og babymad eller som monogr\u00f8ntsager og blandinger til catering- og detailmarkedet.<\/p>\n\n\n\n<p><strong>Sp\u00f8rg efter produkterne hos<\/strong> H\u00f8rkram, Dansk Cater, Dagrofa Foodservice, Catering Engros, Procater Aps, A &amp; C Gr\u00f8nttorvets Catering, Epicurean Aps, Condi Aps, Ingwersen A\/S, Greens Engros Aps, Solhjulet A\/S, Kj\u00f8lbro F\u00e6r\u00f8erne.<\/p>\n\n\n\n<p><strong><em>Vores sortimentsliste kan hentes her:&nbsp;<\/em><\/strong><\/p>\n\n\n\n<figure class=\"wp-block-table\"><table class=\"has-fixed-layout\"><tbody><tr><td><strong>Varenr.<\/strong><\/td><td><strong>B\u00c6R &amp; FRUGTER<\/strong><\/td><td><strong>Fp\/Kg<\/strong><\/td><\/tr><tr><td>33401<\/td><td>Bromb\u00e6r<\/td><td>2&#215;2,5<\/td><\/tr><tr><td>33402<\/td><td>Bl\u00e5b\u00e6r vilde svenske<\/td><td>2&#215;2,5<\/td><\/tr><tr><td>140416<\/td><td>Bl\u00e5b\u00e6r vilde svenske<\/td><td>10&#215;0,5<\/td><\/tr><tr><td>33207<\/td><td>Granat\u00e6blekerner<\/td><td>5&#215;1,0<\/td><\/tr><tr><td>33312<\/td><td>Havtorn<\/td><td>5&#215;1,0<\/td><\/tr><tr><td>33101<\/td><td>Hindb\u00e6r hele<\/td><td>2&#215;2,5<\/td><\/tr><tr><td>110429<\/td><td>Hindb\u00e6r hele<\/td><td>12&#215;0,75<\/td><\/tr><tr><td>33001<\/td><td>Jordb\u00e6r<\/td><td>2&#215;2,5<\/td><\/tr><tr><td>100429<\/td><td>Jordb\u00e6r &nbsp; &nbsp; &nbsp; &nbsp; &nbsp; &nbsp; &nbsp; &nbsp; &nbsp; &nbsp; &nbsp; &nbsp;<\/td><td>12&#215;0,75<\/td><\/tr><tr><td>34008<\/td><td>Mango tern<\/td><td>2&#215;2,5<\/td><\/tr><tr><td>33206<\/td><td>Rabarber skiver<\/td><td>2&#215;2,5<\/td><\/tr><tr><td>33302<\/td><td>Ribs<\/td><td>2&#215;2,5<\/td><\/tr><tr><td>33303<\/td><td>Solb\u00e6r<\/td><td>4&#215;2,5<\/td><\/tr><tr><td>34103<\/td><td>Skovb\u00e6rblanding<\/td><td>4&#215;2,5<\/td><\/tr><tr><td>840429<\/td><td>Skovb\u00e6r<\/td><td>12&#215;0,75<\/td><\/tr><tr><td>33306<\/td><td>Stikkelseb\u00e6r&nbsp;&nbsp;&nbsp;&nbsp;&nbsp;&nbsp;&nbsp;&nbsp;&nbsp;&nbsp;&nbsp;&nbsp;&nbsp;&nbsp;&nbsp;&nbsp;&nbsp;&nbsp;&nbsp;&nbsp;&nbsp;&nbsp;&nbsp;&nbsp;&nbsp;&nbsp;&nbsp;&nbsp;&nbsp;<\/td><td>2&#215;2,5<\/td><\/tr><tr><td>33201<\/td><td>Sveskeblommer<\/td><td>4&#215;2,5<\/td><\/tr><tr><td>33404<\/td><td>Tytteb\u00e6r vilde svenske<\/td><td>2&#215;2,5<\/td><\/tr><tr><td>33203<\/td><td>\u00c6bleb\u00e5de<\/td><td>2&#215;2,5<\/td><\/tr><tr><td>33205<\/td><td>\u00c6bletern&nbsp;&nbsp;&nbsp;&nbsp;&nbsp;&nbsp;&nbsp;&nbsp;&nbsp;&nbsp;&nbsp;&nbsp;&nbsp;&nbsp;&nbsp;&nbsp;&nbsp;&nbsp;&nbsp;&nbsp;&nbsp;&nbsp;&nbsp;&nbsp;&nbsp;&nbsp;&nbsp;&nbsp;&nbsp;&nbsp;&nbsp;&nbsp;<\/td><td>2&#215;2,5<\/td><\/tr><\/tbody><\/table><\/figure>\n\n\n\n<figure class=\"wp-block-table\"><table class=\"has-fixed-layout\"><tbody><tr><td>&nbsp;<\/td><td>&nbsp;<\/td><td>&nbsp;<\/td><\/tr><tr><td><strong>Varenr.<\/strong><\/td><td><strong>GR\u00d8NTSAGER<\/strong><\/td><td><strong>Fp\/Kg<\/strong><\/td><\/tr><tr><td>32001<\/td><td>Blomk\u00e5l 15-35 mm<\/td><td>2&#215;2,5<\/td><\/tr><tr><td>31605<\/td><td>Broccoli 40-60 mm<\/td><td>2&#215;2,5<\/td><\/tr><tr><td>31009<\/td><td>Guler\u00f8dder julienne svenske<\/td><td>2&#215;2,5<\/td><\/tr><tr><td>31002<\/td><td>Guler\u00f8dder skiver svenske<\/td><td>2&#215;2,5<\/td><\/tr><tr><td>31001<\/td><td>Guler\u00f8dder tern svenske<\/td><td>2&#215;2,5<\/td><\/tr><tr><td>318010<\/td><td>Haricots verts<\/td><td>2&#215;2,5<\/td><\/tr><tr><td>31207<\/td><td>K\u00e5lroe tern svenske<\/td><td>2&#215;2,5<\/td><\/tr><tr><td>323020<\/td><td>L\u00f8g skiver<\/td><td>2&#215;2,5<\/td><\/tr><tr><td>32303<\/td><td>L\u00f8g tern 6&#215;6 mm<\/td><td>2&#215;2,5<\/td><\/tr><tr><td>314011<\/td><td>Majs&nbsp;&nbsp;&nbsp;&nbsp;&nbsp;&nbsp;&nbsp;&nbsp;&nbsp;&nbsp;&nbsp;&nbsp;&nbsp;&nbsp;&nbsp;&nbsp;&nbsp;&nbsp;&nbsp;&nbsp;&nbsp;&nbsp;&nbsp;&nbsp;&nbsp;&nbsp;&nbsp;&nbsp;&nbsp;&nbsp;&nbsp;&nbsp;&nbsp;&nbsp;&nbsp;&nbsp;&nbsp;&nbsp;&nbsp;<\/td><td>2&#215;2,5<\/td><\/tr><\/tbody><\/table><\/figure>\n\n\n\n<figure class=\"wp-block-table\"><table class=\"has-fixed-layout\"><tbody><tr><td>32307<\/td><td>Perlel\u00f8g&nbsp;<\/td><td>4&#215;2,5<\/td><\/tr><tr><td>32005<\/td><td>Rosenk\u00e5l 10-25 mm<\/td><td>2&#215;2,5<\/td><\/tr><tr><td>31805<\/td><td>Sojab\u00f8nner kerner (Edamame)<\/td><td>5&#215;1,0<\/td><\/tr><tr><td>31902<\/td><td>Spinat hel portion<\/td><td>4&#215;2,5<\/td><\/tr><tr><td>31903<\/td><td>Spinat hakket portion<\/td><td>2&#215;2,5<\/td><\/tr><tr><td>31101<\/td><td>\u00c6rter fine svenske<\/td><td>4&#215;2,5<\/td><\/tr><tr><td>31102<\/td><td>\u00c6rter mellemfine svenske<\/td><td>2&#215;2,5<\/td><\/tr><tr><td>31103<\/td><td>\u00c6rter mellemfine \u00f8konomi<\/td><td>4&#215;2,5<\/td><\/tr><\/tbody><\/table><\/figure>\n\n\n\n<figure class=\"wp-block-table\"><table class=\"has-fixed-layout\"><tbody><tr><td>&nbsp;<\/td><td>&nbsp;<\/td><td>&nbsp;<\/td><\/tr><tr><td><strong>Varenr.<\/strong><\/td><td><strong>GR\u00d8NTSAGSBLANDINGER<\/strong><\/td><td><strong>Fp\/kg<\/strong><\/td><\/tr><tr><td>32102<\/td><td>Blomk\u00e5lsblanding<\/td><td>2&#215;2,5<\/td><\/tr><tr><td>32103<\/td><td>Broccoliblanding<\/td><td>2&#215;2,5<\/td><\/tr><tr><td>32118<\/td><td>Gulerodsmix kl\u00f8vede svenske<\/td><td>2&#215;2,5<\/td><\/tr><tr><td>31709<\/td><td>Pebermix strimler<\/td><td>2&#215;2,5<\/td><\/tr><tr><td>32105<\/td><td>Suppeurter<\/td><td>2&#215;2,5<\/td><\/tr><tr><td>32100<\/td><td>\u00c6rter \/ guler\u00f8dder tern svenske<\/td><td>2&#215;2,5<\/td><\/tr><\/tbody><\/table><\/figure>\n\n\n\n<figure class=\"wp-block-table\"><table class=\"has-fixed-layout\"><tbody><tr><td>&nbsp;<\/td><td>&nbsp;<\/td><td>&nbsp;<\/td><\/tr><tr><td><strong>Varenr.<\/strong><\/td><td><strong>SVAMPE <\/strong><\/td><td><strong>Fp\/Kg<\/strong><\/td><\/tr><tr><td>34301<\/td><td>Kantareller hele<\/td><td>5&#215;1,0<\/td><\/tr><tr><td>34308<\/td><td>Karl Johan hele<\/td><td>5&#215;1,0<\/td><\/tr><tr><td>34311<\/td><td>Karl Johan stykker<\/td><td>5&#215;1,0<\/td><\/tr><tr><td>&nbsp;<\/td><td>&nbsp;<\/td><td>&nbsp;<\/td><\/tr><tr><td><strong>Varenr.<\/strong><\/td><td><strong>KRYDDEURTER<\/strong><\/td><td><strong>Fp\/Kg<\/strong><\/td><\/tr><tr><td>34418<\/td><td>Dild<\/td><td>5&#215;1,0<\/td><\/tr><tr><td>34417<\/td><td>Persille<\/td><td>5&#215;1,0<\/td><\/tr><\/tbody><\/table><\/figure>\n\n\n\n<p>&nbsp;<\/p>\n","protected":false},"excerpt":{"rendered":"<p>Vore gr\u00f8ntsager produceres med omsorg og med udgangspunkt i hvert produkts unikke krav til jordkvalitet, h\u00f8stvilk\u00e5r og modningstilstand. Vi leverer et bredt sortiment af dybfrosne monogr\u00f8ntsager, sp\u00e6ndende blandinger og specialproducerede gr\u00f8ntsager &#8211; b\u00e5de konventionelt s\u00e5vel som \u00f8kologisk. Vores gr\u00f8ntsager, b\u00e6r og frugt bruges i vid udstr\u00e6kning i f\u00f8devareindustrien til f\u00e6rdigretter, supper og babymad eller som monogr\u00f8ntsager og blandinger til catering- og detailmarkedet. Sp\u00f8rg efter produkterne hos H\u00f8rkram, Dansk Cater, Dagrofa Foodservice, Catering Engros, Procater Aps, A &amp; C Gr\u00f8nttorvets Catering, Epicurean Aps, Condi Aps, Ingwersen A\/S, Greens Engros Aps, Solhjulet A\/S, Kj\u00f8lbro F\u00e6r\u00f8erne. Vores sortimentsliste kan hentes her:&nbsp; Varenr. B\u00c6R &amp; FRUGTER Fp\/Kg 33401 Bromb\u00e6r 2&#215;2,5 33402 Bl\u00e5b\u00e6r vilde svenske 2&#215;2,5 140416 Bl\u00e5b\u00e6r vilde svenske 10&#215;0,5 33207 Granat\u00e6blekerner 5&#215;1,0 33312 Havtorn 5&#215;1,0 33101 Hindb\u00e6r hele 2&#215;2,5 110429 Hindb\u00e6r hele 12&#215;0,75 33001 Jordb\u00e6r 2&#215;2,5 100429 Jordb\u00e6r [&hellip;]<\/p>\n","protected":false},"author":1,"featured_media":0,"parent":2258,"menu_order":4,"comment_status":"closed","ping_status":"open","template":"","meta":{"_monsterinsights_skip_tracking":false,"_monsterinsights_sitenote_active":false,"_monsterinsights_sitenote_note":"","_monsterinsights_sitenote_category":0,"ngg_post_thumbnail":0,"footnotes":""},"class_list":["post-122","page","type-page","status-publish","hentry"],"aioseo_notices":[],"_links":{"self":[{"href":"https:\/\/www.magnihill.se\/dk\/wp-json\/wp\/v2\/pages\/122","targetHints":{"allow":["GET"]}}],"collection":[{"href":"https:\/\/www.magnihill.se\/dk\/wp-json\/wp\/v2\/pages"}],"about":[{"href":"https:\/\/www.magnihill.se\/dk\/wp-json\/wp\/v2\/types\/page"}],"author":[{"embeddable":true,"href":"https:\/\/www.magnihill.se\/dk\/wp-json\/wp\/v2\/users\/1"}],"replies":[{"embeddable":true,"href":"https:\/\/www.magnihill.se\/dk\/wp-json\/wp\/v2\/comments?post=122"}],"version-history":[{"count":3,"href":"https:\/\/www.magnihill.se\/dk\/wp-json\/wp\/v2\/pages\/122\/revisions"}],"predecessor-version":[{"id":2300,"href":"https:\/\/www.magnihill.se\/dk\/wp-json\/wp\/v2\/pages\/122\/revisions\/2300"}],"up":[{"embeddable":true,"href":"https:\/\/www.magnihill.se\/dk\/wp-json\/wp\/v2\/pages\/2258"}],"wp:attachment":[{"href":"https:\/\/www.magnihill.se\/dk\/wp-json\/wp\/v2\/media?parent=122"}],"curies":[{"name":"wp","href":"https:\/\/api.w.org\/{rel}","templated":true}]}}